{"id":33542,"date":"2026-04-02T20:31:03","date_gmt":"2026-04-02T17:31:03","guid":{"rendered":"http:\/\/new.ceasuri.md\/shop\/uncategorized\/issey-miyake-v-nyac002y\/"},"modified":"2026-04-20T00:27:52","modified_gmt":"2026-04-19T21:27:52","slug":"issey-miyake-v-nyac002y","status":"publish","type":"product","link":"https:\/\/ceasuri.md\/ru\/shop\/branduri\/issey-miyake\/issey-miyake-v-nyac002y\/","title":{"rendered":"\u0427\u0430\u0441\u044b ISSEY MIYAKE V NYAC002Y"},"content":{"rendered":"<p>Calitatea \u00eenalt\u0103 a produc\u021biei \u0219i designul unic al produselor oferite au atras rapid aten\u021bia adev\u0103ra\u021bilor cunosc\u0103tori de frumuse\u021be.<\/p>\n<p>Ast\u0103zi, ceasurile Issey Miyake sunt v\u00e2ndute \u00een \u00eentreaga lume. Modelele Issey Miyake pot fi g\u0103site \u00een mai mult de 30 de \u021b\u0103ri de pe diferite continente.<\/p>\n<p>Ceasuri cu cuar\u021b. Carcas\u0103 \u0219i br\u0103\u021bar\u0103 din o\u021bel inoxidabil. Sticl\u0103 mineral\u0103. Diametru 16,2 mm. WR30<\/p>","protected":false},"excerpt":{"rendered":"<p>Calitatea \u00eenalt\u0103 a produc\u021biei \u0219i designul unic al produselor oferite au atras rapid aten\u021bia adev\u0103ra\u021bilor cunosc\u0103tori de frumuse\u021be. Ast\u0103zi, ceasurile Issey Miyake sunt v\u00e2ndute \u00een \u00eentreaga lume. Modelele Issey Miyake pot fi g\u0103site \u00een mai mult de 30 de \u021b\u0103ri de pe diferite continente. Ceasuri cu cuar\u021b. Carcas\u0103 \u0219i br\u0103\u021bar\u0103 din o\u021bel inoxidabil. Sticl\u0103 mineral\u0103. [&hellip;]<\/p>\n","protected":false},"featured_media":33543,"comment_status":"closed","ping_status":"open","template":"","meta":{"_acf_changed":false},"product_brand":[],"product_cat":[25,568,26],"product_tag":[],"class_list":{"0":"post-33542","1":"product","2":"type-product","3":"status-publish","4":"has-post-thumbnail","6":"product_cat-ceasuri-dama","7":"product_cat-issey-miyake","8":"product_cat-sale-ceas-de-dama","9":"pa_brand-issey-miyake","10":"pa_braslet-otel-inoxidabil","11":"pa_corpus-16-mm","12":"pa_forma-atipica","13":"pa_garatia-6-luni","14":"pa_korpus-argintiu","15":"pa_kvarc-quartz","16":"pa_material-otel-inoxidabil","17":"pa_mehanizm-quartz","18":"pa_remeshok-argintiu","19":"pa_steklo-cristal-mineral","20":"pa_strana-japonia","21":"pa_voda-3-atm","23":"first","24":"instock","25":"sale","26":"purchasable","27":"product-type-simple"},"acf":[],"_links":{"self":[{"href":"https:\/\/ceasuri.md\/ru\/wp-json\/wp\/v2\/product\/33542","targetHints":{"allow":["GET"]}}],"collection":[{"href":"https:\/\/ceasuri.md\/ru\/wp-json\/wp\/v2\/product"}],"about":[{"href":"https:\/\/ceasuri.md\/ru\/wp-json\/wp\/v2\/types\/product"}],"replies":[{"embeddable":true,"href":"https:\/\/ceasuri.md\/ru\/wp-json\/wp\/v2\/comments?post=33542"}],"wp:featuredmedia":[{"embeddable":true,"href":"https:\/\/ceasuri.md\/ru\/wp-json\/wp\/v2\/media\/33543"}],"wp:attachment":[{"href":"https:\/\/ceasuri.md\/ru\/wp-json\/wp\/v2\/media?parent=33542"}],"wp:term":[{"taxonomy":"product_brand","embeddable":true,"href":"https:\/\/ceasuri.md\/ru\/wp-json\/wp\/v2\/product_brand?post=33542"},{"taxonomy":"product_cat","embeddable":true,"href":"https:\/\/ceasuri.md\/ru\/wp-json\/wp\/v2\/product_cat?post=33542"},{"taxonomy":"product_tag","embeddable":true,"href":"https:\/\/ceasuri.md\/ru\/wp-json\/wp\/v2\/product_tag?post=33542"}],"curies":[{"name":"wp","href":"https:\/\/api.w.org\/{rel}","templated":true}]}}