{"id":33465,"date":"2026-04-02T20:29:57","date_gmt":"2026-04-02T17:29:57","guid":{"rendered":"http:\/\/new.ceasuri.md\/shop\/uncategorized\/casio-collection-mtp-1314pl-8avef\/"},"modified":"2026-04-17T13:11:53","modified_gmt":"2026-04-17T10:11:53","slug":"casio-collection-mtp-1314pl-8avef","status":"publish","type":"product","link":"https:\/\/ceasuri.md\/ru\/shop\/branduri\/casio\/casio-collection-mtp-1314pl-8avef\/","title":{"rendered":"Ceas CASIO COLLECTION MTP-1314PL-8AVEF"},"content":{"rendered":"<p>Casio analizeaz\u0103 cu aten\u021bie viitorul ceasurilor de m\u00e2n\u0103. Scopul este un ceas care s\u0103 fie solicitat \u00eentr-o varietate de aplica\u021bii \u0219i care s\u0103 arate ora cu cea mai mare precizie.<\/p>\n<p>Casio acord\u0103 cea mai mare aten\u021bie fiec\u0103rui detaliu \u00een produc\u021bia ceasurilor sale, utiliz\u00e2nd poten\u021bialul ascuns nelimitat al electronicii \u0219i introduc\u00e2nd tehnologii care nu sunt disponibile pentru al\u021bi produc\u0103tori.<\/p>\n<p>In procesul de creare a noilor ceasuri, Casio nu se limiteaz\u0103 la g\u00e2ndirea standard, ci ia cele mai \u00eendr\u0103zne\u021be decizii.<\/p>\n<p>Ceas simplu \u0219i confortabil, cu un cadran rotund mare, este ideal pentru fiecare zi. Coroan\u0103 protejat\u0103.<\/p>","protected":false},"excerpt":{"rendered":"<p>Casio analizeaz\u0103 cu aten\u021bie viitorul ceasurilor de m\u00e2n\u0103. Scopul este un ceas care s\u0103 fie solicitat \u00eentr-o varietate de aplica\u021bii \u0219i care s\u0103 arate ora cu cea mai mare precizie. Casio acord\u0103 cea mai mare aten\u021bie fiec\u0103rui detaliu \u00een produc\u021bia ceasurilor sale, utiliz\u00e2nd poten\u021bialul ascuns nelimitat al electronicii \u0219i introduc\u00e2nd tehnologii care nu sunt disponibile [&hellip;]<\/p>\n","protected":false},"featured_media":33466,"comment_status":"closed","ping_status":"open","template":"","meta":{"_acf_changed":false},"product_brand":[],"product_cat":[27,20],"product_tag":[],"class_list":{"0":"post-33465","1":"product","2":"type-product","3":"status-publish","4":"has-post-thumbnail","6":"product_cat-casio","7":"product_cat-ceasuri-barbati","8":"pa_brand-casio","9":"pa_braslet-piele","10":"pa_corpus-45-mm","11":"pa_forma-rotund","12":"pa_funcii-data","13":"pa_garatia-24-luni","14":"pa_korpus-argintiu","15":"pa_kvarc-quartz","16":"pa_material-alama","17":"pa_mehanizm-quartz","18":"pa_remeshok-negru","19":"pa_steklo-cristal-mineral","20":"pa_strana-japonia","21":"pa_voda-5-atm","23":"first","24":"instock","25":"purchasable","26":"product-type-simple"},"acf":[],"_links":{"self":[{"href":"https:\/\/ceasuri.md\/ru\/wp-json\/wp\/v2\/product\/33465","targetHints":{"allow":["GET"]}}],"collection":[{"href":"https:\/\/ceasuri.md\/ru\/wp-json\/wp\/v2\/product"}],"about":[{"href":"https:\/\/ceasuri.md\/ru\/wp-json\/wp\/v2\/types\/product"}],"replies":[{"embeddable":true,"href":"https:\/\/ceasuri.md\/ru\/wp-json\/wp\/v2\/comments?post=33465"}],"wp:featuredmedia":[{"embeddable":true,"href":"https:\/\/ceasuri.md\/ru\/wp-json\/wp\/v2\/media\/33466"}],"wp:attachment":[{"href":"https:\/\/ceasuri.md\/ru\/wp-json\/wp\/v2\/media?parent=33465"}],"wp:term":[{"taxonomy":"product_brand","embeddable":true,"href":"https:\/\/ceasuri.md\/ru\/wp-json\/wp\/v2\/product_brand?post=33465"},{"taxonomy":"product_cat","embeddable":true,"href":"https:\/\/ceasuri.md\/ru\/wp-json\/wp\/v2\/product_cat?post=33465"},{"taxonomy":"product_tag","embeddable":true,"href":"https:\/\/ceasuri.md\/ru\/wp-json\/wp\/v2\/product_tag?post=33465"}],"curies":[{"name":"wp","href":"https:\/\/api.w.org\/{rel}","templated":true}]}}