{"id":33410,"date":"2026-04-02T20:29:57","date_gmt":"2026-04-02T17:29:57","guid":{"rendered":"http:\/\/new.ceasuri.md\/shop\/uncategorized\/casio-collection-mtp-1303pd-2aveg\/"},"modified":"2026-04-07T03:26:29","modified_gmt":"2026-04-07T00:26:29","slug":"casio-collection-mtp-1303pd-2aveg","status":"publish","type":"product","link":"https:\/\/ceasuri.md\/ru\/shop\/branduri\/casio\/casio-collection-mtp-1303pd-2aveg\/","title":{"rendered":"Ceas CASIO COLLECTION MTP-1303PD-2AVEG"},"content":{"rendered":"<p>Casio analizeaz\u0103 cu aten\u021bie viitorul ceasurilor de m\u00e2n\u0103.Scopul este un ceas care s\u0103 fie solicitat \u00een diverse domenii de aplicare \u0219i s\u0103 afi\u0219eze ora cu cea mai mare precizie.<\/p>\n<p>La producerea ceasurilor, Casio acord\u0103 o aten\u021bie maxim\u0103 fiec\u0103rui detaliu, utiliz\u00e2nd poten\u021bialul ascuns nelimitat al electronicii \u0219i introduc\u00e2nd tehnologii care nu sunt disponibile pentru al\u021bi produc\u0103tori.<\/p>\n<p>In procesul de creare a noilor ceasuri, Casio nu se limiteaz\u0103 la g\u00e2ndirea standard, ci ia cele mai \u00eendr\u0103zne\u021be decizii.<\/p>\n<p>Ceas practic \u0219i u\u0219or de utilizat. Un accesoriu excelent pentru un stil casual.<\/p>","protected":false},"excerpt":{"rendered":"<p>Casio analizeaz\u0103 cu aten\u021bie viitorul ceasurilor de m\u00e2n\u0103.Scopul este un ceas care s\u0103 fie solicitat \u00een diverse domenii de aplicare \u0219i s\u0103 afi\u0219eze ora cu cea mai mare precizie. La producerea ceasurilor, Casio acord\u0103 o aten\u021bie maxim\u0103 fiec\u0103rui detaliu, utiliz\u00e2nd poten\u021bialul ascuns nelimitat al electronicii \u0219i introduc\u00e2nd tehnologii care nu sunt disponibile pentru al\u021bi produc\u0103tori. [&hellip;]<\/p>\n","protected":false},"featured_media":33411,"comment_status":"closed","ping_status":"open","template":"","meta":{"_acf_changed":false},"product_brand":[],"product_cat":[27,20],"product_tag":[],"class_list":{"0":"post-33410","1":"product","2":"type-product","3":"status-publish","4":"has-post-thumbnail","6":"product_cat-casio","7":"product_cat-ceasuri-barbati","8":"pa_brand-casio","9":"pa_braslet-otel-inoxidabil","10":"pa_corpus-40-mm","11":"pa_forma-rotund","12":"pa_funcii-iluminare","13":"pa_garatia-24-luni","14":"pa_korpus-argintiu","15":"pa_material-alama","16":"pa_mehanizm-quartz","17":"pa_remeshok-argintiu","18":"pa_steklo-cristal-mineral","19":"pa_strana-japonia","20":"pa_voda-5-atm","22":"first","23":"instock","24":"purchasable","25":"product-type-simple"},"acf":[],"_links":{"self":[{"href":"https:\/\/ceasuri.md\/ru\/wp-json\/wp\/v2\/product\/33410","targetHints":{"allow":["GET"]}}],"collection":[{"href":"https:\/\/ceasuri.md\/ru\/wp-json\/wp\/v2\/product"}],"about":[{"href":"https:\/\/ceasuri.md\/ru\/wp-json\/wp\/v2\/types\/product"}],"replies":[{"embeddable":true,"href":"https:\/\/ceasuri.md\/ru\/wp-json\/wp\/v2\/comments?post=33410"}],"wp:featuredmedia":[{"embeddable":true,"href":"https:\/\/ceasuri.md\/ru\/wp-json\/wp\/v2\/media\/33411"}],"wp:attachment":[{"href":"https:\/\/ceasuri.md\/ru\/wp-json\/wp\/v2\/media?parent=33410"}],"wp:term":[{"taxonomy":"product_brand","embeddable":true,"href":"https:\/\/ceasuri.md\/ru\/wp-json\/wp\/v2\/product_brand?post=33410"},{"taxonomy":"product_cat","embeddable":true,"href":"https:\/\/ceasuri.md\/ru\/wp-json\/wp\/v2\/product_cat?post=33410"},{"taxonomy":"product_tag","embeddable":true,"href":"https:\/\/ceasuri.md\/ru\/wp-json\/wp\/v2\/product_tag?post=33410"}],"curies":[{"name":"wp","href":"https:\/\/api.w.org\/{rel}","templated":true}]}}