{"id":33225,"date":"2026-04-02T20:28:22","date_gmt":"2026-04-02T17:28:22","guid":{"rendered":"http:\/\/new.ceasuri.md\/shop\/uncategorized\/casio-collection-mtd-1073-1a1\/"},"modified":"2026-04-20T00:09:56","modified_gmt":"2026-04-19T21:09:56","slug":"casio-collection-mtd-1073-1a1","status":"publish","type":"product","link":"https:\/\/ceasuri.md\/ru\/shop\/branduri\/casio\/casio-collection-mtd-1073-1a1\/","title":{"rendered":"\u0427\u0430\u0441\u044b CASIO COLLECTION MTD-1073-1A1"},"content":{"rendered":"<p>Casio analizeaz\u0103 cu aten\u021bie viitorul ceasurilor de m\u00e2n\u0103.Scopul este un ceas care s\u0103 fie solicitat \u00een diverse domenii de aplicare \u0219i s\u0103 afi\u0219eze ora cu cea mai mare precizie.<\/p>\n<p>La producerea ceasurilor, Casio acord\u0103 o aten\u021bie maxim\u0103 fiec\u0103rui detaliu, utiliz\u00e2nd poten\u021bialul ascuns nelimitat al electronicii \u0219i introduc\u00e2nd tehnologii care nu sunt disponibile pentru al\u021bi produc\u0103tori.<\/p>\n<p>In procesul de creare a noilor ceasuri, Casio nu se limiteaz\u0103 la g\u00e2ndirea standard, ci ia cele mai \u00eendr\u0103zne\u021be decizii.<\/p>\n<p>Cureaua din plastic \u0219i luneta rotativ\u0103 sunt atribute obligatorii ale ceasurilor de stil sportiv. Stratul de acoperire a lunetei care absoarbe umina continu\u0103 s\u0103 str\u0103luceasc\u0103 \u00een \u00eentuneric chiar \u0219i dup\u0103 o perioad\u0103 scurt\u0103 de timp \u00een lumin\u0103. Luneta se rote\u0219te \u00eentr-o singur\u0103 direc\u021bie. Fundul carcasei cu \u00eenchidere cu \u0219urub.<\/p>","protected":false},"excerpt":{"rendered":"<p>Casio analizeaz\u0103 cu aten\u021bie viitorul ceasurilor de m\u00e2n\u0103.Scopul este un ceas care s\u0103 fie solicitat \u00een diverse domenii de aplicare \u0219i s\u0103 afi\u0219eze ora cu cea mai mare precizie. La producerea ceasurilor, Casio acord\u0103 o aten\u021bie maxim\u0103 fiec\u0103rui detaliu, utiliz\u00e2nd poten\u021bialul ascuns nelimitat al electronicii \u0219i introduc\u00e2nd tehnologii care nu sunt disponibile pentru al\u021bi produc\u0103tori. [&hellip;]<\/p>\n","protected":false},"featured_media":33226,"comment_status":"closed","ping_status":"open","template":"","meta":{"_acf_changed":false},"product_brand":[],"product_cat":[27,20],"product_tag":[],"class_list":{"0":"post-33225","1":"product","2":"type-product","3":"status-publish","4":"has-post-thumbnail","6":"product_cat-casio","7":"product_cat-ceasuri-barbati","8":"pa_brand-casio","9":"pa_braslet-plastic","10":"pa_corpus-45-mm","11":"pa_forma-rotund","12":"pa_funcii-data","13":"pa_garatia-24-luni","14":"pa_korpus-violet","15":"pa_kvarc-quartz","16":"pa_material-otel-inoxidabil","17":"pa_mehanizm-quartz","18":"pa_remeshok-negru","19":"pa_steklo-cristal-mineral","20":"pa_strana-japonia","21":"pa_voda-10-atm","23":"first","24":"instock","25":"purchasable","26":"product-type-simple"},"acf":[],"_links":{"self":[{"href":"https:\/\/ceasuri.md\/ru\/wp-json\/wp\/v2\/product\/33225","targetHints":{"allow":["GET"]}}],"collection":[{"href":"https:\/\/ceasuri.md\/ru\/wp-json\/wp\/v2\/product"}],"about":[{"href":"https:\/\/ceasuri.md\/ru\/wp-json\/wp\/v2\/types\/product"}],"replies":[{"embeddable":true,"href":"https:\/\/ceasuri.md\/ru\/wp-json\/wp\/v2\/comments?post=33225"}],"wp:featuredmedia":[{"embeddable":true,"href":"https:\/\/ceasuri.md\/ru\/wp-json\/wp\/v2\/media\/33226"}],"wp:attachment":[{"href":"https:\/\/ceasuri.md\/ru\/wp-json\/wp\/v2\/media?parent=33225"}],"wp:term":[{"taxonomy":"product_brand","embeddable":true,"href":"https:\/\/ceasuri.md\/ru\/wp-json\/wp\/v2\/product_brand?post=33225"},{"taxonomy":"product_cat","embeddable":true,"href":"https:\/\/ceasuri.md\/ru\/wp-json\/wp\/v2\/product_cat?post=33225"},{"taxonomy":"product_tag","embeddable":true,"href":"https:\/\/ceasuri.md\/ru\/wp-json\/wp\/v2\/product_tag?post=33225"}],"curies":[{"name":"wp","href":"https:\/\/api.w.org\/{rel}","templated":true}]}}