{"id":33127,"date":"2026-04-02T20:27:04","date_gmt":"2026-04-02T17:27:04","guid":{"rendered":"http:\/\/new.ceasuri.md\/shop\/uncategorized\/fossil-townsman-automatic-me3110\/"},"modified":"2026-04-20T00:24:52","modified_gmt":"2026-04-19T21:24:52","slug":"fossil-townsman-automatic-me3110","status":"publish","type":"product","link":"https:\/\/ceasuri.md\/ru\/shop\/branduri\/fossil\/fossil-townsman-automatic-me3110\/","title":{"rendered":"Ceas FOSSIL TOWNSMAN AUTOMATIC ME3110"},"content":{"rendered":"<p>O combina\u021bie unic\u0103 de clasic \u0219i modern &#8211; cea mai bun\u0103 alegere pentru b\u0103rba\u021bii \u00eencrez\u0103tori.<\/p>\n<p>Ceas de m\u00e2n\u0103 cu o carcas\u0103 rotund\u0103 din o\u021bel. Format de timp de 12 \u0219i 24 de ore.<\/p>\n<p>Cadran cu semne de liniu\u021b\u0103 \u0219i cifre romane. M\u00e2na a doua este plasat\u0103 pe un cadran separat.<\/p>\n<p>Printr-o fereastr\u0103 transparent\u0103 pe cadran pute\u021bi observa activitatea mecanismului ceasului. Fund transparent al carcasei.<\/p>\n<p>Coroan\u0103 canelat\u0103. Curea din piele cu cataram\u0103 clasic\u0103.<\/p>","protected":false},"excerpt":{"rendered":"<p>O combina\u021bie unic\u0103 de clasic \u0219i modern &#8211; cea mai bun\u0103 alegere pentru b\u0103rba\u021bii \u00eencrez\u0103tori. Ceas de m\u00e2n\u0103 cu o carcas\u0103 rotund\u0103 din o\u021bel. Format de timp de 12 \u0219i 24 de ore. Cadran cu semne de liniu\u021b\u0103 \u0219i cifre romane. M\u00e2na a doua este plasat\u0103 pe un cadran separat. Printr-o fereastr\u0103 transparent\u0103 pe cadran [&hellip;]<\/p>\n","protected":false},"featured_media":33128,"comment_status":"closed","ping_status":"open","template":"","meta":{"_acf_changed":false},"product_brand":[],"product_cat":[20,396],"product_tag":[],"class_list":{"0":"post-33127","1":"product","2":"type-product","3":"status-publish","4":"has-post-thumbnail","6":"product_cat-ceasuri-barbati","7":"product_cat-fossil","8":"pa_brand-fossil","9":"pa_braslet-piele","10":"pa_corpus-44-mm","11":"pa_forma-rotund","12":"pa_funcii-offset-second-hand","13":"pa_funcii-semischelet","14":"pa_garatia-24-luni","15":"pa_korpus-argintiu","16":"pa_material-otel-inoxidabil","17":"pa_mehanizm-mecanism-automatic","18":"pa_remeshok-maro","19":"pa_steklo-cristal-mineral","20":"pa_strana-sua","21":"pa_voda-5-atm","23":"first","24":"instock","25":"purchasable","26":"product-type-simple"},"acf":[],"_links":{"self":[{"href":"https:\/\/ceasuri.md\/ru\/wp-json\/wp\/v2\/product\/33127","targetHints":{"allow":["GET"]}}],"collection":[{"href":"https:\/\/ceasuri.md\/ru\/wp-json\/wp\/v2\/product"}],"about":[{"href":"https:\/\/ceasuri.md\/ru\/wp-json\/wp\/v2\/types\/product"}],"replies":[{"embeddable":true,"href":"https:\/\/ceasuri.md\/ru\/wp-json\/wp\/v2\/comments?post=33127"}],"wp:featuredmedia":[{"embeddable":true,"href":"https:\/\/ceasuri.md\/ru\/wp-json\/wp\/v2\/media\/33128"}],"wp:attachment":[{"href":"https:\/\/ceasuri.md\/ru\/wp-json\/wp\/v2\/media?parent=33127"}],"wp:term":[{"taxonomy":"product_brand","embeddable":true,"href":"https:\/\/ceasuri.md\/ru\/wp-json\/wp\/v2\/product_brand?post=33127"},{"taxonomy":"product_cat","embeddable":true,"href":"https:\/\/ceasuri.md\/ru\/wp-json\/wp\/v2\/product_cat?post=33127"},{"taxonomy":"product_tag","embeddable":true,"href":"https:\/\/ceasuri.md\/ru\/wp-json\/wp\/v2\/product_tag?post=33127"}],"curies":[{"name":"wp","href":"https:\/\/api.w.org\/{rel}","templated":true}]}}