{"id":33056,"date":"2026-04-02T20:27:04","date_gmt":"2026-04-02T17:27:04","guid":{"rendered":"http:\/\/new.ceasuri.md\/shop\/uncategorized\/fossil-townsman-automatic-me3041\/"},"modified":"2026-04-20T00:24:48","modified_gmt":"2026-04-19T21:24:48","slug":"fossil-townsman-automatic-me3041","status":"publish","type":"product","link":"https:\/\/ceasuri.md\/ru\/shop\/branduri\/fossil\/fossil-townsman-automatic-me3041\/","title":{"rendered":"\u0427\u0430\u0441\u044b FOSSIL TOWNSMAN AUTOMATIC ME3041"},"content":{"rendered":"<p>T\u00e2n\u0103r, activ, inteligent, cu un bun sim\u021b al stilului, perfect con\u0219tient de toate regulile jocului cu culoarea&#8230;.. Ceasurile Fossil te caut\u0103!<\/p>\n<p>Tinerii din \u00eentreaga lume aleg hainele \u0219i accesoriile acestui brand pentru designul lor unic, \u00een care elementele retro coexist\u0103 str\u0103lucitor cu notele moderne, cre\u00e2nd o uniune armonioas\u0103.<\/p>\n<p>Un ceas mecanic foarte elegant, cu cadran transparent (skeleton), care are o mi\u0219care manual\u0103 \u0219i automat\u0103 cu arc de \u00eenf\u0103\u0219urare.<\/p>\n<p>Acest model este caracterizat de un design foarte spectaculos. Va fi perfect pentru b\u0103rba\u021bii puternici \u0219i \u00eencrez\u0103tori \u00een ei \u00een\u0219i\u0219i, care sunt obi\u0219nui\u021bi s\u0103 fie \u00een centrul aten\u021biei \u0219i s\u0103 ias\u0103 \u00een eviden\u021b\u0103 din mul\u021bime.<\/p>","protected":false},"excerpt":{"rendered":"<p>T\u00e2n\u0103r, activ, inteligent, cu un bun sim\u021b al stilului, perfect con\u0219tient de toate regulile jocului cu culoarea&#8230;.. Ceasurile Fossil te caut\u0103! Tinerii din \u00eentreaga lume aleg hainele \u0219i accesoriile acestui brand pentru designul lor unic, \u00een care elementele retro coexist\u0103 str\u0103lucitor cu notele moderne, cre\u00e2nd o uniune armonioas\u0103. Un ceas mecanic foarte elegant, cu cadran [&hellip;]<\/p>\n","protected":false},"featured_media":33057,"comment_status":"closed","ping_status":"open","template":"","meta":{"_acf_changed":false},"product_brand":[],"product_cat":[20,396],"product_tag":[],"class_list":{"0":"post-33056","1":"product","2":"type-product","3":"status-publish","4":"has-post-thumbnail","6":"product_cat-ceasuri-barbati","7":"product_cat-fossil","8":"pa_brand-fossil","9":"pa_braslet-piele","10":"pa_corpus-44-mm","11":"pa_forma-rotund","12":"pa_funcii-schelet","13":"pa_garatia-24-luni","14":"pa_korpus-argintiu","15":"pa_material-otel-inoxidabil","16":"pa_mehanizm-mecanic","17":"pa_mehanizm-mecanism-automatic","18":"pa_remeshok-negru","19":"pa_steklo-cristal-mineral","20":"pa_strana-sua","21":"pa_voda-5-atm","23":"first","24":"instock","25":"purchasable","26":"product-type-simple"},"acf":[],"_links":{"self":[{"href":"https:\/\/ceasuri.md\/ru\/wp-json\/wp\/v2\/product\/33056","targetHints":{"allow":["GET"]}}],"collection":[{"href":"https:\/\/ceasuri.md\/ru\/wp-json\/wp\/v2\/product"}],"about":[{"href":"https:\/\/ceasuri.md\/ru\/wp-json\/wp\/v2\/types\/product"}],"replies":[{"embeddable":true,"href":"https:\/\/ceasuri.md\/ru\/wp-json\/wp\/v2\/comments?post=33056"}],"wp:featuredmedia":[{"embeddable":true,"href":"https:\/\/ceasuri.md\/ru\/wp-json\/wp\/v2\/media\/33057"}],"wp:attachment":[{"href":"https:\/\/ceasuri.md\/ru\/wp-json\/wp\/v2\/media?parent=33056"}],"wp:term":[{"taxonomy":"product_brand","embeddable":true,"href":"https:\/\/ceasuri.md\/ru\/wp-json\/wp\/v2\/product_brand?post=33056"},{"taxonomy":"product_cat","embeddable":true,"href":"https:\/\/ceasuri.md\/ru\/wp-json\/wp\/v2\/product_cat?post=33056"},{"taxonomy":"product_tag","embeddable":true,"href":"https:\/\/ceasuri.md\/ru\/wp-json\/wp\/v2\/product_tag?post=33056"}],"curies":[{"name":"wp","href":"https:\/\/api.w.org\/{rel}","templated":true}]}}