{"id":33023,"date":"2026-04-02T20:26:29","date_gmt":"2026-04-02T17:26:29","guid":{"rendered":"http:\/\/new.ceasuri.md\/shop\/uncategorized\/cover-reflection-m3-st11lbk\/"},"modified":"2026-04-07T03:24:52","modified_gmt":"2026-04-07T00:24:52","slug":"cover-reflection-m3-st11lbk","status":"publish","type":"product","link":"https:\/\/ceasuri.md\/ru\/shop\/branduri\/cover\/cover-reflection-m3-st11lbk\/","title":{"rendered":"Ceas COVER REFLECTION M3.ST11LBK"},"content":{"rendered":"<p>Ceasurile Cover \u00eendeplinesc toate standardele de calitate elve\u021bian\u0103.<\/p>\n<p>Acesta este at\u00e2t hidrofug, c\u00e2t \u0219i rezistent la \u0219ocuri.<\/p>\n<p>La exterior, ceasurile Cover sunt foarte atractive, elegante \u0219i originale.<\/p>\n<p>Acest ceas v\u0103 va permite s\u0103 economisi\u021bi ceva bani, oferindu-v\u0103 \u00een acela\u0219i timp performan\u021bele excelente ale unui ceas elve\u021bian autentic.<\/p>","protected":false},"excerpt":{"rendered":"<p>Ceasurile Cover \u00eendeplinesc toate standardele de calitate elve\u021bian\u0103. Acesta este at\u00e2t hidrofug, c\u00e2t \u0219i rezistent la \u0219ocuri. La exterior, ceasurile Cover sunt foarte atractive, elegante \u0219i originale. Acest ceas v\u0103 va permite s\u0103 economisi\u021bi ceva bani, oferindu-v\u0103 \u00een acela\u0219i timp performan\u021bele excelente ale unui ceas elve\u021bian autentic.<\/p>","protected":false},"featured_media":33024,"comment_status":"closed","ping_status":"open","template":"","meta":{"_acf_changed":false},"product_brand":[],"product_cat":[20,204],"product_tag":[595,691,692],"class_list":{"0":"post-33023","1":"product","2":"type-product","3":"status-publish","4":"has-post-thumbnail","6":"product_cat-ceasuri-barbati","7":"product_cat-cover","8":"product_tag-cronograf","9":"product_tag-691","10":"product_tag-692","11":"pa_brand-cover","12":"pa_braslet-piele","13":"pa_corpus-42-mm","14":"pa_forma-rotund","15":"pa_funcii-data","16":"pa_garatia-24-luni","17":"pa_korpus-argintiu","18":"pa_material-otel-inoxidabil","19":"pa_mehanizm-mecanic","20":"pa_mehanizm-mecanism-automatic","21":"pa_remeshok-negru","22":"pa_steklo-cristal-safir","23":"pa_strana-elvetia","24":"pa_voda-10-atm","26":"first","27":"instock","28":"purchasable","29":"product-type-simple"},"acf":[],"_links":{"self":[{"href":"https:\/\/ceasuri.md\/ru\/wp-json\/wp\/v2\/product\/33023","targetHints":{"allow":["GET"]}}],"collection":[{"href":"https:\/\/ceasuri.md\/ru\/wp-json\/wp\/v2\/product"}],"about":[{"href":"https:\/\/ceasuri.md\/ru\/wp-json\/wp\/v2\/types\/product"}],"replies":[{"embeddable":true,"href":"https:\/\/ceasuri.md\/ru\/wp-json\/wp\/v2\/comments?post=33023"}],"wp:featuredmedia":[{"embeddable":true,"href":"https:\/\/ceasuri.md\/ru\/wp-json\/wp\/v2\/media\/33024"}],"wp:attachment":[{"href":"https:\/\/ceasuri.md\/ru\/wp-json\/wp\/v2\/media?parent=33023"}],"wp:term":[{"taxonomy":"product_brand","embeddable":true,"href":"https:\/\/ceasuri.md\/ru\/wp-json\/wp\/v2\/product_brand?post=33023"},{"taxonomy":"product_cat","embeddable":true,"href":"https:\/\/ceasuri.md\/ru\/wp-json\/wp\/v2\/product_cat?post=33023"},{"taxonomy":"product_tag","embeddable":true,"href":"https:\/\/ceasuri.md\/ru\/wp-json\/wp\/v2\/product_tag?post=33023"}],"curies":[{"name":"wp","href":"https:\/\/api.w.org\/{rel}","templated":true}]}}