{"id":32889,"date":"2026-04-02T20:25:25","date_gmt":"2026-04-02T17:25:25","guid":{"rendered":"http:\/\/new.ceasuri.md\/shop\/uncategorized\/casio-collection-ltp-1263pg-7beg\/"},"modified":"2026-04-07T03:24:22","modified_gmt":"2026-04-07T00:24:22","slug":"casio-collection-ltp-1263pg-7beg","status":"publish","type":"product","link":"https:\/\/ceasuri.md\/ru\/shop\/branduri\/casio\/casio-collection-ltp-1263pg-7beg\/","title":{"rendered":"Ceas CASIO COLLECTION LTP-1263PG-7BEG"},"content":{"rendered":"<p>Este accesoriul perfect pentru orice ocazie.<\/p>\n<p>In inima ceasului se afl\u0103 o mi\u0219care precis\u0103 cu cuar\u021b.<\/p>\n<p>Br\u0103\u021bara din o\u021bel argintiu-auriu este confortabil\u0103 la utilizare \u0219i se \u00eembin\u0103 perfect cu celelalte elemente ale ceasului.<\/p>\n<p>Cadranul alb este protejat de deterior\u0103ri, deoarece ceasul este echipat cu o sticl\u0103 mineral\u0103 fiabil\u0103.<\/p>\n<p>Rezisten\u021ba la ap\u0103 de 30 de metri protejeaz\u0103 de mici stropi de ap\u0103.<\/p>","protected":false},"excerpt":{"rendered":"<p>Este accesoriul perfect pentru orice ocazie. In inima ceasului se afl\u0103 o mi\u0219care precis\u0103 cu cuar\u021b. Br\u0103\u021bara din o\u021bel argintiu-auriu este confortabil\u0103 la utilizare \u0219i se \u00eembin\u0103 perfect cu celelalte elemente ale ceasului. Cadranul alb este protejat de deterior\u0103ri, deoarece ceasul este echipat cu o sticl\u0103 mineral\u0103 fiabil\u0103. Rezisten\u021ba la ap\u0103 de 30 de metri [&hellip;]<\/p>\n","protected":false},"featured_media":32890,"comment_status":"closed","ping_status":"open","template":"","meta":{"_acf_changed":false},"product_brand":[],"product_cat":[27,25],"product_tag":[],"class_list":{"0":"post-32889","1":"product","2":"type-product","3":"status-publish","4":"has-post-thumbnail","6":"product_cat-casio","7":"product_cat-ceasuri-dama","8":"pa_brand-casio","9":"pa_braslet-otel-inoxidabil","10":"pa_corpus-33-mm","11":"pa_forma-rotund","12":"pa_garatia-24-luni","13":"pa_korpus-auriu","14":"pa_material-alama","15":"pa_mehanizm-quartz","16":"pa_remeshok-argintiu","17":"pa_remeshok-auriu","18":"pa_steklo-cristal-mineral","19":"pa_strana-japonia","20":"pa_voda-3-atm","22":"first","23":"instock","24":"purchasable","25":"product-type-simple"},"acf":[],"_links":{"self":[{"href":"https:\/\/ceasuri.md\/ru\/wp-json\/wp\/v2\/product\/32889","targetHints":{"allow":["GET"]}}],"collection":[{"href":"https:\/\/ceasuri.md\/ru\/wp-json\/wp\/v2\/product"}],"about":[{"href":"https:\/\/ceasuri.md\/ru\/wp-json\/wp\/v2\/types\/product"}],"replies":[{"embeddable":true,"href":"https:\/\/ceasuri.md\/ru\/wp-json\/wp\/v2\/comments?post=32889"}],"wp:featuredmedia":[{"embeddable":true,"href":"https:\/\/ceasuri.md\/ru\/wp-json\/wp\/v2\/media\/32890"}],"wp:attachment":[{"href":"https:\/\/ceasuri.md\/ru\/wp-json\/wp\/v2\/media?parent=32889"}],"wp:term":[{"taxonomy":"product_brand","embeddable":true,"href":"https:\/\/ceasuri.md\/ru\/wp-json\/wp\/v2\/product_brand?post=32889"},{"taxonomy":"product_cat","embeddable":true,"href":"https:\/\/ceasuri.md\/ru\/wp-json\/wp\/v2\/product_cat?post=32889"},{"taxonomy":"product_tag","embeddable":true,"href":"https:\/\/ceasuri.md\/ru\/wp-json\/wp\/v2\/product_tag?post=32889"}],"curies":[{"name":"wp","href":"https:\/\/api.w.org\/{rel}","templated":true}]}}