{"id":32781,"date":"2026-04-02T20:24:57","date_gmt":"2026-04-02T17:24:57","guid":{"rendered":"http:\/\/new.ceasuri.md\/shop\/uncategorized\/storm-kelli-wild-red\/"},"modified":"2026-04-20T00:55:36","modified_gmt":"2026-04-19T21:55:36","slug":"storm-kelli-wild-red","status":"publish","type":"product","link":"https:\/\/ceasuri.md\/ru\/shop\/sale\/sale-ceas-de-dama\/storm-kelli-wild-red\/","title":{"rendered":"\u0427\u0430\u0441\u044b STORM KELLI WILD RED"},"content":{"rendered":"<p>Marca de mod\u0103 STORM, cu sediul la Londra, este renumit\u0103 pentru ceasurile sale contemporane exclusive \u0219i pentru alte accesorii de mod\u0103 elegante. Pentru cei care sunt \u00een c\u0103utarea unei expresii de sine distincte \u0219i unice, STORM ofer\u0103 o gam\u0103 larg\u0103 de stiluri, de la o elegan\u021b\u0103 excentric\u0103 la un rafinament elegant.<\/p>\n<p>In prezent, STORM este un brand global, prezent \u00een peste 45 de \u021b\u0103ri \u0219i cu magazine STORM independente \u00een multe \u021b\u0103ri, printre care Shanghai, Riga, Praga, Bratislava, Dubai, Melbourne \u0219i Delhi.<\/p>","protected":false},"excerpt":{"rendered":"<p>Marca de mod\u0103 STORM, cu sediul la Londra, este renumit\u0103 pentru ceasurile sale contemporane exclusive \u0219i pentru alte accesorii de mod\u0103 elegante. Pentru cei care sunt \u00een c\u0103utarea unei expresii de sine distincte \u0219i unice, STORM ofer\u0103 o gam\u0103 larg\u0103 de stiluri, de la o elegan\u021b\u0103 excentric\u0103 la un rafinament elegant. In prezent, STORM este [&hellip;]<\/p>\n","protected":false},"featured_media":32782,"comment_status":"closed","ping_status":"open","template":"","meta":{"_acf_changed":false},"product_brand":[],"product_cat":[25,26,394],"product_tag":[],"class_list":{"0":"post-32781","1":"product","2":"type-product","3":"status-publish","4":"has-post-thumbnail","6":"product_cat-ceasuri-dama","7":"product_cat-sale-ceas-de-dama","8":"product_cat-storm","9":"pa_brand-storm","10":"pa_braslet-otel-inoxidabil","11":"pa_corpus-27x43-mm","12":"pa_forma-oval","13":"pa_garatia-6-luni","14":"pa_korpus-argintiu","15":"pa_korpus-portocaliu","16":"pa_kvarc-quartz","17":"pa_material-otel-inoxidabil","18":"pa_mehanizm-quartz","19":"pa_remeshok-roz","20":"pa_steklo-cristal-mineral","21":"pa_strana-marea-britanie","22":"pa_voda-3-atm","24":"first","25":"instock","26":"sale","27":"purchasable","28":"product-type-simple"},"acf":[],"_links":{"self":[{"href":"https:\/\/ceasuri.md\/ru\/wp-json\/wp\/v2\/product\/32781","targetHints":{"allow":["GET"]}}],"collection":[{"href":"https:\/\/ceasuri.md\/ru\/wp-json\/wp\/v2\/product"}],"about":[{"href":"https:\/\/ceasuri.md\/ru\/wp-json\/wp\/v2\/types\/product"}],"replies":[{"embeddable":true,"href":"https:\/\/ceasuri.md\/ru\/wp-json\/wp\/v2\/comments?post=32781"}],"wp:featuredmedia":[{"embeddable":true,"href":"https:\/\/ceasuri.md\/ru\/wp-json\/wp\/v2\/media\/32782"}],"wp:attachment":[{"href":"https:\/\/ceasuri.md\/ru\/wp-json\/wp\/v2\/media?parent=32781"}],"wp:term":[{"taxonomy":"product_brand","embeddable":true,"href":"https:\/\/ceasuri.md\/ru\/wp-json\/wp\/v2\/product_brand?post=32781"},{"taxonomy":"product_cat","embeddable":true,"href":"https:\/\/ceasuri.md\/ru\/wp-json\/wp\/v2\/product_cat?post=32781"},{"taxonomy":"product_tag","embeddable":true,"href":"https:\/\/ceasuri.md\/ru\/wp-json\/wp\/v2\/product_tag?post=32781"}],"curies":[{"name":"wp","href":"https:\/\/api.w.org\/{rel}","templated":true}]}}