{"id":32756,"date":"2026-04-02T20:24:15","date_gmt":"2026-04-02T17:24:15","guid":{"rendered":"http:\/\/new.ceasuri.md\/shop\/uncategorized\/fossil-nate-jr1506\/"},"modified":"2026-04-20T00:24:23","modified_gmt":"2026-04-19T21:24:23","slug":"fossil-nate-jr1506","status":"publish","type":"product","link":"https:\/\/ceasuri.md\/ru\/shop\/branduri\/fossil\/fossil-nate-jr1506\/","title":{"rendered":"\u0427\u0430\u0441\u044b FOSSIL NATE JR1506"},"content":{"rendered":"<p>Cel mai inovator ceas al nostru de p\u00e2n\u0103 acum &#8211; am ridicat factorul cool pe Nate cu o nou\u0103 mi\u0219care dubl\u0103 analogic\u0103-digital\u0103 \u0219i o construc\u021bie atr\u0103g\u0103toare.<\/p>\n<p>Ceas de \u00eenalt\u0103 performan\u021b\u0103 este sincronizat cu stilul s\u0103u cu o carcas\u0103 elegant\u0103 din o\u021bel inoxidabil, un cadran satinat bej \u0219i indici \u00een nuan\u021be de papaya.<\/p>","protected":false},"excerpt":{"rendered":"<p>Cel mai inovator ceas al nostru de p\u00e2n\u0103 acum &#8211; am ridicat factorul cool pe Nate cu o nou\u0103 mi\u0219care dubl\u0103 analogic\u0103-digital\u0103 \u0219i o construc\u021bie atr\u0103g\u0103toare. Ceas de \u00eenalt\u0103 performan\u021b\u0103 este sincronizat cu stilul s\u0103u cu o carcas\u0103 elegant\u0103 din o\u021bel inoxidabil, un cadran satinat bej \u0219i indici \u00een nuan\u021be de papaya.<\/p>","protected":false},"featured_media":32757,"comment_status":"closed","ping_status":"open","template":"","meta":{"_acf_changed":false},"product_brand":[],"product_cat":[20,396],"product_tag":[],"class_list":{"0":"post-32756","1":"product","2":"type-product","3":"status-publish","4":"has-post-thumbnail","6":"product_cat-ceasuri-barbati","7":"product_cat-fossil","8":"pa_brand-fossil","9":"pa_braslet-piele","10":"pa_corpus-50-mm","11":"pa_forma-rotund","12":"pa_funcii-alarma","13":"pa_funcii-calendar","14":"pa_funcii-cronometru","15":"pa_funcii-iluminare","16":"pa_garatia-24-luni","17":"pa_korpus-argintiu","18":"pa_kvarc-quartz","19":"pa_material-otel-inoxidabil-periat","20":"pa_mehanizm-electronic","21":"pa_mehanizm-quartz","22":"pa_remeshok-maro","23":"pa_steklo-cristal-mineral","24":"pa_strana-sua","25":"pa_voda-10-atm","27":"first","28":"instock","29":"purchasable","30":"product-type-simple"},"acf":[],"_links":{"self":[{"href":"https:\/\/ceasuri.md\/ru\/wp-json\/wp\/v2\/product\/32756","targetHints":{"allow":["GET"]}}],"collection":[{"href":"https:\/\/ceasuri.md\/ru\/wp-json\/wp\/v2\/product"}],"about":[{"href":"https:\/\/ceasuri.md\/ru\/wp-json\/wp\/v2\/types\/product"}],"replies":[{"embeddable":true,"href":"https:\/\/ceasuri.md\/ru\/wp-json\/wp\/v2\/comments?post=32756"}],"wp:featuredmedia":[{"embeddable":true,"href":"https:\/\/ceasuri.md\/ru\/wp-json\/wp\/v2\/media\/32757"}],"wp:attachment":[{"href":"https:\/\/ceasuri.md\/ru\/wp-json\/wp\/v2\/media?parent=32756"}],"wp:term":[{"taxonomy":"product_brand","embeddable":true,"href":"https:\/\/ceasuri.md\/ru\/wp-json\/wp\/v2\/product_brand?post=32756"},{"taxonomy":"product_cat","embeddable":true,"href":"https:\/\/ceasuri.md\/ru\/wp-json\/wp\/v2\/product_cat?post=32756"},{"taxonomy":"product_tag","embeddable":true,"href":"https:\/\/ceasuri.md\/ru\/wp-json\/wp\/v2\/product_tag?post=32756"}],"curies":[{"name":"wp","href":"https:\/\/api.w.org\/{rel}","templated":true}]}}