{"id":32752,"date":"2026-04-02T20:24:15","date_gmt":"2026-04-02T17:24:15","guid":{"rendered":"http:\/\/new.ceasuri.md\/shop\/uncategorized\/fossil-nate-jr1504\/"},"modified":"2026-04-20T00:24:23","modified_gmt":"2026-04-19T21:24:23","slug":"fossil-nate-jr1504","status":"publish","type":"product","link":"https:\/\/ceasuri.md\/ru\/shop\/branduri\/fossil\/fossil-nate-jr1504\/","title":{"rendered":"\u0427\u0430\u0441\u044b FOSSIL NATE JR1504"},"content":{"rendered":"<p>Un cadran albastru bogat \u0219i indici albi adaug\u0103 un nou nivel de sofisticare la construc\u021bia atr\u0103g\u0103toare a lui Nate.<\/p>\n<p>Elegant \u0219i aerodinamic, cu o band\u0103 din piele maro, este f\u0103cut pentru b\u0103rbatul c\u0103ruia \u00eei place stilul s\u0103u undeva \u00eentre casual \u0219i cool.<\/p>","protected":false},"excerpt":{"rendered":"<p>Un cadran albastru bogat \u0219i indici albi adaug\u0103 un nou nivel de sofisticare la construc\u021bia atr\u0103g\u0103toare a lui Nate. Elegant \u0219i aerodinamic, cu o band\u0103 din piele maro, este f\u0103cut pentru b\u0103rbatul c\u0103ruia \u00eei place stilul s\u0103u undeva \u00eentre casual \u0219i cool.<\/p>","protected":false},"featured_media":32753,"comment_status":"closed","ping_status":"open","template":"","meta":{"_acf_changed":false},"product_brand":[],"product_cat":[20,396],"product_tag":[],"class_list":{"0":"post-32752","1":"product","2":"type-product","3":"status-publish","4":"has-post-thumbnail","6":"product_cat-ceasuri-barbati","7":"product_cat-fossil","8":"pa_brand-fossil","9":"pa_braslet-piele","10":"pa_corpus-50-mm","11":"pa_forma-rotund","12":"pa_funcii-cronograf","13":"pa_funcii-data","14":"pa_garatia-24-luni","15":"pa_korpus-albastru-inchis","16":"pa_korpus-argintiu","17":"pa_kvarc-quartz","18":"pa_material-otel-inoxidabil","19":"pa_mehanizm-quartz","20":"pa_remeshok-maro","21":"pa_steklo-cristal-mineral","22":"pa_strana-sua","23":"pa_voda-5-atm","25":"first","26":"instock","27":"purchasable","28":"product-type-simple"},"acf":[],"_links":{"self":[{"href":"https:\/\/ceasuri.md\/ru\/wp-json\/wp\/v2\/product\/32752","targetHints":{"allow":["GET"]}}],"collection":[{"href":"https:\/\/ceasuri.md\/ru\/wp-json\/wp\/v2\/product"}],"about":[{"href":"https:\/\/ceasuri.md\/ru\/wp-json\/wp\/v2\/types\/product"}],"replies":[{"embeddable":true,"href":"https:\/\/ceasuri.md\/ru\/wp-json\/wp\/v2\/comments?post=32752"}],"wp:featuredmedia":[{"embeddable":true,"href":"https:\/\/ceasuri.md\/ru\/wp-json\/wp\/v2\/media\/32753"}],"wp:attachment":[{"href":"https:\/\/ceasuri.md\/ru\/wp-json\/wp\/v2\/media?parent=32752"}],"wp:term":[{"taxonomy":"product_brand","embeddable":true,"href":"https:\/\/ceasuri.md\/ru\/wp-json\/wp\/v2\/product_brand?post=32752"},{"taxonomy":"product_cat","embeddable":true,"href":"https:\/\/ceasuri.md\/ru\/wp-json\/wp\/v2\/product_cat?post=32752"},{"taxonomy":"product_tag","embeddable":true,"href":"https:\/\/ceasuri.md\/ru\/wp-json\/wp\/v2\/product_tag?post=32752"}],"curies":[{"name":"wp","href":"https:\/\/api.w.org\/{rel}","templated":true}]}}