{"id":32720,"date":"2026-04-02T20:24:15","date_gmt":"2026-04-02T17:24:15","guid":{"rendered":"http:\/\/new.ceasuri.md\/shop\/uncategorized\/fossil-nate-jr1424\/"},"modified":"2026-04-20T00:24:20","modified_gmt":"2026-04-19T21:24:20","slug":"fossil-nate-jr1424","status":"publish","type":"product","link":"https:\/\/ceasuri.md\/ru\/shop\/branduri\/fossil\/fossil-nate-jr1424\/","title":{"rendered":"\u0427\u0430\u0441\u044b FOSSIL NATE JR1424"},"content":{"rendered":"<p>Ceasul nostru de inspira\u021bie militar\u0103 vintage are o vibra\u021bie marcant\u0103, masculin\u0103, care \u00eel face un accesoriu perfect pentru dulapul s\u0103u casual.<\/p>\n<p>Detaliile izbitoare ale cadranului \u0219i o curea din piele natural\u0103 \u00eel fac perfect pentru ziua de azi.<\/p>\n<p>Acest ceas Nate are, de asemenea, o mi\u0219care de cronograf.<\/p>","protected":false},"excerpt":{"rendered":"<p>Ceasul nostru de inspira\u021bie militar\u0103 vintage are o vibra\u021bie marcant\u0103, masculin\u0103, care \u00eel face un accesoriu perfect pentru dulapul s\u0103u casual. Detaliile izbitoare ale cadranului \u0219i o curea din piele natural\u0103 \u00eel fac perfect pentru ziua de azi. Acest ceas Nate are, de asemenea, o mi\u0219care de cronograf.<\/p>","protected":false},"featured_media":32721,"comment_status":"closed","ping_status":"open","template":"","meta":{"_acf_changed":false},"product_brand":[],"product_cat":[20,396],"product_tag":[],"class_list":{"0":"post-32720","1":"product","2":"type-product","3":"status-publish","4":"has-post-thumbnail","6":"product_cat-ceasuri-barbati","7":"product_cat-fossil","8":"pa_brand-fossil","9":"pa_braslet-piele","10":"pa_corpus-50-mm","11":"pa_forma-rotund","12":"pa_funcii-cronograf","13":"pa_funcii-data","14":"pa_garatia-24-luni","15":"pa_korpus-gri","16":"pa_kvarc-quartz","17":"pa_material-otel-inoxidabil-periat","18":"pa_mehanizm-quartz","19":"pa_remeshok-maro","20":"pa_steklo-cristal-mineral","21":"pa_strana-sua","22":"pa_voda-10-atm","24":"first","25":"instock","26":"purchasable","27":"product-type-simple"},"acf":[],"_links":{"self":[{"href":"https:\/\/ceasuri.md\/ru\/wp-json\/wp\/v2\/product\/32720","targetHints":{"allow":["GET"]}}],"collection":[{"href":"https:\/\/ceasuri.md\/ru\/wp-json\/wp\/v2\/product"}],"about":[{"href":"https:\/\/ceasuri.md\/ru\/wp-json\/wp\/v2\/types\/product"}],"replies":[{"embeddable":true,"href":"https:\/\/ceasuri.md\/ru\/wp-json\/wp\/v2\/comments?post=32720"}],"wp:featuredmedia":[{"embeddable":true,"href":"https:\/\/ceasuri.md\/ru\/wp-json\/wp\/v2\/media\/32721"}],"wp:attachment":[{"href":"https:\/\/ceasuri.md\/ru\/wp-json\/wp\/v2\/media?parent=32720"}],"wp:term":[{"taxonomy":"product_brand","embeddable":true,"href":"https:\/\/ceasuri.md\/ru\/wp-json\/wp\/v2\/product_brand?post=32720"},{"taxonomy":"product_cat","embeddable":true,"href":"https:\/\/ceasuri.md\/ru\/wp-json\/wp\/v2\/product_cat?post=32720"},{"taxonomy":"product_tag","embeddable":true,"href":"https:\/\/ceasuri.md\/ru\/wp-json\/wp\/v2\/product_tag?post=32720"}],"curies":[{"name":"wp","href":"https:\/\/api.w.org\/{rel}","templated":true}]}}