{"id":32708,"date":"2022-11-30T16:35:17","date_gmt":"2022-11-30T14:35:17","guid":{"rendered":"http:\/\/new.ceasuri.md\/shop\/uncategorized\/fossil-nate-jr1390\/"},"modified":"2026-05-01T14:45:59","modified_gmt":"2026-05-01T11:45:59","slug":"fossil-nate-jr1390","status":"publish","type":"product","link":"https:\/\/ceasuri.md\/ru\/shop\/branduri\/fossil\/fossil-nate-jr1390\/","title":{"rendered":"\u0427\u0430\u0441\u044b FOSSIL NATE JR1390"},"content":{"rendered":"<p>Colec\u021bia noastr\u0103 Nate ofer\u0103 un echilibru \u00eentre designul de inspira\u021bie militar\u0103 \u0219i stilul robust.<\/p>\n<p>Cadranul s\u0103u supradimensionat \u0219i topringul negru sunt instantaneu izbitoare, \u00een timp ce pielea bogat\u0103 \u00eei confer\u0103 un aer clasic.<\/p>\n<p>Acest ceas are, de asemenea, o mi\u0219care de cronograf.<\/p>","protected":false},"excerpt":{"rendered":"<p>Colec\u021bia noastr\u0103 Nate ofer\u0103 un echilibru \u00eentre designul de inspira\u021bie militar\u0103 \u0219i stilul robust. Cadranul s\u0103u supradimensionat \u0219i topringul negru sunt instantaneu izbitoare, \u00een timp ce pielea bogat\u0103 \u00eei confer\u0103 un aer clasic. Acest ceas are, de asemenea, o mi\u0219care de cronograf.<\/p>","protected":false},"featured_media":32709,"comment_status":"closed","ping_status":"open","template":"","meta":{"_acf_changed":false},"product_brand":[],"product_cat":[20,396],"product_tag":[],"class_list":{"0":"post-32708","1":"product","2":"type-product","3":"status-publish","4":"has-post-thumbnail","6":"product_cat-ceasuri-barbati","7":"product_cat-fossil","8":"pa_brand-fossil","9":"pa_braslet-piele","10":"pa_corpus-50-mm","11":"pa_forma-rotund","12":"pa_funcii-cronograf","13":"pa_funcii-data","14":"pa_garatia-24-luni","15":"pa_korpus-argintiu","16":"pa_korpus-negru","17":"pa_kvarc-quartz","18":"pa_material-otel-inoxidabil-periat","19":"pa_mehanizm-quartz","20":"pa_remeshok-maro","21":"pa_steklo-cristal-mineral","22":"pa_strana-sua","23":"pa_voda-5-atm","25":"first","26":"instock","27":"purchasable","28":"product-type-simple"},"acf":[],"_links":{"self":[{"href":"https:\/\/ceasuri.md\/ru\/wp-json\/wp\/v2\/product\/32708","targetHints":{"allow":["GET"]}}],"collection":[{"href":"https:\/\/ceasuri.md\/ru\/wp-json\/wp\/v2\/product"}],"about":[{"href":"https:\/\/ceasuri.md\/ru\/wp-json\/wp\/v2\/types\/product"}],"replies":[{"embeddable":true,"href":"https:\/\/ceasuri.md\/ru\/wp-json\/wp\/v2\/comments?post=32708"}],"wp:featuredmedia":[{"embeddable":true,"href":"https:\/\/ceasuri.md\/ru\/wp-json\/wp\/v2\/media\/32709"}],"wp:attachment":[{"href":"https:\/\/ceasuri.md\/ru\/wp-json\/wp\/v2\/media?parent=32708"}],"wp:term":[{"taxonomy":"product_brand","embeddable":true,"href":"https:\/\/ceasuri.md\/ru\/wp-json\/wp\/v2\/product_brand?post=32708"},{"taxonomy":"product_cat","embeddable":true,"href":"https:\/\/ceasuri.md\/ru\/wp-json\/wp\/v2\/product_cat?post=32708"},{"taxonomy":"product_tag","embeddable":true,"href":"https:\/\/ceasuri.md\/ru\/wp-json\/wp\/v2\/product_tag?post=32708"}],"curies":[{"name":"wp","href":"https:\/\/api.w.org\/{rel}","templated":true}]}}