{"id":32622,"date":"2026-04-02T20:22:53","date_gmt":"2026-04-02T17:22:53","guid":{"rendered":"http:\/\/new.ceasuri.md\/shop\/uncategorized\/casio-g-shock-gst-w120l-1a\/"},"modified":"2026-04-20T00:08:28","modified_gmt":"2026-04-19T21:08:28","slug":"casio-g-shock-gst-w120l-1a","status":"publish","type":"product","link":"https:\/\/ceasuri.md\/ru\/shop\/branduri\/casio\/casio-g-shock-gst-w120l-1a\/","title":{"rendered":"\u0427\u0430\u0441\u044b CASIO G-SHOCK GST-W120L-1A"},"content":{"rendered":"<p>Noua serie de ceasuri rezistente la \u0219ocuri, cu carcas\u0103 din o\u021bel cu dou\u0103 straturi, pentru cei tineri \u0219i activi.<\/p>\n<p>Alimentat de Tough Solar &#8211; panouri solare de mare putere, indicator de \u00eenc\u0103rcare a bateriei. Func\u021bie automat\u0103 de economisire a energiei. Durata de via\u021b\u0103 a bateriei f\u0103r\u0103 re\u00eenc\u0103rcare aproximativ 7 luni, cu func\u021bia de economisire a energiei activat\u0103 aproximativ 18 luni.<\/p>\n<p>Carcasa anti\u0219oc protejeaz\u0103 mecanismul de \u0219ocuri \u0219i vibra\u021bii. Carcas\u0103 rezistent\u0103 la \u0219ocuri cu dou\u0103 straturi &#8211; \u00eentre straturile metalice, un polimer ac\u021bioneaz\u0103 ca o pern\u0103 care absoarbe \u0219ocurile.<\/p>\n<p>Cadranul este luminat de dou\u0103 LED-uri, care se aprind automat \u00een cazul unei lumini insuficiente atunci c\u00e2nd \u00eencheietura m\u00e2inii este \u00eentoars\u0103 spre fa\u021b\u0103.<\/p>\n<p>Tehnologia Multi Band 6 permite ceasului s\u0103 primeasc\u0103 semnale de la \u0219ase turnuri radio situate \u00een diferite locuri de pe glob, care transmit semnale de timp de la ceasuri atomice specifice. Corectarea orei curente prin semnal radio pe teritoriul a aproape toat\u0103 Europa, SUA, Japonia \u0219i China.<\/p>\n<p>Ora mondial\u0103 &#8211; 48 de ora\u0219e (31 de fusuri orare), timp universal coordonat (UTC). Func\u021bia de activare\/dezactivare a orei de var\u0103.<\/p>\n<p>Format de 12 \u0219i 24 de ore.<\/p>\n<p>Cronometru cu o precizie de 1\/100s \u0219i un timp de m\u0103surare de 1h. Cronograf divizat.<\/p>\n<p>Cronometru cu num\u0103r\u0103toare invers\u0103 de la 1min la 100min.<\/p>\n<p>Func\u021bie de mi\u0219care a m\u00e2inilor.<\/p>\n<p>Func\u021bie de mute\/dezactivare a sunetului.<\/p>","protected":false},"excerpt":{"rendered":"<p>Noua serie de ceasuri rezistente la \u0219ocuri, cu carcas\u0103 din o\u021bel cu dou\u0103 straturi, pentru cei tineri \u0219i activi. Alimentat de Tough Solar &#8211; panouri solare de mare putere, indicator de \u00eenc\u0103rcare a bateriei. Func\u021bie automat\u0103 de economisire a energiei. Durata de via\u021b\u0103 a bateriei f\u0103r\u0103 re\u00eenc\u0103rcare aproximativ 7 luni, cu func\u021bia de economisire a [&hellip;]<\/p>\n","protected":false},"featured_media":32623,"comment_status":"closed","ping_status":"open","template":"","meta":{"_acf_changed":false},"product_brand":[],"product_cat":[27,20,419],"product_tag":[],"class_list":{"0":"post-32622","1":"product","2":"type-product","3":"status-publish","4":"has-post-thumbnail","6":"product_cat-casio","7":"product_cat-ceasuri-barbati","8":"product_cat-g-shock","9":"pa_brand-casio","10":"pa_brand-g-shock","11":"pa_braslet-piele","12":"pa_corpus-52-mm","13":"pa_forma-rotund","14":"pa_funcii-alarma","15":"pa_funcii-calendar","16":"pa_funcii-cronometru","17":"pa_funcii-dual-time","18":"pa_funcii-iluminare","19":"pa_funcii-rezerva-de-energie","20":"pa_funcii-timp-mondial","21":"pa_garatia-24-luni","22":"pa_korpus-negru","23":"pa_korpus-roz-gold","24":"pa_kvarc-quartz","25":"pa_material-otel-inoxidabil","26":"pa_mehanizm-baterie-solara","27":"pa_remeshok-negru","28":"pa_steklo-cristal-mineral","29":"pa_strana-japonia","30":"pa_voda-20-atm","32":"first","33":"instock","34":"purchasable","35":"product-type-simple"},"acf":[],"_links":{"self":[{"href":"https:\/\/ceasuri.md\/ru\/wp-json\/wp\/v2\/product\/32622","targetHints":{"allow":["GET"]}}],"collection":[{"href":"https:\/\/ceasuri.md\/ru\/wp-json\/wp\/v2\/product"}],"about":[{"href":"https:\/\/ceasuri.md\/ru\/wp-json\/wp\/v2\/types\/product"}],"replies":[{"embeddable":true,"href":"https:\/\/ceasuri.md\/ru\/wp-json\/wp\/v2\/comments?post=32622"}],"wp:featuredmedia":[{"embeddable":true,"href":"https:\/\/ceasuri.md\/ru\/wp-json\/wp\/v2\/media\/32623"}],"wp:attachment":[{"href":"https:\/\/ceasuri.md\/ru\/wp-json\/wp\/v2\/media?parent=32622"}],"wp:term":[{"taxonomy":"product_brand","embeddable":true,"href":"https:\/\/ceasuri.md\/ru\/wp-json\/wp\/v2\/product_brand?post=32622"},{"taxonomy":"product_cat","embeddable":true,"href":"https:\/\/ceasuri.md\/ru\/wp-json\/wp\/v2\/product_cat?post=32622"},{"taxonomy":"product_tag","embeddable":true,"href":"https:\/\/ceasuri.md\/ru\/wp-json\/wp\/v2\/product_tag?post=32622"}],"curies":[{"name":"wp","href":"https:\/\/api.w.org\/{rel}","templated":true}]}}