{"id":32599,"date":"2026-04-02T20:22:53","date_gmt":"2026-04-02T17:22:53","guid":{"rendered":"http:\/\/new.ceasuri.md\/shop\/uncategorized\/casio-g-shock-glx-6900-7\/"},"modified":"2026-04-07T03:23:10","modified_gmt":"2026-04-07T00:23:10","slug":"casio-g-shock-glx-6900-7","status":"publish","type":"product","link":"https:\/\/ceasuri.md\/ru\/shop\/branduri\/casio\/casio-g-shock-glx-6900-7\/","title":{"rendered":"Ceas CASIO G-SHOCK GLX-6900-7"},"content":{"rendered":"<p>Carcasa rezistent\u0103 la \u0219ocuri protejeaz\u0103 mi\u0219carea de \u0219ocuri \u0219i vibra\u021bii. Modulul ceasului este proiectat s\u0103 func\u021bioneze la temperaturi sc\u0103zute de p\u00e2n\u0103 la -20\u00b0C\/-4\u00b0F.<\/p>\n<p>Lumina de fundal electroluminescent\u0103 lumineaz\u0103 \u00eentregul cadran. C\u00e2nd \u00eentoarce\u021bi ceasul spre fa\u021b\u0103, lumina de fundal se aprinde automat.<\/p>\n<p>Ora mondial\u0103 &#8211; 48 de ora\u0219e (29 de fusuri orare). Func\u021bie de activare\/dezactivare a orei de var\u0103.<\/p>\n<p>Format de 12 \u0219i 24 de ore.<\/p>\n<p>Afi\u0219area v\u00e2rstei \u0219i a fazei lunii.<\/p>\n<p>Afi\u0219are grafic\u0103 a informa\u021biilor despre maree.<\/p>\n<p>Cronometru cu o precizie de 1\/100 s \u0219i un timp de m\u0103surare de 1000 h. Cronograf divizat.<\/p>\n<p>Cronometru cu num\u0103r\u0103toare invers\u0103 de la 1 min la 24 h cu repetare automat\u0103.<\/p>\n<p>5 alarme zilnice.Ceasul de alarm\u0103 v\u0103 reaminte\u0219te evenimentele recurente cu un semnal sonor setat de dvs. pentru o anumit\u0103 or\u0103. Tipuri de alarme: zilnic\u0103, lunar\u0103, \u00een fiecare zi a unei anumite luni, la o anumit\u0103 dat\u0103. Indicarea luminoas\u0103 a alarmei.<\/p>\n<p>Func\u021bie de activare\/dezactivare a sunetului.<\/p>\n<p>Curea din material polimeric. Materialul polimeric natural este ideal pentru curea, datorit\u0103 rezisten\u021bei \u0219i flexibilit\u0103\u021bii sale extreme.<\/p>","protected":false},"excerpt":{"rendered":"<p>Carcasa rezistent\u0103 la \u0219ocuri protejeaz\u0103 mi\u0219carea de \u0219ocuri \u0219i vibra\u021bii. Modulul ceasului este proiectat s\u0103 func\u021bioneze la temperaturi sc\u0103zute de p\u00e2n\u0103 la -20\u00b0C\/-4\u00b0F. Lumina de fundal electroluminescent\u0103 lumineaz\u0103 \u00eentregul cadran. C\u00e2nd \u00eentoarce\u021bi ceasul spre fa\u021b\u0103, lumina de fundal se aprinde automat. Ora mondial\u0103 &#8211; 48 de ora\u0219e (29 de fusuri orare). Func\u021bie de activare\/dezactivare a [&hellip;]<\/p>\n","protected":false},"featured_media":32600,"comment_status":"closed","ping_status":"open","template":"","meta":{"_acf_changed":false},"product_brand":[],"product_cat":[27,20,25,419,697],"product_tag":[],"class_list":{"0":"post-32599","1":"product","2":"type-product","3":"status-publish","4":"has-post-thumbnail","6":"product_cat-casio","7":"product_cat-ceasuri-barbati","8":"product_cat-ceasuri-dama","9":"product_cat-g-shock","10":"product_cat-697","11":"pa_brand-casio","12":"pa_brand-g-shock","13":"pa_braslet-plastic","14":"pa_corpus-50-mm","15":"pa_forma-rotund","16":"pa_funcii-alarma","17":"pa_funcii-calendar","18":"pa_funcii-cronometru","19":"pa_funcii-fazele-lunii","20":"pa_funcii-iluminare","21":"pa_garatia-24-luni","22":"pa_korpus-alb","23":"pa_material-plastic","24":"pa_mehanizm-electronic","25":"pa_remeshok-alb","26":"pa_steklo-cristal-mineral","27":"pa_strana-japonia","28":"pa_voda-20-atm","30":"first","31":"instock","32":"purchasable","33":"product-type-simple"},"acf":[],"yoast_head":"<!-- This site is optimized with the Yoast SEO plugin v27.3 - https:\/\/yoast.com\/product\/yoast-seo-wordpress\/ -->\n<title>CASIO G-SHOCK GLX-6900-7 - Cronograf<\/title>\n<meta name=\"robots\" content=\"index, follow, max-snippet:-1, max-image-preview:large, max-video-preview:-1\" \/>\n<link rel=\"canonical\" href=\"https:\/\/ceasuri.md\/ru\/shop\/branduri\/casio\/casio-g-shock-glx-6900-7\/\" \/>\n<meta property=\"og:locale\" content=\"ru_RU\" \/>\n<meta property=\"og:type\" content=\"article\" \/>\n<meta property=\"og:title\" content=\"CASIO G-SHOCK GLX-6900-7 - Cronograf\" \/>\n<meta property=\"og:description\" content=\"Carcasa rezistent\u0103 la \u0219ocuri protejeaz\u0103 mi\u0219carea de \u0219ocuri \u0219i vibra\u021bii. Modulul ceasului este proiectat s\u0103 func\u021bioneze la temperaturi sc\u0103zute de p\u00e2n\u0103 la -20\u00b0C\/-4\u00b0F. Lumina de fundal electroluminescent\u0103 lumineaz\u0103 \u00eentregul cadran. C\u00e2nd \u00eentoarce\u021bi ceasul spre fa\u021b\u0103, lumina de fundal se aprinde automat. Ora mondial\u0103 &#8211; 48 de ora\u0219e (29 de fusuri orare). Func\u021bie de activare\/dezactivare a [&hellip;]\" \/>\n<meta property=\"og:url\" content=\"https:\/\/ceasuri.md\/ru\/shop\/branduri\/casio\/casio-g-shock-glx-6900-7\/\" \/>\n<meta property=\"og:site_name\" content=\"Cronograf\" \/>\n<meta property=\"article:modified_time\" content=\"2026-04-07T00:23:10+00:00\" \/>\n<meta property=\"og:image\" content=\"https:\/\/ceasuri.md\/wp-content\/uploads\/glx-6900-7.jpg\" \/>\n\t<meta property=\"og:image:width\" content=\"600\" \/>\n\t<meta property=\"og:image:height\" content=\"800\" \/>\n\t<meta property=\"og:image:type\" content=\"image\/jpeg\" \/>\n<meta name=\"twitter:card\" content=\"summary_large_image\" \/>\n<meta name=\"twitter:label1\" content=\"\u041f\u0440\u0438\u043c\u0435\u0440\u043d\u043e\u0435 \u0432\u0440\u0435\u043c\u044f \u0434\u043b\u044f \u0447\u0442\u0435\u043d\u0438\u044f\" \/>\n\t<meta name=\"twitter:data1\" content=\"1 \u043c\u0438\u043d\u0443\u0442\u0430\" \/>\n<script type=\"application\/ld+json\" class=\"yoast-schema-graph\">{\"@context\":\"https:\\\/\\\/schema.org\",\"@graph\":[{\"@type\":\"WebPage\",\"@id\":\"https:\\\/\\\/ceasuri.md\\\/shop\\\/branduri\\\/casio\\\/casio-g-shock-glx-6900-7\\\/\",\"url\":\"https:\\\/\\\/ceasuri.md\\\/shop\\\/branduri\\\/casio\\\/casio-g-shock-glx-6900-7\\\/\",\"name\":\"CASIO G-SHOCK GLX-6900-7 - Cronograf\",\"isPartOf\":{\"@id\":\"https:\\\/\\\/ceasuri.md\\\/ru\\\/#website\"},\"primaryImageOfPage\":{\"@id\":\"https:\\\/\\\/ceasuri.md\\\/shop\\\/branduri\\\/casio\\\/casio-g-shock-glx-6900-7\\\/#primaryimage\"},\"image\":{\"@id\":\"https:\\\/\\\/ceasuri.md\\\/shop\\\/branduri\\\/casio\\\/casio-g-shock-glx-6900-7\\\/#primaryimage\"},\"thumbnailUrl\":\"https:\\\/\\\/ceasuri.md\\\/wp-content\\\/uploads\\\/glx-6900-7.jpg\",\"datePublished\":\"2026-04-02T17:22:53+00:00\",\"dateModified\":\"2026-04-07T00:23:10+00:00\",\"breadcrumb\":{\"@id\":\"https:\\\/\\\/ceasuri.md\\\/shop\\\/branduri\\\/casio\\\/casio-g-shock-glx-6900-7\\\/#breadcrumb\"},\"inLanguage\":\"ru-RU\",\"potentialAction\":[{\"@type\":\"ReadAction\",\"target\":[\"https:\\\/\\\/ceasuri.md\\\/shop\\\/branduri\\\/casio\\\/casio-g-shock-glx-6900-7\\\/\"]}]},{\"@type\":\"ImageObject\",\"inLanguage\":\"ru-RU\",\"@id\":\"https:\\\/\\\/ceasuri.md\\\/shop\\\/branduri\\\/casio\\\/casio-g-shock-glx-6900-7\\\/#primaryimage\",\"url\":\"https:\\\/\\\/ceasuri.md\\\/wp-content\\\/uploads\\\/glx-6900-7.jpg\",\"contentUrl\":\"https:\\\/\\\/ceasuri.md\\\/wp-content\\\/uploads\\\/glx-6900-7.jpg\",\"width\":600,\"height\":800},{\"@type\":\"BreadcrumbList\",\"@id\":\"https:\\\/\\\/ceasuri.md\\\/shop\\\/branduri\\\/casio\\\/casio-g-shock-glx-6900-7\\\/#breadcrumb\",\"itemListElement\":[{\"@type\":\"ListItem\",\"position\":1,\"name\":\"Home\",\"item\":\"https:\\\/\\\/ceasuri.md\\\/\"},{\"@type\":\"ListItem\",\"position\":2,\"name\":\"Magazin\",\"item\":\"https:\\\/\\\/ceasuri.md\\\/shop\\\/\"},{\"@type\":\"ListItem\",\"position\":3,\"name\":\"Ceas CASIO G-SHOCK GLX-6900-7\"}]},{\"@type\":\"WebSite\",\"@id\":\"https:\\\/\\\/ceasuri.md\\\/ru\\\/#website\",\"url\":\"https:\\\/\\\/ceasuri.md\\\/ru\\\/\",\"name\":\"Cronograf\",\"description\":\"\",\"publisher\":{\"@id\":\"https:\\\/\\\/ceasuri.md\\\/ru\\\/#organization\"},\"potentialAction\":[{\"@type\":\"SearchAction\",\"target\":{\"@type\":\"EntryPoint\",\"urlTemplate\":\"https:\\\/\\\/ceasuri.md\\\/ru\\\/?s={search_term_string}\"},\"query-input\":{\"@type\":\"PropertyValueSpecification\",\"valueRequired\":true,\"valueName\":\"search_term_string\"}}],\"inLanguage\":\"ru-RU\"},{\"@type\":\"Organization\",\"@id\":\"https:\\\/\\\/ceasuri.md\\\/ru\\\/#organization\",\"name\":\"Cronograf\",\"url\":\"https:\\\/\\\/ceasuri.md\\\/ru\\\/\",\"logo\":{\"@type\":\"ImageObject\",\"inLanguage\":\"ru-RU\",\"@id\":\"https:\\\/\\\/ceasuri.md\\\/ru\\\/#\\\/schema\\\/logo\\\/image\\\/\",\"url\":\"https:\\\/\\\/ceasuri.md\\\/wp-content\\\/uploads\\\/2025\\\/12\\\/Logo.svg\",\"contentUrl\":\"https:\\\/\\\/ceasuri.md\\\/wp-content\\\/uploads\\\/2025\\\/12\\\/Logo.svg\",\"width\":3338,\"height\":811,\"caption\":\"Cronograf\"},\"image\":{\"@id\":\"https:\\\/\\\/ceasuri.md\\\/ru\\\/#\\\/schema\\\/logo\\\/image\\\/\"}}]}<\/script>\n<!-- \/ Yoast SEO plugin. -->","yoast_head_json":{"title":"CASIO G-SHOCK GLX-6900-7 - Cronograf","robots":{"index":"index","follow":"follow","max-snippet":"max-snippet:-1","max-image-preview":"max-image-preview:large","max-video-preview":"max-video-preview:-1"},"canonical":"https:\/\/ceasuri.md\/ru\/shop\/branduri\/casio\/casio-g-shock-glx-6900-7\/","og_locale":"ru_RU","og_type":"article","og_title":"CASIO G-SHOCK GLX-6900-7 - Cronograf","og_description":"Carcasa rezistent\u0103 la \u0219ocuri protejeaz\u0103 mi\u0219carea de \u0219ocuri \u0219i vibra\u021bii. Modulul ceasului este proiectat s\u0103 func\u021bioneze la temperaturi sc\u0103zute de p\u00e2n\u0103 la -20\u00b0C\/-4\u00b0F. Lumina de fundal electroluminescent\u0103 lumineaz\u0103 \u00eentregul cadran. C\u00e2nd \u00eentoarce\u021bi ceasul spre fa\u021b\u0103, lumina de fundal se aprinde automat. Ora mondial\u0103 &#8211; 48 de ora\u0219e (29 de fusuri orare). Func\u021bie de activare\/dezactivare a [&hellip;]","og_url":"https:\/\/ceasuri.md\/ru\/shop\/branduri\/casio\/casio-g-shock-glx-6900-7\/","og_site_name":"Cronograf","article_modified_time":"2026-04-07T00:23:10+00:00","og_image":[{"width":600,"height":800,"url":"https:\/\/ceasuri.md\/wp-content\/uploads\/glx-6900-7.jpg","type":"image\/jpeg"}],"twitter_card":"summary_large_image","twitter_misc":{"\u041f\u0440\u0438\u043c\u0435\u0440\u043d\u043e\u0435 \u0432\u0440\u0435\u043c\u044f \u0434\u043b\u044f \u0447\u0442\u0435\u043d\u0438\u044f":"1 \u043c\u0438\u043d\u0443\u0442\u0430"},"schema":{"@context":"https:\/\/schema.org","@graph":[{"@type":"WebPage","@id":"https:\/\/ceasuri.md\/shop\/branduri\/casio\/casio-g-shock-glx-6900-7\/","url":"https:\/\/ceasuri.md\/shop\/branduri\/casio\/casio-g-shock-glx-6900-7\/","name":"CASIO G-SHOCK GLX-6900-7 - Cronograf","isPartOf":{"@id":"https:\/\/ceasuri.md\/ru\/#website"},"primaryImageOfPage":{"@id":"https:\/\/ceasuri.md\/shop\/branduri\/casio\/casio-g-shock-glx-6900-7\/#primaryimage"},"image":{"@id":"https:\/\/ceasuri.md\/shop\/branduri\/casio\/casio-g-shock-glx-6900-7\/#primaryimage"},"thumbnailUrl":"https:\/\/ceasuri.md\/wp-content\/uploads\/glx-6900-7.jpg","datePublished":"2026-04-02T17:22:53+00:00","dateModified":"2026-04-07T00:23:10+00:00","breadcrumb":{"@id":"https:\/\/ceasuri.md\/shop\/branduri\/casio\/casio-g-shock-glx-6900-7\/#breadcrumb"},"inLanguage":"ru-RU","potentialAction":[{"@type":"ReadAction","target":["https:\/\/ceasuri.md\/shop\/branduri\/casio\/casio-g-shock-glx-6900-7\/"]}]},{"@type":"ImageObject","inLanguage":"ru-RU","@id":"https:\/\/ceasuri.md\/shop\/branduri\/casio\/casio-g-shock-glx-6900-7\/#primaryimage","url":"https:\/\/ceasuri.md\/wp-content\/uploads\/glx-6900-7.jpg","contentUrl":"https:\/\/ceasuri.md\/wp-content\/uploads\/glx-6900-7.jpg","width":600,"height":800},{"@type":"BreadcrumbList","@id":"https:\/\/ceasuri.md\/shop\/branduri\/casio\/casio-g-shock-glx-6900-7\/#breadcrumb","itemListElement":[{"@type":"ListItem","position":1,"name":"Home","item":"https:\/\/ceasuri.md\/"},{"@type":"ListItem","position":2,"name":"Magazin","item":"https:\/\/ceasuri.md\/shop\/"},{"@type":"ListItem","position":3,"name":"Ceas CASIO G-SHOCK GLX-6900-7"}]},{"@type":"WebSite","@id":"https:\/\/ceasuri.md\/ru\/#website","url":"https:\/\/ceasuri.md\/ru\/","name":"Cronograf","description":"","publisher":{"@id":"https:\/\/ceasuri.md\/ru\/#organization"},"potentialAction":[{"@type":"SearchAction","target":{"@type":"EntryPoint","urlTemplate":"https:\/\/ceasuri.md\/ru\/?s={search_term_string}"},"query-input":{"@type":"PropertyValueSpecification","valueRequired":true,"valueName":"search_term_string"}}],"inLanguage":"ru-RU"},{"@type":"Organization","@id":"https:\/\/ceasuri.md\/ru\/#organization","name":"Cronograf","url":"https:\/\/ceasuri.md\/ru\/","logo":{"@type":"ImageObject","inLanguage":"ru-RU","@id":"https:\/\/ceasuri.md\/ru\/#\/schema\/logo\/image\/","url":"https:\/\/ceasuri.md\/wp-content\/uploads\/2025\/12\/Logo.svg","contentUrl":"https:\/\/ceasuri.md\/wp-content\/uploads\/2025\/12\/Logo.svg","width":3338,"height":811,"caption":"Cronograf"},"image":{"@id":"https:\/\/ceasuri.md\/ru\/#\/schema\/logo\/image\/"}}]}},"_links":{"self":[{"href":"https:\/\/ceasuri.md\/ru\/wp-json\/wp\/v2\/product\/32599","targetHints":{"allow":["GET"]}}],"collection":[{"href":"https:\/\/ceasuri.md\/ru\/wp-json\/wp\/v2\/product"}],"about":[{"href":"https:\/\/ceasuri.md\/ru\/wp-json\/wp\/v2\/types\/product"}],"replies":[{"embeddable":true,"href":"https:\/\/ceasuri.md\/ru\/wp-json\/wp\/v2\/comments?post=32599"}],"wp:featuredmedia":[{"embeddable":true,"href":"https:\/\/ceasuri.md\/ru\/wp-json\/wp\/v2\/media\/32600"}],"wp:attachment":[{"href":"https:\/\/ceasuri.md\/ru\/wp-json\/wp\/v2\/media?parent=32599"}],"wp:term":[{"taxonomy":"product_brand","embeddable":true,"href":"https:\/\/ceasuri.md\/ru\/wp-json\/wp\/v2\/product_brand?post=32599"},{"taxonomy":"product_cat","embeddable":true,"href":"https:\/\/ceasuri.md\/ru\/wp-json\/wp\/v2\/product_cat?post=32599"},{"taxonomy":"product_tag","embeddable":true,"href":"https:\/\/ceasuri.md\/ru\/wp-json\/wp\/v2\/product_tag?post=32599"}],"curies":[{"name":"wp","href":"https:\/\/api.w.org\/{rel}","templated":true}]}}