{"id":32583,"date":"2026-04-02T20:22:53","date_gmt":"2026-04-02T17:22:53","guid":{"rendered":"http:\/\/new.ceasuri.md\/shop\/uncategorized\/casio-g-shock-gbd-800-8er\/"},"modified":"2026-04-20T00:08:06","modified_gmt":"2026-04-19T21:08:06","slug":"casio-g-shock-gbd-800-8er","status":"publish","type":"product","link":"https:\/\/ceasuri.md\/ru\/shop\/branduri\/casio\/casio-g-shock-gbd-800-8er\/","title":{"rendered":"\u0427\u0430\u0441\u044b CASIO G-SHOCK GBD-800-8ER"},"content":{"rendered":"<p>Un ceas multifunc\u021bional cu un design elegant &#8211; alegerea celor activi \u0219i cu un scop precis. Modelele din aceast\u0103 serie dispun de afi\u0219aje digitale cu mai multe segmente pentru o mai bun\u0103 lizibilitate. Afi\u0219ajul digital este \u00eemp\u0103r\u021bit \u00een sec\u021biuni superioare, medii \u0219i inferioare, cu un disc digital \u00een col\u021bul din dreapta sus. Fiecare zon\u0103 de afi\u0219are prezint\u0103 diverse m\u0103sur\u0103tori, cronometrarea timpului \u0219i alte informa\u021bii care ofer\u0103 date utile despre activit\u0103\u021bile dvs. zilnice.<\/p>\n<p>Carcasa rezistent\u0103 la \u0219ocuri protejeaz\u0103 mi\u0219carea de \u0219ocuri \u0219i vibra\u021bii.<\/p>\n<p>Cadranul este iluminat cu LED-uri, func\u021bia de iluminare automat\u0103 ilumineaz\u0103 cadranul atunci c\u00e2nd \u00eentoarce\u021bi ceasul spre fa\u021b\u0103.<br \/>\nPedometrul m\u0103soar\u0103 num\u0103rul de pa\u0219i de la 0 la 999999. Setare \u021bint\u0103 de la 1.000 la 50.000. Afi\u0219are grafic\u0103 a pa\u0219ilor parcur\u0219i \u00een ultimele 7h. Reamintire sonor\u0103 a inactivit\u0103\u021bii \u0219i a atingerii obiectivului.<\/p>\n<p>Tehnologie wireless Bluetooth\u00ae 4.0 cu consum de energie ultra-redus pentru sincronizarea cu smartphone-ul dvs. Atunci c\u00e2nd este conectat la un smartphone, ceasul ajusteaz\u0103 ora curent\u0103 \u0219i copiaz\u0103, de asemenea, set\u0103rile orei mondiale.Ora mondial\u0103 &#8211; 300 de ora\u0219e. Afi\u0219area simultan\u0103 a orei curente \u00een dou\u0103 fusuri orare diferite. Format de 12 \u0219i 24 de ore. Cronometru cu dou\u0103 citiri de precizie: 1\/100s (\u00eenainte de 1h) \u0219i 1s (dup\u0103 1h) \u0219i timp de m\u0103surare de 24h. Memorie pentru 200 de pa\u0219i (dat\u0103, or\u0103, timp pe tur). Posibilitatea de a seta 10 cronometre \u021bint\u0103. Cronometru cu num\u0103r\u0103toare invers\u0103 de la 1min la 1h cu repeti\u021bie automat\u0103. Num\u0103rul de repet\u0103ri ale cronometrului poate fi setat de la 1 la 20. Func\u021bie de mute\/dezactivare a sunetului.<\/p>","protected":false},"excerpt":{"rendered":"<p>Un ceas multifunc\u021bional cu un design elegant &#8211; alegerea celor activi \u0219i cu un scop precis. Modelele din aceast\u0103 serie dispun de afi\u0219aje digitale cu mai multe segmente pentru o mai bun\u0103 lizibilitate. Afi\u0219ajul digital este \u00eemp\u0103r\u021bit \u00een sec\u021biuni superioare, medii \u0219i inferioare, cu un disc digital \u00een col\u021bul din dreapta sus. Fiecare zon\u0103 de [&hellip;]<\/p>\n","protected":false},"featured_media":32584,"comment_status":"closed","ping_status":"open","template":"","meta":{"_acf_changed":false},"product_brand":[],"product_cat":[27,20,419],"product_tag":[],"class_list":{"0":"post-32583","1":"product","2":"type-product","3":"status-publish","4":"has-post-thumbnail","6":"product_cat-casio","7":"product_cat-ceasuri-barbati","8":"product_cat-g-shock","9":"pa_brand-casio","10":"pa_brand-g-shock","11":"pa_braslet-plastic","12":"pa_corpus-49-mm","13":"pa_forma-rotund","14":"pa_funcii-alarma","15":"pa_funcii-bluetooth-smart","16":"pa_funcii-calendar","17":"pa_funcii-cronometru","18":"pa_funcii-iluminare","19":"pa_funcii-pedometru","20":"pa_funcii-timp-mondial","21":"pa_garatia-24-luni","22":"pa_korpus-negru","23":"pa_korpus-verde","24":"pa_kvarc-quartz","25":"pa_material-plastic","26":"pa_mehanizm-electronic","27":"pa_remeshok-negru","28":"pa_remeshok-verde","29":"pa_steklo-cristal-mineral","30":"pa_strana-japonia","31":"pa_voda-20-atm","33":"first","34":"instock","35":"purchasable","36":"product-type-simple"},"acf":[],"_links":{"self":[{"href":"https:\/\/ceasuri.md\/ru\/wp-json\/wp\/v2\/product\/32583","targetHints":{"allow":["GET"]}}],"collection":[{"href":"https:\/\/ceasuri.md\/ru\/wp-json\/wp\/v2\/product"}],"about":[{"href":"https:\/\/ceasuri.md\/ru\/wp-json\/wp\/v2\/types\/product"}],"replies":[{"embeddable":true,"href":"https:\/\/ceasuri.md\/ru\/wp-json\/wp\/v2\/comments?post=32583"}],"wp:featuredmedia":[{"embeddable":true,"href":"https:\/\/ceasuri.md\/ru\/wp-json\/wp\/v2\/media\/32584"}],"wp:attachment":[{"href":"https:\/\/ceasuri.md\/ru\/wp-json\/wp\/v2\/media?parent=32583"}],"wp:term":[{"taxonomy":"product_brand","embeddable":true,"href":"https:\/\/ceasuri.md\/ru\/wp-json\/wp\/v2\/product_brand?post=32583"},{"taxonomy":"product_cat","embeddable":true,"href":"https:\/\/ceasuri.md\/ru\/wp-json\/wp\/v2\/product_cat?post=32583"},{"taxonomy":"product_tag","embeddable":true,"href":"https:\/\/ceasuri.md\/ru\/wp-json\/wp\/v2\/product_tag?post=32583"}],"curies":[{"name":"wp","href":"https:\/\/api.w.org\/{rel}","templated":true}]}}