{"id":32579,"date":"2026-04-02T20:22:53","date_gmt":"2026-04-02T17:22:53","guid":{"rendered":"http:\/\/new.ceasuri.md\/shop\/uncategorized\/casio-g-shock-gbd-800-1ber\/"},"modified":"2026-04-07T03:23:05","modified_gmt":"2026-04-07T00:23:05","slug":"casio-g-shock-gbd-800-1ber","status":"publish","type":"product","link":"https:\/\/ceasuri.md\/ru\/shop\/branduri\/casio\/casio-g-shock-gbd-800-1ber\/","title":{"rendered":"Ceas CASIO G-SHOCK GBD-800-1BER"},"content":{"rendered":"<p>Acestea sunt cele mai recente ad\u0103ugiri la linia de ceasuri sport G-SHOCK MOVE de la G-SHOCK.<\/p>\n<p>Aceste noi modele dispun de afi\u0219aje digitale cu mai multe segmente pentru a \u00eembun\u0103t\u0103\u021bi lizibilitatea \u0219i operarea \u00een timp ce sunte\u021bi angajat \u00een sport. Afi\u0219ajul digital este \u00eemp\u0103r\u021bit \u00een sec\u021biuni superioare, medii \u0219i inferioare, iar \u00een partea superioar\u0103 dreapt\u0103 exist\u0103 un cadran digital. Fiecare zon\u0103 de afi\u0219are arat\u0103 diferite m\u0103sur\u0103tori, cronometrare \u0219i alte informa\u021bii, ceea ce ofer\u0103 date utile despre activit\u0103\u021bile zilnice.<br \/>\nAceste modele sunt disponibile \u00eentr-o selec\u021bie de culori sportive amuzante, care sunt adesea folosite pentru \u00eembr\u0103c\u0103minte sportiv\u0103, pantofi de alergare \u0219i alte articole sportive. <\/p>\n<p>Din punct de vedere func\u021bional, ceasul se conecteaz\u0103 cu aplica\u021bia de telefon CASIO WATCHES pentru a oferi acces la o serie de func\u021bii pentru a sus\u021bine antrenamentele.<\/p>\n<p>Func\u021biile de sprijin pentru s\u0103n\u0103tate \u0219i fitness zilnic includ un accelerometru cu 3 axe care \u021bine eviden\u021ba num\u0103rului de pa\u0219i, un programator care v\u0103 permite s\u0103 crea\u021bi p\u00e2n\u0103 la 20 de combina\u021bii de cronometre de c\u00e2te cinci cronometre fiecare, memorie pentru p\u00e2n\u0103 la 200 de \u00eenregistr\u0103ri de ture \u0219i multe altele. De asemenea, aplica\u021bia face posibil\u0103 men\u021binerea jurnalelor de num\u0103rare a pa\u0219ilor calcularea caloriilor pe care le arde\u021bi, specificarea unui obiectiv zilnic de pa\u0219i, crearea de combina\u021bii de cronometre \u0219i trimiterea lor la ceas, stocarea datelor de m\u0103surare a cronometrului, vizualizarea datelor \u0219i multe altele.Toate acestea se combin\u0103 pentru a v\u0103 ajuta s\u0103 v\u0103 planifica\u021bi \u0219i s\u0103 v\u0103 \u00eenregistra\u021bi antrenamentele, f\u0103c\u00e2ndu-le mai eficiente \u0219i mai pl\u0103cute. Printre alte caracteristici se num\u0103r\u0103 corec\u021bia automat\u0103 a set\u0103rii timpului pe baz\u0103 de aplica\u021bie \u0219i alte func\u021bii pentru o cronometrare mai eficient\u0103, precum \u0219i o lumin\u0103 LED automat\u0103 (superiluminator) pentru a facilita antrenamentele \u00een zonele \u00een care iluminatul este slab.<\/p>\n<p>Un design de dimensiuni medii, optim pentru alergare \u0219i antrenament, Bluetooth, conectarea la aplica\u021bii de telefon \u0219i multe altele fac din aceste noi modele G-SHOCK MOVE alegerea perfect\u0103 pentru sport \u0219i \u021binute atletice.<\/p>","protected":false},"excerpt":{"rendered":"<p>Acestea sunt cele mai recente ad\u0103ugiri la linia de ceasuri sport G-SHOCK MOVE de la G-SHOCK. Aceste noi modele dispun de afi\u0219aje digitale cu mai multe segmente pentru a \u00eembun\u0103t\u0103\u021bi lizibilitatea \u0219i operarea \u00een timp ce sunte\u021bi angajat \u00een sport. Afi\u0219ajul digital este \u00eemp\u0103r\u021bit \u00een sec\u021biuni superioare, medii \u0219i inferioare, iar \u00een partea superioar\u0103 dreapt\u0103 [&hellip;]<\/p>\n","protected":false},"featured_media":32580,"comment_status":"closed","ping_status":"open","template":"","meta":{"_acf_changed":false},"product_brand":[],"product_cat":[27,20,419],"product_tag":[],"class_list":{"0":"post-32579","1":"product","2":"type-product","3":"status-publish","4":"has-post-thumbnail","6":"product_cat-casio","7":"product_cat-ceasuri-barbati","8":"product_cat-g-shock","9":"pa_brand-casio","10":"pa_brand-g-shock","11":"pa_braslet-plastic","12":"pa_corpus-49-mm","13":"pa_forma-rotund","14":"pa_funcii-alarma","15":"pa_funcii-bluetooth-smart","16":"pa_funcii-calendar","17":"pa_funcii-cronometru","18":"pa_funcii-iluminare","19":"pa_funcii-pedometru","20":"pa_funcii-timp-mondial","21":"pa_garatia-24-luni","22":"pa_korpus-negru","23":"pa_korpus-rosu","24":"pa_material-plastic","25":"pa_mehanizm-electronic","26":"pa_remeshok-negru","27":"pa_steklo-cristal-mineral","28":"pa_strana-japonia","29":"pa_voda-20-atm","31":"first","32":"instock","33":"purchasable","34":"product-type-simple"},"acf":[],"_links":{"self":[{"href":"https:\/\/ceasuri.md\/ru\/wp-json\/wp\/v2\/product\/32579","targetHints":{"allow":["GET"]}}],"collection":[{"href":"https:\/\/ceasuri.md\/ru\/wp-json\/wp\/v2\/product"}],"about":[{"href":"https:\/\/ceasuri.md\/ru\/wp-json\/wp\/v2\/types\/product"}],"replies":[{"embeddable":true,"href":"https:\/\/ceasuri.md\/ru\/wp-json\/wp\/v2\/comments?post=32579"}],"wp:featuredmedia":[{"embeddable":true,"href":"https:\/\/ceasuri.md\/ru\/wp-json\/wp\/v2\/media\/32580"}],"wp:attachment":[{"href":"https:\/\/ceasuri.md\/ru\/wp-json\/wp\/v2\/media?parent=32579"}],"wp:term":[{"taxonomy":"product_brand","embeddable":true,"href":"https:\/\/ceasuri.md\/ru\/wp-json\/wp\/v2\/product_brand?post=32579"},{"taxonomy":"product_cat","embeddable":true,"href":"https:\/\/ceasuri.md\/ru\/wp-json\/wp\/v2\/product_cat?post=32579"},{"taxonomy":"product_tag","embeddable":true,"href":"https:\/\/ceasuri.md\/ru\/wp-json\/wp\/v2\/product_tag?post=32579"}],"curies":[{"name":"wp","href":"https:\/\/api.w.org\/{rel}","templated":true}]}}