{"id":32563,"date":"2026-04-02T20:22:16","date_gmt":"2026-04-02T17:22:16","guid":{"rendered":"http:\/\/new.ceasuri.md\/shop\/uncategorized\/casio-g-shock-ga-810b-1a9\/"},"modified":"2026-04-07T03:23:01","modified_gmt":"2026-04-07T00:23:01","slug":"casio-g-shock-ga-810b-1a9","status":"publish","type":"product","link":"https:\/\/ceasuri.md\/ru\/shop\/branduri\/casio\/casio-g-shock-ga-810b-1a9\/","title":{"rendered":"Ceas CASIO G-SHOCK GA-810B-1A9"},"content":{"rendered":"<p>Cu noul s\u0103u design reinterpretat \u0219i m\u00e2inile mari, ceasul nu numai c\u0103 arat\u0103 foarte bine, dar ofer\u0103 \u0219i o indica\u021bie a orei foarte convenabil\u0103.<\/p>\n<p>Carcasa rezistent\u0103 la \u0219ocuri protejeaz\u0103 mi\u0219carea de \u0219ocuri \u0219i vibra\u021bii.<\/p>\n<p>Retroiluminarea luminoas\u0103 cu LED-uri duble lumineaz\u0103 nu numai ecranul LCD, ci \u0219i \u00eentregul cadran. Stratul de neobrit care absoarbe lumina continu\u0103 s\u0103 str\u0103luceasc\u0103 \u00een \u00eentuneric chiar \u0219i dup\u0103 o scurt\u0103 expunere la lumin\u0103.<\/p>\n<p>Al doilea fus orar.<\/p>\n<p>Cronograf cu dou\u0103 citiri de precizie: 1\/100s (\u00eenainte de 1h) \u0219i 1s (dup\u0103 1h) \u0219i un timp de m\u0103surare de 24 de ore. Memorie pentru 120 de pa\u0219i.<\/p>\n<p>Cronometru cu num\u0103r\u0103toare invers\u0103 de la 1min la 100min.<\/p>\n<p>Func\u021bie de mi\u0219care a m\u00e2inii.<\/p>\n<p>Func\u021bie de mute\/dezactivare a sunetului.<\/p>","protected":false},"excerpt":{"rendered":"<p>Cu noul s\u0103u design reinterpretat \u0219i m\u00e2inile mari, ceasul nu numai c\u0103 arat\u0103 foarte bine, dar ofer\u0103 \u0219i o indica\u021bie a orei foarte convenabil\u0103. Carcasa rezistent\u0103 la \u0219ocuri protejeaz\u0103 mi\u0219carea de \u0219ocuri \u0219i vibra\u021bii. Retroiluminarea luminoas\u0103 cu LED-uri duble lumineaz\u0103 nu numai ecranul LCD, ci \u0219i \u00eentregul cadran. Stratul de neobrit care absoarbe lumina continu\u0103 [&hellip;]<\/p>\n","protected":false},"featured_media":32564,"comment_status":"closed","ping_status":"open","template":"","meta":{"_acf_changed":false},"product_brand":[],"product_cat":[27,20,419],"product_tag":[],"class_list":{"0":"post-32563","1":"product","2":"type-product","3":"status-publish","4":"has-post-thumbnail","6":"product_cat-casio","7":"product_cat-ceasuri-barbati","8":"product_cat-g-shock","9":"pa_brand-casio","10":"pa_brand-g-shock","11":"pa_braslet-plastic","12":"pa_corpus-49-mm","13":"pa_forma-rotund","14":"pa_funcii-alarma","15":"pa_funcii-calendar","16":"pa_funcii-cronometru","17":"pa_funcii-dual-time","18":"pa_funcii-iluminare","19":"pa_garatia-24-luni","20":"pa_korpus-negru","21":"pa_material-plastic","22":"pa_mehanizm-electronic","23":"pa_mehanizm-quartz","24":"pa_remeshok-negru","25":"pa_steklo-cristal-mineral","26":"pa_strana-japonia","27":"pa_voda-20-atm","29":"first","30":"instock","31":"purchasable","32":"product-type-simple"},"acf":[],"_links":{"self":[{"href":"https:\/\/ceasuri.md\/ru\/wp-json\/wp\/v2\/product\/32563","targetHints":{"allow":["GET"]}}],"collection":[{"href":"https:\/\/ceasuri.md\/ru\/wp-json\/wp\/v2\/product"}],"about":[{"href":"https:\/\/ceasuri.md\/ru\/wp-json\/wp\/v2\/types\/product"}],"replies":[{"embeddable":true,"href":"https:\/\/ceasuri.md\/ru\/wp-json\/wp\/v2\/comments?post=32563"}],"wp:featuredmedia":[{"embeddable":true,"href":"https:\/\/ceasuri.md\/ru\/wp-json\/wp\/v2\/media\/32564"}],"wp:attachment":[{"href":"https:\/\/ceasuri.md\/ru\/wp-json\/wp\/v2\/media?parent=32563"}],"wp:term":[{"taxonomy":"product_brand","embeddable":true,"href":"https:\/\/ceasuri.md\/ru\/wp-json\/wp\/v2\/product_brand?post=32563"},{"taxonomy":"product_cat","embeddable":true,"href":"https:\/\/ceasuri.md\/ru\/wp-json\/wp\/v2\/product_cat?post=32563"},{"taxonomy":"product_tag","embeddable":true,"href":"https:\/\/ceasuri.md\/ru\/wp-json\/wp\/v2\/product_tag?post=32563"}],"curies":[{"name":"wp","href":"https:\/\/api.w.org\/{rel}","templated":true}]}}