{"id":32550,"date":"2026-04-02T20:22:16","date_gmt":"2026-04-02T17:22:16","guid":{"rendered":"http:\/\/new.ceasuri.md\/shop\/uncategorized\/casio-g-shock-ga-500k-3a\/"},"modified":"2026-04-15T16:32:55","modified_gmt":"2026-04-15T13:32:55","slug":"casio-g-shock-ga-500k-3a","status":"publish","type":"product","link":"https:\/\/ceasuri.md\/ru\/shop\/branduri\/casio\/casio-g-shock-ga-500k-3a\/","title":{"rendered":"Ceas CASIO G-SHOCK GA-500K-3A"},"content":{"rendered":"<p>Casio G-SHOCK prezint\u0103 prima sa colaborare cu magazinul american de biciclete \u0219i brandul de \u00eembr\u0103c\u0103minte de strad\u0103 Chari &#038; Co. G-Shock Chari &#038; Co. Edi\u021bie limitat\u0103.<\/p>\n<p>Carcasa anti\u0219oc protejeaz\u0103 mi\u0219carea de \u0219ocuri \u0219i vibra\u021bii.<\/p>\n<p>Cadranul este iluminat cu LED-uri.<\/p>\n<p>Ora mondial\u0103 &#8211; 48 de ora\u0219e (31 de fusuri orare), timp universal coordonat (UTC). Trecere automat\u0103 la ora de iarn\u0103 \u0219i de var\u0103, posibilitatea de a activa\/dezactiva aceast\u0103 func\u021bie. Format de 12 \u0219i 24 de ore.<\/p>\n<p>Cronometru cu o precizie de 1\/100s \u0219i timp de m\u0103surare de 24h. Cronograf divizat. Func\u021bia Target Time &#8211; semnaleaz\u0103 c\u00e2nd a fost atins timpul setat pe cronometru.<\/p>\n<p>Cronometru cu num\u0103r\u0103toare invers\u0103 de la 1min la 1h.<\/p>\n<p>Cronometru retrograd \u0219i ar\u0103t\u0103tor de cronograf.<\/p>\n<p>Func\u021bie de mi\u0219care a m\u00e2inilor.<\/p>\n<p>Func\u021bie de activare\/dezactivare a sunetului.<\/p>","protected":false},"excerpt":{"rendered":"<p>Casio G-SHOCK prezint\u0103 prima sa colaborare cu magazinul american de biciclete \u0219i brandul de \u00eembr\u0103c\u0103minte de strad\u0103 Chari &#038; Co. G-Shock Chari &#038; Co. Edi\u021bie limitat\u0103. Carcasa anti\u0219oc protejeaz\u0103 mi\u0219carea de \u0219ocuri \u0219i vibra\u021bii. Cadranul este iluminat cu LED-uri. Ora mondial\u0103 &#8211; 48 de ora\u0219e (31 de fusuri orare), timp universal coordonat (UTC). Trecere automat\u0103 [&hellip;]<\/p>\n","protected":false},"featured_media":32551,"comment_status":"closed","ping_status":"open","template":"","meta":{"_acf_changed":false},"product_brand":[],"product_cat":[27,20,419],"product_tag":[693,695],"class_list":{"0":"post-32550","1":"product","2":"type-product","3":"status-publish","4":"has-post-thumbnail","6":"product_cat-casio","7":"product_cat-ceasuri-barbati","8":"product_cat-g-shock","9":"product_tag-693","10":"product_tag-695","11":"pa_brand-casio","12":"pa_brand-g-shock","13":"pa_braslet-plastic","14":"pa_corpus-49-mm","15":"pa_forma-rotund","16":"pa_funcii-alarma","17":"pa_funcii-calendar","18":"pa_funcii-cronometru","19":"pa_funcii-dual-time","20":"pa_funcii-iluminare","21":"pa_funcii-timp-mondial","22":"pa_garatia-24-luni","23":"pa_korpus-negru","24":"pa_korpus-verde","25":"pa_kvarc-quartz","26":"pa_material-plastic","27":"pa_mehanizm-electronic","28":"pa_mehanizm-quartz","29":"pa_remeshok-negru","30":"pa_remeshok-verde","31":"pa_steklo-cristal-mineral","32":"pa_strana-japonia","33":"pa_voda-20-atm","35":"first","36":"instock","37":"purchasable","38":"product-type-simple"},"acf":[],"_links":{"self":[{"href":"https:\/\/ceasuri.md\/ru\/wp-json\/wp\/v2\/product\/32550","targetHints":{"allow":["GET"]}}],"collection":[{"href":"https:\/\/ceasuri.md\/ru\/wp-json\/wp\/v2\/product"}],"about":[{"href":"https:\/\/ceasuri.md\/ru\/wp-json\/wp\/v2\/types\/product"}],"replies":[{"embeddable":true,"href":"https:\/\/ceasuri.md\/ru\/wp-json\/wp\/v2\/comments?post=32550"}],"wp:featuredmedia":[{"embeddable":true,"href":"https:\/\/ceasuri.md\/ru\/wp-json\/wp\/v2\/media\/32551"}],"wp:attachment":[{"href":"https:\/\/ceasuri.md\/ru\/wp-json\/wp\/v2\/media?parent=32550"}],"wp:term":[{"taxonomy":"product_brand","embeddable":true,"href":"https:\/\/ceasuri.md\/ru\/wp-json\/wp\/v2\/product_brand?post=32550"},{"taxonomy":"product_cat","embeddable":true,"href":"https:\/\/ceasuri.md\/ru\/wp-json\/wp\/v2\/product_cat?post=32550"},{"taxonomy":"product_tag","embeddable":true,"href":"https:\/\/ceasuri.md\/ru\/wp-json\/wp\/v2\/product_tag?post=32550"}],"curies":[{"name":"wp","href":"https:\/\/api.w.org\/{rel}","templated":true}]}}