{"id":32509,"date":"2026-04-02T20:22:16","date_gmt":"2026-04-02T17:22:16","guid":{"rendered":"http:\/\/new.ceasuri.md\/shop\/uncategorized\/casio-g-shock-g-1000-7a\/"},"modified":"2026-04-20T00:07:39","modified_gmt":"2026-04-19T21:07:39","slug":"casio-g-shock-g-1000-7a","status":"publish","type":"product","link":"https:\/\/ceasuri.md\/ru\/shop\/branduri\/casio\/casio-g-shock-g-1000-7a\/","title":{"rendered":"\u0427\u0430\u0441\u044b CASIO G-SHOCK G-1000-7A"},"content":{"rendered":"<p>Ceas cronograf. Carcasa rezistent\u0103 la \u0219ocuri protejeaz\u0103 mi\u0219carea de \u0219ocuri \u0219i vibra\u021bii.<\/p>\n<p>Stratul de neobrit care absoarbe lumina continu\u0103 s\u0103 str\u0103luceasc\u0103 \u00een \u00eentuneric chiar \u0219i dup\u0103 o scurt\u0103 expunere la lumin\u0103.<\/p>\n<p>Afi\u0219area orei curente \u00een principalele ora\u0219e \u0219i regiuni ale lumii.<\/p>\n<p>Func\u021bia de alarm\u0103 multipl\u0103 v\u0103 permite s\u0103 seta\u021bi o alarm\u0103 zilnic\u0103 pentru o anumit\u0103 or\u0103.<\/p>\n<p>Cronometru cu o precizie de 1\/20 de secund\u0103 \u0219i o durat\u0103 maxim\u0103 de m\u0103surare de 24 de ore.<\/p>","protected":false},"excerpt":{"rendered":"<p>Ceas cronograf. Carcasa rezistent\u0103 la \u0219ocuri protejeaz\u0103 mi\u0219carea de \u0219ocuri \u0219i vibra\u021bii. Stratul de neobrit care absoarbe lumina continu\u0103 s\u0103 str\u0103luceasc\u0103 \u00een \u00eentuneric chiar \u0219i dup\u0103 o scurt\u0103 expunere la lumin\u0103. Afi\u0219area orei curente \u00een principalele ora\u0219e \u0219i regiuni ale lumii. Func\u021bia de alarm\u0103 multipl\u0103 v\u0103 permite s\u0103 seta\u021bi o alarm\u0103 zilnic\u0103 pentru o anumit\u0103 [&hellip;]<\/p>\n","protected":false},"featured_media":32510,"comment_status":"closed","ping_status":"open","template":"","meta":{"_acf_changed":false},"product_brand":[],"product_cat":[27,20,419],"product_tag":[693,695],"class_list":{"0":"post-32509","1":"product","2":"type-product","3":"status-publish","4":"has-post-thumbnail","6":"product_cat-casio","7":"product_cat-ceasuri-barbati","8":"product_cat-g-shock","9":"product_tag-693","10":"product_tag-695","11":"pa_brand-casio","12":"pa_brand-g-shock","13":"pa_braslet-plastic","14":"pa_corpus-47-mm","15":"pa_forma-rotund","16":"pa_funcii-alarma","17":"pa_funcii-cronograf","18":"pa_funcii-data","19":"pa_funcii-timp-mondial","20":"pa_garatia-24-luni","21":"pa_korpus-argintiu","22":"pa_korpus-negru","23":"pa_kvarc-quartz","24":"pa_material-otel-inoxidabil","25":"pa_material-plastic","26":"pa_mehanizm-quartz","27":"pa_remeshok-negru","28":"pa_steklo-cristal-mineral","29":"pa_strana-japonia","30":"pa_voda-20-atm","32":"first","33":"instock","34":"purchasable","35":"product-type-simple"},"acf":[],"_links":{"self":[{"href":"https:\/\/ceasuri.md\/ru\/wp-json\/wp\/v2\/product\/32509","targetHints":{"allow":["GET"]}}],"collection":[{"href":"https:\/\/ceasuri.md\/ru\/wp-json\/wp\/v2\/product"}],"about":[{"href":"https:\/\/ceasuri.md\/ru\/wp-json\/wp\/v2\/types\/product"}],"replies":[{"embeddable":true,"href":"https:\/\/ceasuri.md\/ru\/wp-json\/wp\/v2\/comments?post=32509"}],"wp:featuredmedia":[{"embeddable":true,"href":"https:\/\/ceasuri.md\/ru\/wp-json\/wp\/v2\/media\/32510"}],"wp:attachment":[{"href":"https:\/\/ceasuri.md\/ru\/wp-json\/wp\/v2\/media?parent=32509"}],"wp:term":[{"taxonomy":"product_brand","embeddable":true,"href":"https:\/\/ceasuri.md\/ru\/wp-json\/wp\/v2\/product_brand?post=32509"},{"taxonomy":"product_cat","embeddable":true,"href":"https:\/\/ceasuri.md\/ru\/wp-json\/wp\/v2\/product_cat?post=32509"},{"taxonomy":"product_tag","embeddable":true,"href":"https:\/\/ceasuri.md\/ru\/wp-json\/wp\/v2\/product_tag?post=32509"}],"curies":[{"name":"wp","href":"https:\/\/api.w.org\/{rel}","templated":true}]}}