{"id":32396,"date":"2026-04-02T20:20:51","date_gmt":"2026-04-02T17:20:51","guid":{"rendered":"http:\/\/new.ceasuri.md\/shop\/uncategorized\/fossil-minimalist-3h-fs5304\/"},"modified":"2026-04-07T03:22:28","modified_gmt":"2026-04-07T00:22:28","slug":"fossil-minimalist-3h-fs5304","status":"publish","type":"product","link":"https:\/\/ceasuri.md\/ru\/shop\/branduri\/fossil\/fossil-minimalist-3h-fs5304\/","title":{"rendered":"Ceas FOSSIL MINIMALIST 3H FS5304"},"content":{"rendered":"<p>T\u00e2n\u0103r, activ, inteligent, cu un bun sim\u021b al stilului, perfect con\u0219tient de toate regulile jocului cu culoarea&#8230;.. Ceasurile Fossil te caut\u0103!<\/p>\n<p>Tinerii din \u00eentreaga lume aleg hainele \u0219i accesoriile acestui brand pentru designul lor unic, \u00een care elementele retro coexist\u0103 str\u0103lucitor cu notele moderne, cre\u00e2nd o uniune armonioas\u0103.<\/p>\n<p>St\u0103p\u00e2nind echilibrul dintre inspira\u021bia vintage \u0219i designul modern, acest ceas \u00eencorporeaz\u0103 estetica minimalist\u0103, de la fa\u021ba sa curat\u0103 p\u00e2n\u0103 la carcasa sa sub\u021bire, care se a\u0219eaz\u0103 f\u0103r\u0103 efort pe \u00eencheietura m\u00e2inii.<\/p>","protected":false},"excerpt":{"rendered":"<p>T\u00e2n\u0103r, activ, inteligent, cu un bun sim\u021b al stilului, perfect con\u0219tient de toate regulile jocului cu culoarea&#8230;.. Ceasurile Fossil te caut\u0103! Tinerii din \u00eentreaga lume aleg hainele \u0219i accesoriile acestui brand pentru designul lor unic, \u00een care elementele retro coexist\u0103 str\u0103lucitor cu notele moderne, cre\u00e2nd o uniune armonioas\u0103. St\u0103p\u00e2nind echilibrul dintre inspira\u021bia vintage \u0219i designul [&hellip;]<\/p>\n","protected":false},"featured_media":32397,"comment_status":"closed","ping_status":"open","template":"","meta":{"_acf_changed":false},"product_brand":[],"product_cat":[20,396],"product_tag":[],"class_list":{"0":"post-32396","1":"product","2":"type-product","3":"status-publish","4":"has-post-thumbnail","6":"product_cat-ceasuri-barbati","7":"product_cat-fossil","8":"pa_brand-fossil","9":"pa_braslet-piele","10":"pa_corpus-44-mm","11":"pa_forma-rotund","12":"pa_garatia-24-luni","13":"pa_korpus-argintiu","14":"pa_material-otel-inoxidabil","15":"pa_mehanizm-quartz","16":"pa_remeshok-maro","17":"pa_steklo-cristal-mineral","18":"pa_strana-sua","19":"pa_voda-5-atm","21":"first","22":"instock","23":"purchasable","24":"product-type-simple"},"acf":[],"_links":{"self":[{"href":"https:\/\/ceasuri.md\/ru\/wp-json\/wp\/v2\/product\/32396","targetHints":{"allow":["GET"]}}],"collection":[{"href":"https:\/\/ceasuri.md\/ru\/wp-json\/wp\/v2\/product"}],"about":[{"href":"https:\/\/ceasuri.md\/ru\/wp-json\/wp\/v2\/types\/product"}],"replies":[{"embeddable":true,"href":"https:\/\/ceasuri.md\/ru\/wp-json\/wp\/v2\/comments?post=32396"}],"wp:featuredmedia":[{"embeddable":true,"href":"https:\/\/ceasuri.md\/ru\/wp-json\/wp\/v2\/media\/32397"}],"wp:attachment":[{"href":"https:\/\/ceasuri.md\/ru\/wp-json\/wp\/v2\/media?parent=32396"}],"wp:term":[{"taxonomy":"product_brand","embeddable":true,"href":"https:\/\/ceasuri.md\/ru\/wp-json\/wp\/v2\/product_brand?post=32396"},{"taxonomy":"product_cat","embeddable":true,"href":"https:\/\/ceasuri.md\/ru\/wp-json\/wp\/v2\/product_cat?post=32396"},{"taxonomy":"product_tag","embeddable":true,"href":"https:\/\/ceasuri.md\/ru\/wp-json\/wp\/v2\/product_tag?post=32396"}],"curies":[{"name":"wp","href":"https:\/\/api.w.org\/{rel}","templated":true}]}}