{"id":32229,"date":"2026-04-02T20:19:42","date_gmt":"2026-04-02T17:19:42","guid":{"rendered":"http:\/\/new.ceasuri.md\/shop\/uncategorized\/jacques-lemans-f1-f-5033b\/"},"modified":"2026-04-07T03:21:57","modified_gmt":"2026-04-07T00:21:57","slug":"jacques-lemans-f1-f-5033b","status":"publish","type":"product","link":"https:\/\/ceasuri.md\/ru\/shop\/branduri\/jacques-lemans\/jacques-lemans-f1-f-5033b\/","title":{"rendered":"Ceas JACQUES LEMANS F1 F-5033B"},"content":{"rendered":"<p>Ceasurile Jacques Lemans sunt pentru cei care caut\u0103 cea mai \u00eenalt\u0103 calitate, dar nu simt nevoia s\u0103 pl\u0103teasc\u0103 prea mult pentru un nume de marc\u0103 sau un design la mod\u0103.Jacques Lemans a aderat \u00eentotdeauna la principiul: \u201eCalitate ridicat\u0103 la un pre\u021b rezonabil\u201d.<\/p>\n<p>Combina\u021bia reu\u0219it\u0103 de mecanisme bine func\u021bionale, costuri adecvate \u0219i design elegant permite m\u0103rcii s\u0103 concureze de la egal la egal cu multe companii orologere renumite.<\/p>\n<p>In 2006, Jacques Lemans a primit o licen\u021b\u0103 exclusiv\u0103 din partea \u0219efului Formulei 1, Bernie Ecclestone, pentru a utiliza logo-ul Formula 1 pe ceasurile sale. Colec\u021bia prezint\u0103 materiale precum carbonul, titanul, cauciucul \u0219i o\u021belul inoxidabil.<\/p>","protected":false},"excerpt":{"rendered":"<p>Ceasurile Jacques Lemans sunt pentru cei care caut\u0103 cea mai \u00eenalt\u0103 calitate, dar nu simt nevoia s\u0103 pl\u0103teasc\u0103 prea mult pentru un nume de marc\u0103 sau un design la mod\u0103.Jacques Lemans a aderat \u00eentotdeauna la principiul: \u201eCalitate ridicat\u0103 la un pre\u021b rezonabil\u201d. Combina\u021bia reu\u0219it\u0103 de mecanisme bine func\u021bionale, costuri adecvate \u0219i design elegant permite m\u0103rcii [&hellip;]<\/p>\n","protected":false},"featured_media":32230,"comment_status":"closed","ping_status":"open","template":"","meta":{"_acf_changed":false},"product_brand":[],"product_cat":[20,206,23],"product_tag":[],"class_list":{"0":"post-32229","1":"product","2":"type-product","3":"status-publish","4":"has-post-thumbnail","6":"product_cat-ceasuri-barbati","7":"product_cat-jacques-lemans","8":"product_cat-sale-ceasuri-barbati","9":"pa_brand-jacques-lemans","10":"pa_braslet-piele","11":"pa_corpus-42-mm","12":"pa_forma-rotund","13":"pa_funcii-cronograf","14":"pa_funcii-cronometru","15":"pa_funcii-data","16":"pa_funcii-tahimetru","17":"pa_garatia-6-luni","18":"pa_korpus-argintiu","19":"pa_material-otel-inoxidabil","20":"pa_mehanizm-quartz","21":"pa_remeshok-bicolor","22":"pa_steklo-cristal-mineral","23":"pa_strana-austria","24":"pa_voda-10-atm","26":"first","27":"instock","28":"sale","29":"purchasable","30":"product-type-simple"},"acf":[],"_links":{"self":[{"href":"https:\/\/ceasuri.md\/ru\/wp-json\/wp\/v2\/product\/32229","targetHints":{"allow":["GET"]}}],"collection":[{"href":"https:\/\/ceasuri.md\/ru\/wp-json\/wp\/v2\/product"}],"about":[{"href":"https:\/\/ceasuri.md\/ru\/wp-json\/wp\/v2\/types\/product"}],"replies":[{"embeddable":true,"href":"https:\/\/ceasuri.md\/ru\/wp-json\/wp\/v2\/comments?post=32229"}],"wp:featuredmedia":[{"embeddable":true,"href":"https:\/\/ceasuri.md\/ru\/wp-json\/wp\/v2\/media\/32230"}],"wp:attachment":[{"href":"https:\/\/ceasuri.md\/ru\/wp-json\/wp\/v2\/media?parent=32229"}],"wp:term":[{"taxonomy":"product_brand","embeddable":true,"href":"https:\/\/ceasuri.md\/ru\/wp-json\/wp\/v2\/product_brand?post=32229"},{"taxonomy":"product_cat","embeddable":true,"href":"https:\/\/ceasuri.md\/ru\/wp-json\/wp\/v2\/product_cat?post=32229"},{"taxonomy":"product_tag","embeddable":true,"href":"https:\/\/ceasuri.md\/ru\/wp-json\/wp\/v2\/product_tag?post=32229"}],"curies":[{"name":"wp","href":"https:\/\/api.w.org\/{rel}","templated":true}]}}