{"id":32091,"date":"2026-04-02T20:18:27","date_gmt":"2026-04-02T17:18:27","guid":{"rendered":"http:\/\/new.ceasuri.md\/shop\/uncategorized\/fossil-scarlette-mini-es4318\/"},"modified":"2026-04-15T16:31:09","modified_gmt":"2026-04-15T13:31:09","slug":"fossil-scarlette-mini-es4318","status":"publish","type":"product","link":"https:\/\/ceasuri.md\/ru\/shop\/branduri\/fossil\/fossil-scarlette-mini-es4318\/","title":{"rendered":"Ceas FOSSIL SCARLETTE MINI ES4318"},"content":{"rendered":"<p>Combina\u021bia perfect\u0103 de elegan\u021b\u0103, feminitate seduc\u0103toare \u0219i func\u021bionalitate &#8211; completa stilul.<\/p>\n<p>Cadranul este realizat cu tehnologia Sunray. Marcaje de liniu\u021be \u0219i cifre romane VI \u0219i XII.<\/p>\n<p>Fereastr\u0103 pentru dat\u0103 cu lup\u0103 la ora 3.<\/p>\n<p>Coroan\u0103 canelat\u0103.<\/p>\n<p>Br\u0103\u021bar\u0103 cu \u00eenchiz\u0103toare pliabil\u0103.<\/p>\n<p\/>","protected":false},"excerpt":{"rendered":"<p>Combina\u021bia perfect\u0103 de elegan\u021b\u0103, feminitate seduc\u0103toare \u0219i func\u021bionalitate &#8211; completa stilul. Cadranul este realizat cu tehnologia Sunray. Marcaje de liniu\u021be \u0219i cifre romane VI \u0219i XII. Fereastr\u0103 pentru dat\u0103 cu lup\u0103 la ora 3. Coroan\u0103 canelat\u0103. Br\u0103\u021bar\u0103 cu \u00eenchiz\u0103toare pliabil\u0103.<\/p>","protected":false},"featured_media":32092,"comment_status":"closed","ping_status":"open","template":"","meta":{"_acf_changed":false},"product_brand":[],"product_cat":[25,396],"product_tag":[],"class_list":{"0":"post-32091","1":"product","2":"type-product","3":"status-publish","4":"has-post-thumbnail","6":"product_cat-ceasuri-dama","7":"product_cat-fossil","8":"pa_brand-fossil","9":"pa_braslet-otel-inoxidabil","10":"pa_corpus-32-mm","11":"pa_decor-cristale-swarowski","12":"pa_forma-rotund","13":"pa_funcii-data","14":"pa_garatia-24-luni","15":"pa_korpus-roz-gold","16":"pa_kvarc-quartz","17":"pa_material-otel-inoxidabil","18":"pa_mehanizm-quartz","19":"pa_remeshok-roz-gold","20":"pa_steklo-cristal-mineral","21":"pa_strana-sua","22":"pa_voda-5-atm","24":"first","25":"instock","26":"purchasable","27":"product-type-simple"},"acf":[],"_links":{"self":[{"href":"https:\/\/ceasuri.md\/ru\/wp-json\/wp\/v2\/product\/32091","targetHints":{"allow":["GET"]}}],"collection":[{"href":"https:\/\/ceasuri.md\/ru\/wp-json\/wp\/v2\/product"}],"about":[{"href":"https:\/\/ceasuri.md\/ru\/wp-json\/wp\/v2\/types\/product"}],"replies":[{"embeddable":true,"href":"https:\/\/ceasuri.md\/ru\/wp-json\/wp\/v2\/comments?post=32091"}],"wp:featuredmedia":[{"embeddable":true,"href":"https:\/\/ceasuri.md\/ru\/wp-json\/wp\/v2\/media\/32092"}],"wp:attachment":[{"href":"https:\/\/ceasuri.md\/ru\/wp-json\/wp\/v2\/media?parent=32091"}],"wp:term":[{"taxonomy":"product_brand","embeddable":true,"href":"https:\/\/ceasuri.md\/ru\/wp-json\/wp\/v2\/product_brand?post=32091"},{"taxonomy":"product_cat","embeddable":true,"href":"https:\/\/ceasuri.md\/ru\/wp-json\/wp\/v2\/product_cat?post=32091"},{"taxonomy":"product_tag","embeddable":true,"href":"https:\/\/ceasuri.md\/ru\/wp-json\/wp\/v2\/product_tag?post=32091"}],"curies":[{"name":"wp","href":"https:\/\/api.w.org\/{rel}","templated":true}]}}