{"id":32035,"date":"2026-04-02T20:17:35","date_gmt":"2026-04-02T17:17:35","guid":{"rendered":"http:\/\/new.ceasuri.md\/shop\/uncategorized\/fossil-jacqueline-es4209\/"},"modified":"2026-04-16T20:59:01","modified_gmt":"2026-04-16T17:59:01","slug":"fossil-jacqueline-es4209","status":"publish","type":"product","link":"https:\/\/ceasuri.md\/ru\/shop\/branduri\/fossil\/fossil-jacqueline-es4209\/","title":{"rendered":"Ceas FOSSIL ES4209 Jacqueline"},"content":{"rendered":"<p>Un ceas de m\u00e2n\u0103 de la popularul brand american Fossil &#8211; va ar\u0103ta grozav at\u00e2t la stilul casual, c\u00e2t \u0219i la cel de costum.<\/p>\n<p>Carcasa rotund\u0103 a ceasului este realizat\u0103 din o\u021bel inoxidabil.<\/p>\n<p>Cadran alb cu cifre arabe.<\/p>\n<p>Ceasul este \u021binut la m\u00e2n\u0103 de o curea original\u0103 din piele natural\u0103 de culoare bej cu inser\u021bii maro.<\/p>\n<p>Cristal mineral.<\/p>","protected":false},"excerpt":{"rendered":"<p>Un ceas de m\u00e2n\u0103 de la popularul brand american Fossil &#8211; va ar\u0103ta grozav at\u00e2t la stilul casual, c\u00e2t \u0219i la cel de costum. Carcasa rotund\u0103 a ceasului este realizat\u0103 din o\u021bel inoxidabil. Cadran alb cu cifre arabe. Ceasul este \u021binut la m\u00e2n\u0103 de o curea original\u0103 din piele natural\u0103 de culoare bej cu inser\u021bii [&hellip;]<\/p>\n","protected":false},"featured_media":32036,"comment_status":"closed","ping_status":"open","template":"","meta":{"_acf_changed":false},"product_brand":[],"product_cat":[25,396],"product_tag":[],"class_list":{"0":"post-32035","1":"product","2":"type-product","3":"status-publish","4":"has-post-thumbnail","6":"product_cat-ceasuri-dama","7":"product_cat-fossil","8":"pa_brand-fossil","9":"pa_braslet-piele","10":"pa_corpus-36-mm","11":"pa_forma-rotund","12":"pa_funcii-data","13":"pa_garatia-24-luni","14":"pa_korpus-argintiu","15":"pa_kvarc-quartz","16":"pa_material-otel-inoxidabil","17":"pa_mehanizm-quartz","18":"pa_remeshok-bej","19":"pa_remeshok-maro","20":"pa_steklo-cristal-mineral","21":"pa_strana-sua","22":"pa_voda-3-atm","24":"first","25":"instock","26":"purchasable","27":"product-type-simple"},"acf":[],"_links":{"self":[{"href":"https:\/\/ceasuri.md\/ru\/wp-json\/wp\/v2\/product\/32035","targetHints":{"allow":["GET"]}}],"collection":[{"href":"https:\/\/ceasuri.md\/ru\/wp-json\/wp\/v2\/product"}],"about":[{"href":"https:\/\/ceasuri.md\/ru\/wp-json\/wp\/v2\/types\/product"}],"replies":[{"embeddable":true,"href":"https:\/\/ceasuri.md\/ru\/wp-json\/wp\/v2\/comments?post=32035"}],"wp:featuredmedia":[{"embeddable":true,"href":"https:\/\/ceasuri.md\/ru\/wp-json\/wp\/v2\/media\/32036"}],"wp:attachment":[{"href":"https:\/\/ceasuri.md\/ru\/wp-json\/wp\/v2\/media?parent=32035"}],"wp:term":[{"taxonomy":"product_brand","embeddable":true,"href":"https:\/\/ceasuri.md\/ru\/wp-json\/wp\/v2\/product_brand?post=32035"},{"taxonomy":"product_cat","embeddable":true,"href":"https:\/\/ceasuri.md\/ru\/wp-json\/wp\/v2\/product_cat?post=32035"},{"taxonomy":"product_tag","embeddable":true,"href":"https:\/\/ceasuri.md\/ru\/wp-json\/wp\/v2\/product_tag?post=32035"}],"curies":[{"name":"wp","href":"https:\/\/api.w.org\/{rel}","templated":true}]}}