{"id":32030,"date":"2026-04-02T20:17:35","date_gmt":"2026-04-02T17:17:35","guid":{"rendered":"http:\/\/new.ceasuri.md\/shop\/uncategorized\/fossil-jacqueline-es4208\/"},"modified":"2026-04-07T03:21:09","modified_gmt":"2026-04-07T00:21:09","slug":"fossil-jacqueline-es4208","status":"publish","type":"product","link":"https:\/\/ceasuri.md\/ru\/shop\/branduri\/fossil\/fossil-jacqueline-es4208\/","title":{"rendered":"Ceas FOSSIL JACQUELINE ES4208"},"content":{"rendered":"<p>Un ceas de m\u00e2n\u0103 de la popularul brand american Fossil &#8211; va ar\u0103ta grozav at\u00e2t la stilul casual, c\u00e2t \u0219i la cel de costum.<\/p>\n<p>Carcasa rotund\u0103 a ceasului este realizat\u0103 din o\u021bel inoxidabil.<\/p>\n<p>Cadran alb cu cifre arabe.<\/p>\n<p>Ceasul la o curea original\u0103 din piele maro cu inser\u021bii negre.<\/p>\n<p>Cristal mineral.<\/p>","protected":false},"excerpt":{"rendered":"<p>Un ceas de m\u00e2n\u0103 de la popularul brand american Fossil &#8211; va ar\u0103ta grozav at\u00e2t la stilul casual, c\u00e2t \u0219i la cel de costum. Carcasa rotund\u0103 a ceasului este realizat\u0103 din o\u021bel inoxidabil. Cadran alb cu cifre arabe. Ceasul la o curea original\u0103 din piele maro cu inser\u021bii negre. Cristal mineral.<\/p>","protected":false},"featured_media":32031,"comment_status":"closed","ping_status":"open","template":"","meta":{"_acf_changed":false},"product_brand":[],"product_cat":[25,396],"product_tag":[],"class_list":{"0":"post-32030","1":"product","2":"type-product","3":"status-publish","4":"has-post-thumbnail","6":"product_cat-ceasuri-dama","7":"product_cat-fossil","8":"pa_brand-fossil","9":"pa_braslet-piele","10":"pa_corpus-36-mm","11":"pa_forma-rotund","12":"pa_funcii-data","13":"pa_garatia-24-luni","14":"pa_korpus-argintiu","15":"pa_material-otel-inoxidabil","16":"pa_mehanizm-quartz","17":"pa_remeshok-maro","18":"pa_remeshok-negru","19":"pa_steklo-cristal-mineral","20":"pa_strana-sua","21":"pa_voda-3-atm","23":"first","24":"instock","25":"purchasable","26":"product-type-simple"},"acf":[],"_links":{"self":[{"href":"https:\/\/ceasuri.md\/ru\/wp-json\/wp\/v2\/product\/32030","targetHints":{"allow":["GET"]}}],"collection":[{"href":"https:\/\/ceasuri.md\/ru\/wp-json\/wp\/v2\/product"}],"about":[{"href":"https:\/\/ceasuri.md\/ru\/wp-json\/wp\/v2\/types\/product"}],"replies":[{"embeddable":true,"href":"https:\/\/ceasuri.md\/ru\/wp-json\/wp\/v2\/comments?post=32030"}],"wp:featuredmedia":[{"embeddable":true,"href":"https:\/\/ceasuri.md\/ru\/wp-json\/wp\/v2\/media\/32031"}],"wp:attachment":[{"href":"https:\/\/ceasuri.md\/ru\/wp-json\/wp\/v2\/media?parent=32030"}],"wp:term":[{"taxonomy":"product_brand","embeddable":true,"href":"https:\/\/ceasuri.md\/ru\/wp-json\/wp\/v2\/product_brand?post=32030"},{"taxonomy":"product_cat","embeddable":true,"href":"https:\/\/ceasuri.md\/ru\/wp-json\/wp\/v2\/product_cat?post=32030"},{"taxonomy":"product_tag","embeddable":true,"href":"https:\/\/ceasuri.md\/ru\/wp-json\/wp\/v2\/product_tag?post=32030"}],"curies":[{"name":"wp","href":"https:\/\/api.w.org\/{rel}","templated":true}]}}