{"id":31976,"date":"2026-04-02T20:17:35","date_gmt":"2026-04-02T17:17:35","guid":{"rendered":"http:\/\/new.ceasuri.md\/shop\/uncategorized\/fossil-tailor-es4052\/"},"modified":"2026-04-20T00:22:03","modified_gmt":"2026-04-19T21:22:03","slug":"fossil-tailor-es4052","status":"publish","type":"product","link":"https:\/\/ceasuri.md\/ru\/shop\/branduri\/fossil\/fossil-tailor-es4052\/","title":{"rendered":"\u0427\u0430\u0441\u044b FOSSIL TAILOR ES4052"},"content":{"rendered":"<p>T\u00e2n\u0103r, activ, inteligent, cu un bun sim\u021b al stilului, perfect con\u0219tient de toate regulile jocului cu culoarea&#8230;.. Ceasurile Fossil te caut\u0103!<\/p>\n<p>Tinerii din \u00eentreaga lume aleg hainele \u0219i accesoriile acestui brand pentru designul lor unic, \u00een care elementele retro coexist\u0103 str\u0103lucitor cu notele moderne, cre\u00e2nd o uniune armonioas\u0103.<\/p>\n<p>Combina\u021bia perfect\u0103 de elegan\u021b\u0103, feminitate \u0219i func\u021bionalitate &#8211; perfect\u0103 pentru a v\u0103 completa stilul.<\/p>","protected":false},"excerpt":{"rendered":"<p>T\u00e2n\u0103r, activ, inteligent, cu un bun sim\u021b al stilului, perfect con\u0219tient de toate regulile jocului cu culoarea&#8230;.. Ceasurile Fossil te caut\u0103! Tinerii din \u00eentreaga lume aleg hainele \u0219i accesoriile acestui brand pentru designul lor unic, \u00een care elementele retro coexist\u0103 str\u0103lucitor cu notele moderne, cre\u00e2nd o uniune armonioas\u0103. Combina\u021bia perfect\u0103 de elegan\u021b\u0103, feminitate \u0219i func\u021bionalitate [&hellip;]<\/p>\n","protected":false},"featured_media":31977,"comment_status":"closed","ping_status":"open","template":"","meta":{"_acf_changed":false},"product_brand":[],"product_cat":[25,396],"product_tag":[],"class_list":{"0":"post-31976","1":"product","2":"type-product","3":"status-publish","4":"has-post-thumbnail","6":"product_cat-ceasuri-dama","7":"product_cat-fossil","8":"pa_brand-fossil","9":"pa_braslet-piele","10":"pa_corpus-35-mm","11":"pa_decor-cristale-swarowski","12":"pa_forma-rotund","13":"pa_funcii-data","14":"pa_funcii-ziua-saptamanii","15":"pa_garatia-24-luni","16":"pa_korpus-roz-gold","17":"pa_kvarc-quartz","18":"pa_material-otel-inoxidabil","19":"pa_mehanizm-quartz","20":"pa_remeshok-albastru-inchis","21":"pa_steklo-cristal-mineral","22":"pa_strana-sua","23":"pa_voda-5-atm","25":"first","26":"instock","27":"purchasable","28":"product-type-simple"},"acf":[],"_links":{"self":[{"href":"https:\/\/ceasuri.md\/ru\/wp-json\/wp\/v2\/product\/31976","targetHints":{"allow":["GET"]}}],"collection":[{"href":"https:\/\/ceasuri.md\/ru\/wp-json\/wp\/v2\/product"}],"about":[{"href":"https:\/\/ceasuri.md\/ru\/wp-json\/wp\/v2\/types\/product"}],"replies":[{"embeddable":true,"href":"https:\/\/ceasuri.md\/ru\/wp-json\/wp\/v2\/comments?post=31976"}],"wp:featuredmedia":[{"embeddable":true,"href":"https:\/\/ceasuri.md\/ru\/wp-json\/wp\/v2\/media\/31977"}],"wp:attachment":[{"href":"https:\/\/ceasuri.md\/ru\/wp-json\/wp\/v2\/media?parent=31976"}],"wp:term":[{"taxonomy":"product_brand","embeddable":true,"href":"https:\/\/ceasuri.md\/ru\/wp-json\/wp\/v2\/product_brand?post=31976"},{"taxonomy":"product_cat","embeddable":true,"href":"https:\/\/ceasuri.md\/ru\/wp-json\/wp\/v2\/product_cat?post=31976"},{"taxonomy":"product_tag","embeddable":true,"href":"https:\/\/ceasuri.md\/ru\/wp-json\/wp\/v2\/product_tag?post=31976"}],"curies":[{"name":"wp","href":"https:\/\/api.w.org\/{rel}","templated":true}]}}