{"id":31888,"date":"2026-04-02T20:15:59","date_gmt":"2026-04-02T17:15:59","guid":{"rendered":"http:\/\/new.ceasuri.md\/shop\/uncategorized\/fossil-jacqueline-es3843\/"},"modified":"2026-04-07T03:20:41","modified_gmt":"2026-04-07T00:20:41","slug":"fossil-jacqueline-es3843","status":"publish","type":"product","link":"https:\/\/ceasuri.md\/ru\/shop\/branduri\/fossil\/fossil-jacqueline-es3843\/","title":{"rendered":"Ceas FOSSIL JACQUELINE ES3843"},"content":{"rendered":"<p>O pies\u0103 esen\u021bial\u0103 f\u0103r\u0103 cusur, rafinatul nostru Jacqueline d\u0103 o not\u0103 sofisticat\u0103 unui clasic feminin.<\/p>\n<p>Carcasa sa de o\u021bel semn\u0103tur\u0103 se cupleaz\u0103 cu o curea din piele u\u0219or \u00een acest design (elegant) esen\u021bial.<\/p>\n<p>Pentru o abordare cool a unui stil clasic, am actualizat Jacqueline cu un design mai sub\u021bire \u0219i mai rafinat al carcasei.<\/p>","protected":false},"excerpt":{"rendered":"<p>O pies\u0103 esen\u021bial\u0103 f\u0103r\u0103 cusur, rafinatul nostru Jacqueline d\u0103 o not\u0103 sofisticat\u0103 unui clasic feminin. Carcasa sa de o\u021bel semn\u0103tur\u0103 se cupleaz\u0103 cu o curea din piele u\u0219or \u00een acest design (elegant) esen\u021bial. Pentru o abordare cool a unui stil clasic, am actualizat Jacqueline cu un design mai sub\u021bire \u0219i mai rafinat al carcasei.<\/p>","protected":false},"featured_media":31889,"comment_status":"closed","ping_status":"open","template":"","meta":{"_acf_changed":false},"product_brand":[],"product_cat":[25,396],"product_tag":[],"class_list":{"0":"post-31888","1":"product","2":"type-product","3":"status-publish","4":"has-post-thumbnail","6":"product_cat-ceasuri-dama","7":"product_cat-fossil","8":"pa_brand-fossil","9":"pa_braslet-piele","10":"pa_corpus-36-mm","11":"pa_forma-rotund","12":"pa_funcii-data","13":"pa_garatia-24-luni","14":"pa_korpus-roz-gold","15":"pa_material-otel-inoxidabil","16":"pa_mehanizm-quartz","17":"pa_remeshok-albastru-inchis","18":"pa_steklo-cristal-mineral","19":"pa_strana-sua","20":"pa_voda-3-atm","22":"first","23":"instock","24":"purchasable","25":"product-type-simple"},"acf":[],"_links":{"self":[{"href":"https:\/\/ceasuri.md\/ru\/wp-json\/wp\/v2\/product\/31888","targetHints":{"allow":["GET"]}}],"collection":[{"href":"https:\/\/ceasuri.md\/ru\/wp-json\/wp\/v2\/product"}],"about":[{"href":"https:\/\/ceasuri.md\/ru\/wp-json\/wp\/v2\/types\/product"}],"replies":[{"embeddable":true,"href":"https:\/\/ceasuri.md\/ru\/wp-json\/wp\/v2\/comments?post=31888"}],"wp:featuredmedia":[{"embeddable":true,"href":"https:\/\/ceasuri.md\/ru\/wp-json\/wp\/v2\/media\/31889"}],"wp:attachment":[{"href":"https:\/\/ceasuri.md\/ru\/wp-json\/wp\/v2\/media?parent=31888"}],"wp:term":[{"taxonomy":"product_brand","embeddable":true,"href":"https:\/\/ceasuri.md\/ru\/wp-json\/wp\/v2\/product_brand?post=31888"},{"taxonomy":"product_cat","embeddable":true,"href":"https:\/\/ceasuri.md\/ru\/wp-json\/wp\/v2\/product_cat?post=31888"},{"taxonomy":"product_tag","embeddable":true,"href":"https:\/\/ceasuri.md\/ru\/wp-json\/wp\/v2\/product_tag?post=31888"}],"curies":[{"name":"wp","href":"https:\/\/api.w.org\/{rel}","templated":true}]}}