{"id":31826,"date":"2026-04-02T20:15:59","date_gmt":"2026-04-02T17:15:59","guid":{"rendered":"http:\/\/new.ceasuri.md\/shop\/uncategorized\/fossil-riley-es3723\/"},"modified":"2026-04-07T03:20:32","modified_gmt":"2026-04-07T00:20:32","slug":"fossil-riley-es3723","status":"publish","type":"product","link":"https:\/\/ceasuri.md\/ru\/shop\/branduri\/fossil\/fossil-riley-es3723\/","title":{"rendered":"Ceas FOSSIL RILEY ES3723"},"content":{"rendered":"<p>Designul rafinat \u0219i str\u0103lucirea fermec\u0103toare a cristalelor v\u0103 vor pune \u00eentr-o dispozi\u021bie excelent\u0103 pe tot parcursul zilei.<\/p>\n<p>Ceas multifunc\u021bional Riley din o\u021bel inoxidabil \u0219i piele &#8211; ton auriu \u0219i cafeniu.<\/p>\n<p>Format de timp de 12 \u0219i 24 de ore.<\/p>","protected":false},"excerpt":{"rendered":"<p>Designul rafinat \u0219i str\u0103lucirea fermec\u0103toare a cristalelor v\u0103 vor pune \u00eentr-o dispozi\u021bie excelent\u0103 pe tot parcursul zilei. Ceas multifunc\u021bional Riley din o\u021bel inoxidabil \u0219i piele &#8211; ton auriu \u0219i cafeniu. Format de timp de 12 \u0219i 24 de ore.<\/p>","protected":false},"featured_media":31827,"comment_status":"closed","ping_status":"open","template":"","meta":{"_acf_changed":false},"product_brand":[],"product_cat":[25,396],"product_tag":[],"class_list":{"0":"post-31826","1":"product","2":"type-product","3":"status-publish","4":"has-post-thumbnail","6":"product_cat-ceasuri-dama","7":"product_cat-fossil","8":"pa_brand-fossil","9":"pa_braslet-otel","10":"pa_braslet-piele","11":"pa_corpus-38-mm","12":"pa_decor-cristale-swarowski","13":"pa_forma-rotund","14":"pa_funcii-data","15":"pa_funcii-ziua-saptamanii","16":"pa_garatia-24-luni","17":"pa_korpus-auriu","18":"pa_material-otel-inoxidabil","19":"pa_mehanizm-quartz","20":"pa_remeshok-auriu","21":"pa_remeshok-maro","22":"pa_steklo-cristal-mineral","23":"pa_strana-sua","24":"pa_voda-10-atm","26":"first","27":"instock","28":"purchasable","29":"product-type-simple"},"acf":[],"_links":{"self":[{"href":"https:\/\/ceasuri.md\/ru\/wp-json\/wp\/v2\/product\/31826","targetHints":{"allow":["GET"]}}],"collection":[{"href":"https:\/\/ceasuri.md\/ru\/wp-json\/wp\/v2\/product"}],"about":[{"href":"https:\/\/ceasuri.md\/ru\/wp-json\/wp\/v2\/types\/product"}],"replies":[{"embeddable":true,"href":"https:\/\/ceasuri.md\/ru\/wp-json\/wp\/v2\/comments?post=31826"}],"wp:featuredmedia":[{"embeddable":true,"href":"https:\/\/ceasuri.md\/ru\/wp-json\/wp\/v2\/media\/31827"}],"wp:attachment":[{"href":"https:\/\/ceasuri.md\/ru\/wp-json\/wp\/v2\/media?parent=31826"}],"wp:term":[{"taxonomy":"product_brand","embeddable":true,"href":"https:\/\/ceasuri.md\/ru\/wp-json\/wp\/v2\/product_brand?post=31826"},{"taxonomy":"product_cat","embeddable":true,"href":"https:\/\/ceasuri.md\/ru\/wp-json\/wp\/v2\/product_cat?post=31826"},{"taxonomy":"product_tag","embeddable":true,"href":"https:\/\/ceasuri.md\/ru\/wp-json\/wp\/v2\/product_tag?post=31826"}],"curies":[{"name":"wp","href":"https:\/\/api.w.org\/{rel}","templated":true}]}}