{"id":31773,"date":"2026-04-02T20:15:10","date_gmt":"2026-04-02T17:15:10","guid":{"rendered":"http:\/\/new.ceasuri.md\/shop\/uncategorized\/fossil-jacqueline-es3487\/"},"modified":"2026-04-07T03:20:22","modified_gmt":"2026-04-07T00:20:22","slug":"fossil-jacqueline-es3487","status":"publish","type":"product","link":"https:\/\/ceasuri.md\/ru\/shop\/branduri\/fossil\/fossil-jacqueline-es3487\/","title":{"rendered":"Ceas FOSSIL JACQUELINE ES3487"},"content":{"rendered":"<p>Curelele din piele bogat\u0103 \u0219i cadranul rotund lustruit fac din Jacqueline cel mai irezistibil ceas din acest sezon.<\/p>\n<p>In noua noastr\u0103 palet\u0103 neutr\u0103, acest ceas clasic de culoare camel va deveni cel mai purtat element esen\u021bial de prim\u0103var\u0103.<\/p>","protected":false},"excerpt":{"rendered":"<p>Curelele din piele bogat\u0103 \u0219i cadranul rotund lustruit fac din Jacqueline cel mai irezistibil ceas din acest sezon. In noua noastr\u0103 palet\u0103 neutr\u0103, acest ceas clasic de culoare camel va deveni cel mai purtat element esen\u021bial de prim\u0103var\u0103.<\/p>","protected":false},"featured_media":31774,"comment_status":"closed","ping_status":"open","template":"","meta":{"_acf_changed":false},"product_brand":[],"product_cat":[25,396],"product_tag":[],"class_list":{"0":"post-31773","1":"product","2":"type-product","3":"status-publish","4":"has-post-thumbnail","6":"product_cat-ceasuri-dama","7":"product_cat-fossil","8":"pa_brand-fossil","9":"pa_braslet-piele","10":"pa_corpus-36-mm","11":"pa_forma-rotund","12":"pa_funcii-data","13":"pa_garatia-24-luni","14":"pa_korpus-roz-gold","15":"pa_material-otel-inoxidabil","16":"pa_mehanizm-quartz","17":"pa_remeshok-maro","18":"pa_steklo-cristal-mineral","19":"pa_strana-sua","20":"pa_voda-3-atm","22":"first","23":"instock","24":"purchasable","25":"product-type-simple"},"acf":[],"_links":{"self":[{"href":"https:\/\/ceasuri.md\/ru\/wp-json\/wp\/v2\/product\/31773","targetHints":{"allow":["GET"]}}],"collection":[{"href":"https:\/\/ceasuri.md\/ru\/wp-json\/wp\/v2\/product"}],"about":[{"href":"https:\/\/ceasuri.md\/ru\/wp-json\/wp\/v2\/types\/product"}],"replies":[{"embeddable":true,"href":"https:\/\/ceasuri.md\/ru\/wp-json\/wp\/v2\/comments?post=31773"}],"wp:featuredmedia":[{"embeddable":true,"href":"https:\/\/ceasuri.md\/ru\/wp-json\/wp\/v2\/media\/31774"}],"wp:attachment":[{"href":"https:\/\/ceasuri.md\/ru\/wp-json\/wp\/v2\/media?parent=31773"}],"wp:term":[{"taxonomy":"product_brand","embeddable":true,"href":"https:\/\/ceasuri.md\/ru\/wp-json\/wp\/v2\/product_brand?post=31773"},{"taxonomy":"product_cat","embeddable":true,"href":"https:\/\/ceasuri.md\/ru\/wp-json\/wp\/v2\/product_cat?post=31773"},{"taxonomy":"product_tag","embeddable":true,"href":"https:\/\/ceasuri.md\/ru\/wp-json\/wp\/v2\/product_tag?post=31773"}],"curies":[{"name":"wp","href":"https:\/\/api.w.org\/{rel}","templated":true}]}}