{"id":31768,"date":"2026-04-02T20:15:10","date_gmt":"2026-04-02T17:15:10","guid":{"rendered":"http:\/\/new.ceasuri.md\/shop\/uncategorized\/fossil-chelsey-es3451\/"},"modified":"2026-04-07T03:20:22","modified_gmt":"2026-04-07T00:20:22","slug":"fossil-chelsey-es3451","status":"publish","type":"product","link":"https:\/\/ceasuri.md\/ru\/shop\/branduri\/fossil\/fossil-chelsey-es3451\/","title":{"rendered":"Ceas FOSSIL CHELSEY ES3451"},"content":{"rendered":"<p>C\u00e2nd v\u0103 \u00eempodobi\u021bi \u00eencheietura m\u00e2inii cu acest ceas, ve\u021bi primi multe complimente rafinate \u0219i priviri \u00eenc\u00e2nt\u0103toare!<\/p>\n<p>Ceas multifunc\u021bional Chelsey din o\u021bel inoxidabil &#8211; negru.<\/p>\n<p>Format de timp de 12 \u0219i 24 de ore.<\/p>\n<p>Br\u0103\u021bar\u0103 cu \u00eenchidere pliabil\u0103.<\/p>","protected":false},"excerpt":{"rendered":"<p>C\u00e2nd v\u0103 \u00eempodobi\u021bi \u00eencheietura m\u00e2inii cu acest ceas, ve\u021bi primi multe complimente rafinate \u0219i priviri \u00eenc\u00e2nt\u0103toare! Ceas multifunc\u021bional Chelsey din o\u021bel inoxidabil &#8211; negru. Format de timp de 12 \u0219i 24 de ore. Br\u0103\u021bar\u0103 cu \u00eenchidere pliabil\u0103.<\/p>","protected":false},"featured_media":31769,"comment_status":"closed","ping_status":"open","template":"","meta":{"_acf_changed":false},"product_brand":[],"product_cat":[25,396],"product_tag":[],"class_list":{"0":"post-31768","1":"product","2":"type-product","3":"status-publish","4":"has-post-thumbnail","6":"product_cat-ceasuri-dama","7":"product_cat-fossil","8":"pa_brand-fossil","9":"pa_braslet-otel-inoxidabil","10":"pa_corpus-39-mm","11":"pa_decor-cristale-swarowski","12":"pa_forma-rotund","13":"pa_funcii-data","14":"pa_funcii-ziua-saptamanii","15":"pa_garatia-24-luni","16":"pa_korpus-negru","17":"pa_material-otel-inoxidabil","18":"pa_mehanizm-quartz","19":"pa_remeshok-negru","20":"pa_steklo-cristal-mineral","21":"pa_strana-sua","22":"pa_voda-5-atm","24":"first","25":"instock","26":"purchasable","27":"product-type-simple"},"acf":[],"_links":{"self":[{"href":"https:\/\/ceasuri.md\/ru\/wp-json\/wp\/v2\/product\/31768","targetHints":{"allow":["GET"]}}],"collection":[{"href":"https:\/\/ceasuri.md\/ru\/wp-json\/wp\/v2\/product"}],"about":[{"href":"https:\/\/ceasuri.md\/ru\/wp-json\/wp\/v2\/types\/product"}],"replies":[{"embeddable":true,"href":"https:\/\/ceasuri.md\/ru\/wp-json\/wp\/v2\/comments?post=31768"}],"wp:featuredmedia":[{"embeddable":true,"href":"https:\/\/ceasuri.md\/ru\/wp-json\/wp\/v2\/media\/31769"}],"wp:attachment":[{"href":"https:\/\/ceasuri.md\/ru\/wp-json\/wp\/v2\/media?parent=31768"}],"wp:term":[{"taxonomy":"product_brand","embeddable":true,"href":"https:\/\/ceasuri.md\/ru\/wp-json\/wp\/v2\/product_brand?post=31768"},{"taxonomy":"product_cat","embeddable":true,"href":"https:\/\/ceasuri.md\/ru\/wp-json\/wp\/v2\/product_cat?post=31768"},{"taxonomy":"product_tag","embeddable":true,"href":"https:\/\/ceasuri.md\/ru\/wp-json\/wp\/v2\/product_tag?post=31768"}],"curies":[{"name":"wp","href":"https:\/\/api.w.org\/{rel}","templated":true}]}}