{"id":31658,"date":"2026-04-02T20:14:30","date_gmt":"2026-04-02T17:14:30","guid":{"rendered":"http:\/\/new.ceasuri.md\/shop\/uncategorized\/fossil-jesse-es2362\/"},"modified":"2026-04-16T20:58:44","modified_gmt":"2026-04-16T17:58:44","slug":"fossil-jesse-es2362","status":"publish","type":"product","link":"https:\/\/ceasuri.md\/ru\/shop\/branduri\/fossil\/fossil-jesse-es2362\/","title":{"rendered":"Ceas FOSSIL ES2362 Jesse"},"content":{"rendered":"<p>Pietre transparente \u00eenconjoar\u0103 cadranul acestui ceas din o\u021bel inoxidabil. De-a lungul \u00eentregii br\u0103\u021b\u0103ri, verigile sunt decorate cu cristale str\u0103lucitoare. \u0218i pentru \u0219i mai mult\u0103 str\u0103lucire, o piatr\u0103 se afl\u0103 la semnul de 12 ore.<\/p>\n<p>Acest ceas Jesse are, de asemenea, o mi\u0219care cu trei m\u00e2ini.<\/p>\n<p>Inchiderea noastr\u0103 Adjust-O-Matic v\u0103 permite s\u0103 ajusta\u021bi automat dimensiunea curelei sau br\u0103\u021b\u0103rii lui Jesse, ceea ce \u00eel face cadoul perfect pe care \u00eel poate purta imediat!<\/p>","protected":false},"excerpt":{"rendered":"<p>Pietre transparente \u00eenconjoar\u0103 cadranul acestui ceas din o\u021bel inoxidabil. De-a lungul \u00eentregii br\u0103\u021b\u0103ri, verigile sunt decorate cu cristale str\u0103lucitoare. \u0218i pentru \u0219i mai mult\u0103 str\u0103lucire, o piatr\u0103 se afl\u0103 la semnul de 12 ore. Acest ceas Jesse are, de asemenea, o mi\u0219care cu trei m\u00e2ini. Inchiderea noastr\u0103 Adjust-O-Matic v\u0103 permite s\u0103 ajusta\u021bi automat dimensiunea curelei [&hellip;]<\/p>\n","protected":false},"featured_media":31659,"comment_status":"closed","ping_status":"open","template":"","meta":{"_acf_changed":false},"product_brand":[],"product_cat":[25,396],"product_tag":[],"class_list":{"0":"post-31658","1":"product","2":"type-product","3":"status-publish","4":"has-post-thumbnail","6":"product_cat-ceasuri-dama","7":"product_cat-fossil","8":"pa_brand-fossil","9":"pa_braslet-otel-inoxidabil","10":"pa_corpus-34-mm","11":"pa_decor-cristale-swarowski","12":"pa_forma-rotund","13":"pa_garatia-24-luni","14":"pa_korpus-argintiu","15":"pa_kvarc-quartz","16":"pa_material-otel-inoxidabil","17":"pa_mehanizm-quartz","18":"pa_remeshok-argintiu","19":"pa_steklo-cristal-mineral","20":"pa_strana-sua","21":"pa_voda-5-atm","23":"first","24":"instock","25":"purchasable","26":"product-type-simple"},"acf":[],"_links":{"self":[{"href":"https:\/\/ceasuri.md\/ru\/wp-json\/wp\/v2\/product\/31658","targetHints":{"allow":["GET"]}}],"collection":[{"href":"https:\/\/ceasuri.md\/ru\/wp-json\/wp\/v2\/product"}],"about":[{"href":"https:\/\/ceasuri.md\/ru\/wp-json\/wp\/v2\/types\/product"}],"replies":[{"embeddable":true,"href":"https:\/\/ceasuri.md\/ru\/wp-json\/wp\/v2\/comments?post=31658"}],"wp:featuredmedia":[{"embeddable":true,"href":"https:\/\/ceasuri.md\/ru\/wp-json\/wp\/v2\/media\/31659"}],"wp:attachment":[{"href":"https:\/\/ceasuri.md\/ru\/wp-json\/wp\/v2\/media?parent=31658"}],"wp:term":[{"taxonomy":"product_brand","embeddable":true,"href":"https:\/\/ceasuri.md\/ru\/wp-json\/wp\/v2\/product_brand?post=31658"},{"taxonomy":"product_cat","embeddable":true,"href":"https:\/\/ceasuri.md\/ru\/wp-json\/wp\/v2\/product_cat?post=31658"},{"taxonomy":"product_tag","embeddable":true,"href":"https:\/\/ceasuri.md\/ru\/wp-json\/wp\/v2\/product_tag?post=31658"}],"curies":[{"name":"wp","href":"https:\/\/api.w.org\/{rel}","templated":true}]}}