{"id":31655,"date":"2026-04-02T20:14:30","date_gmt":"2026-04-02T17:14:30","guid":{"rendered":"http:\/\/new.ceasuri.md\/shop\/uncategorized\/storm-fairway-golf-counter\/"},"modified":"2026-04-20T00:55:22","modified_gmt":"2026-04-19T21:55:22","slug":"storm-fairway-golf-counter","status":"publish","type":"product","link":"https:\/\/ceasuri.md\/ru\/shop\/sale\/sale-ceasuri-barbati\/storm-fairway-golf-counter\/","title":{"rendered":"\u0427\u0430\u0441\u044b STORM FAIRWAY GOLF COUNTER"},"content":{"rendered":"<p>Ceas Storm Fairway &#8211; argintiu, edi\u021bie limitat\u0103 &#8211; num\u0103rul 0809 din 2000.<\/p>\n<p>Cutie original\u0103 cu plac\u0103 de edi\u021bie limitat\u0103.<\/p>\n<p>Dispune de un contor de golf pentru \u00eenscrierea scorului \u00een timpul jocului.<\/p>\n<p>Modul ceas cu alarm\u0103.<\/p>\n<p>Calendar.<\/p>\n<p>Cronometru.<\/p>","protected":false},"excerpt":{"rendered":"<p>Ceas Storm Fairway &#8211; argintiu, edi\u021bie limitat\u0103 &#8211; num\u0103rul 0809 din 2000. Cutie original\u0103 cu plac\u0103 de edi\u021bie limitat\u0103. Dispune de un contor de golf pentru \u00eenscrierea scorului \u00een timpul jocului. Modul ceas cu alarm\u0103. Calendar. Cronometru.<\/p>","protected":false},"featured_media":31656,"comment_status":"closed","ping_status":"open","template":"","meta":{"_acf_changed":false},"product_brand":[],"product_cat":[20,205,23,394],"product_tag":[],"class_list":{"0":"post-31655","1":"product","2":"type-product","3":"status-publish","4":"has-post-thumbnail","6":"product_cat-ceasuri-barbati","7":"product_cat-limited-edition","8":"product_cat-sale-ceasuri-barbati","9":"product_cat-storm","10":"pa_brand-storm","11":"pa_braslet-otel-inoxidabil","12":"pa_corpus-40x40-mm","13":"pa_forma-patrat","14":"pa_funcii-alarma","15":"pa_funcii-calendar","16":"pa_funcii-cronograf","17":"pa_funcii-golf-counter","18":"pa_funcii-limited-edition","19":"pa_garatia-6-luni","20":"pa_korpus-argintiu","21":"pa_kvarc-quartz","22":"pa_material-otel-inoxidabil","23":"pa_mehanizm-quartz","24":"pa_remeshok-argintiu","25":"pa_remeshok-negru","26":"pa_steklo-cristal-mineral","27":"pa_strana-marea-britanie","28":"pa_voda-5-atm","30":"first","31":"instock","32":"sale","33":"purchasable","34":"product-type-simple"},"acf":[],"_links":{"self":[{"href":"https:\/\/ceasuri.md\/ru\/wp-json\/wp\/v2\/product\/31655","targetHints":{"allow":["GET"]}}],"collection":[{"href":"https:\/\/ceasuri.md\/ru\/wp-json\/wp\/v2\/product"}],"about":[{"href":"https:\/\/ceasuri.md\/ru\/wp-json\/wp\/v2\/types\/product"}],"replies":[{"embeddable":true,"href":"https:\/\/ceasuri.md\/ru\/wp-json\/wp\/v2\/comments?post=31655"}],"wp:featuredmedia":[{"embeddable":true,"href":"https:\/\/ceasuri.md\/ru\/wp-json\/wp\/v2\/media\/31656"}],"wp:attachment":[{"href":"https:\/\/ceasuri.md\/ru\/wp-json\/wp\/v2\/media?parent=31655"}],"wp:term":[{"taxonomy":"product_brand","embeddable":true,"href":"https:\/\/ceasuri.md\/ru\/wp-json\/wp\/v2\/product_brand?post=31655"},{"taxonomy":"product_cat","embeddable":true,"href":"https:\/\/ceasuri.md\/ru\/wp-json\/wp\/v2\/product_cat?post=31655"},{"taxonomy":"product_tag","embeddable":true,"href":"https:\/\/ceasuri.md\/ru\/wp-json\/wp\/v2\/product_tag?post=31655"}],"curies":[{"name":"wp","href":"https:\/\/api.w.org\/{rel}","templated":true}]}}