{"id":31652,"date":"2026-04-02T20:14:30","date_gmt":"2026-04-02T17:14:30","guid":{"rendered":"http:\/\/new.ceasuri.md\/shop\/uncategorized\/casio-edifice-era-600l-2a\/"},"modified":"2026-04-20T00:07:32","modified_gmt":"2026-04-19T21:07:32","slug":"casio-edifice-era-600l-2a","status":"publish","type":"product","link":"https:\/\/ceasuri.md\/ru\/shop\/branduri\/casio\/casio-edifice-era-600l-2a\/","title":{"rendered":"\u0427\u0430\u0441\u044b CASIO EDIFICE ERA-600L-2A"},"content":{"rendered":"<p>Acest ceas va fi pe placul b\u0103rbatului modern, sportiv, care prefer\u0103 obiectele practice \u0219i func\u021bionale.<\/p>\n<p>Superiluminare automat\u0103 cu LED. Atunci c\u00e2nd mi\u0219ca\u021bi m\u00e2na, afi\u0219ajul se lumineaz\u0103 cu o lumin\u0103 puternic\u0103.<\/p>\n<p>Termometru de la -10\u00b0 la +60\u00b0C cu o precizie de 0,1\u00b0C.<\/p>\n<p>Ora mondial\u0103 &#8211; 48 de ora\u0219e (31 de fusuri orare), timp universal coordonat (UTC).<\/p>\n<p>Format de timp de 12 \u0219i 24 de ore.<\/p>\n<p>Cronometru cu o precizie de 1\/100s \u0219i un timp de m\u0103surare de 24h.<\/p>\n<p>Tachimetru.<\/p>\n<p>Cronograf divizat.<\/p>\n<p>Cronometru cu num\u0103r\u0103toare invers\u0103 de la 1min la 1h. <\/p>\n<p>Func\u021bie de activare\/dezactivare a sunetului.<\/p>","protected":false},"excerpt":{"rendered":"<p>Acest ceas va fi pe placul b\u0103rbatului modern, sportiv, care prefer\u0103 obiectele practice \u0219i func\u021bionale. Superiluminare automat\u0103 cu LED. Atunci c\u00e2nd mi\u0219ca\u021bi m\u00e2na, afi\u0219ajul se lumineaz\u0103 cu o lumin\u0103 puternic\u0103. Termometru de la -10\u00b0 la +60\u00b0C cu o precizie de 0,1\u00b0C. Ora mondial\u0103 &#8211; 48 de ora\u0219e (31 de fusuri orare), timp universal coordonat (UTC). [&hellip;]<\/p>\n","protected":false},"featured_media":31653,"comment_status":"closed","ping_status":"open","template":"","meta":{"_acf_changed":false},"product_brand":[],"product_cat":[27,20,536],"product_tag":[693,695],"class_list":{"0":"post-31652","1":"product","2":"type-product","3":"status-publish","4":"has-post-thumbnail","6":"product_cat-casio","7":"product_cat-ceasuri-barbati","8":"product_cat-edifice","9":"product_tag-693","10":"product_tag-695","11":"pa_brand-casio","12":"pa_brand-edifice","13":"pa_braslet-piele","14":"pa_corpus-47-mm","15":"pa_forma-rotund","16":"pa_funcii-alarma","17":"pa_funcii-calendar","18":"pa_funcii-cronometru","19":"pa_funcii-dual-time","20":"pa_funcii-iluminare","21":"pa_funcii-tahimetru","22":"pa_funcii-timp-mondial","23":"pa_garatia-24-luni","24":"pa_korpus-albastru-inchis","25":"pa_korpus-argintiu","26":"pa_kvarc-quartz","27":"pa_material-otel-inoxidabil","28":"pa_mehanizm-electronic","29":"pa_mehanizm-quartz","30":"pa_remeshok-negru","31":"pa_steklo-cristal-mineral","32":"pa_strana-japonia","33":"pa_voda-10-atm","35":"first","36":"instock","37":"purchasable","38":"product-type-simple"},"acf":[],"_links":{"self":[{"href":"https:\/\/ceasuri.md\/ru\/wp-json\/wp\/v2\/product\/31652","targetHints":{"allow":["GET"]}}],"collection":[{"href":"https:\/\/ceasuri.md\/ru\/wp-json\/wp\/v2\/product"}],"about":[{"href":"https:\/\/ceasuri.md\/ru\/wp-json\/wp\/v2\/types\/product"}],"replies":[{"embeddable":true,"href":"https:\/\/ceasuri.md\/ru\/wp-json\/wp\/v2\/comments?post=31652"}],"wp:featuredmedia":[{"embeddable":true,"href":"https:\/\/ceasuri.md\/ru\/wp-json\/wp\/v2\/media\/31653"}],"wp:attachment":[{"href":"https:\/\/ceasuri.md\/ru\/wp-json\/wp\/v2\/media?parent=31652"}],"wp:term":[{"taxonomy":"product_brand","embeddable":true,"href":"https:\/\/ceasuri.md\/ru\/wp-json\/wp\/v2\/product_brand?post=31652"},{"taxonomy":"product_cat","embeddable":true,"href":"https:\/\/ceasuri.md\/ru\/wp-json\/wp\/v2\/product_cat?post=31652"},{"taxonomy":"product_tag","embeddable":true,"href":"https:\/\/ceasuri.md\/ru\/wp-json\/wp\/v2\/product_tag?post=31652"}],"curies":[{"name":"wp","href":"https:\/\/api.w.org\/{rel}","templated":true}]}}