{"id":31619,"date":"2022-09-15T22:49:00","date_gmt":"2022-09-15T19:49:00","guid":{"rendered":"http:\/\/new.ceasuri.md\/shop\/uncategorized\/casio-edifice-efr-529-7a\/"},"modified":"2026-05-01T14:38:23","modified_gmt":"2026-05-01T11:38:23","slug":"casio-edifice-efr-529-7a","status":"publish","type":"product","link":"https:\/\/ceasuri.md\/ru\/shop\/branduri\/casio\/casio-edifice-efr-529-7a\/","title":{"rendered":"\u0427\u0430\u0441\u044b CASIO EDIFICE EFR-529-7A"},"content":{"rendered":"<p>Designul elegant, multifunc\u021bionalitatea \u0219i carcasa solid\u0103 din o\u021bel vor fi apreciate de orice fan al stilului sportiv.<\/p>\n<p>Ceas cronograf cu cronometru cu precizie de 1\/10 sec \u0219i timp de m\u0103surare de 1h.<\/p>\n<p>Stratul de neobrit care absoarbe lumina continu\u0103 s\u0103 str\u0103luceasc\u0103 \u00een \u00eentuneric chiar \u0219i dup\u0103 o scurt\u0103 expunere la lumin\u0103.<\/p>\n<p>Coroan\u0103 protejat\u0103. Fundul carcasei cu \u00eenchidere cu \u0219urub.<\/p>","protected":false},"excerpt":{"rendered":"<p>Designul elegant, multifunc\u021bionalitatea \u0219i carcasa solid\u0103 din o\u021bel vor fi apreciate de orice fan al stilului sportiv. Ceas cronograf cu cronometru cu precizie de 1\/10 sec \u0219i timp de m\u0103surare de 1h. Stratul de neobrit care absoarbe lumina continu\u0103 s\u0103 str\u0103luceasc\u0103 \u00een \u00eentuneric chiar \u0219i dup\u0103 o scurt\u0103 expunere la lumin\u0103. Coroan\u0103 protejat\u0103. Fundul carcasei [&hellip;]<\/p>\n","protected":false},"featured_media":31620,"comment_status":"closed","ping_status":"open","template":"","meta":{"_acf_changed":false},"product_brand":[],"product_cat":[27,20,536],"product_tag":[],"class_list":{"0":"post-31619","1":"product","2":"type-product","3":"status-publish","4":"has-post-thumbnail","6":"product_cat-casio","7":"product_cat-ceasuri-barbati","8":"product_cat-edifice","9":"pa_brand-casio","10":"pa_brand-edifice","11":"pa_braslet-plastic","12":"pa_corpus-47-mm","13":"pa_forma-rotund","14":"pa_funcii-cronograf","15":"pa_funcii-data","16":"pa_garatia-24-luni","17":"pa_korpus-argintiu","18":"pa_korpus-verde","19":"pa_kvarc-quartz","20":"pa_material-otel-inoxidabil","21":"pa_mehanizm-quartz","22":"pa_remeshok-negru","23":"pa_steklo-cristal-mineral","24":"pa_strana-japonia","25":"pa_voda-10-atm","27":"first","28":"instock","29":"purchasable","30":"product-type-simple"},"acf":[],"_links":{"self":[{"href":"https:\/\/ceasuri.md\/ru\/wp-json\/wp\/v2\/product\/31619","targetHints":{"allow":["GET"]}}],"collection":[{"href":"https:\/\/ceasuri.md\/ru\/wp-json\/wp\/v2\/product"}],"about":[{"href":"https:\/\/ceasuri.md\/ru\/wp-json\/wp\/v2\/types\/product"}],"replies":[{"embeddable":true,"href":"https:\/\/ceasuri.md\/ru\/wp-json\/wp\/v2\/comments?post=31619"}],"wp:featuredmedia":[{"embeddable":true,"href":"https:\/\/ceasuri.md\/ru\/wp-json\/wp\/v2\/media\/31620"}],"wp:attachment":[{"href":"https:\/\/ceasuri.md\/ru\/wp-json\/wp\/v2\/media?parent=31619"}],"wp:term":[{"taxonomy":"product_brand","embeddable":true,"href":"https:\/\/ceasuri.md\/ru\/wp-json\/wp\/v2\/product_brand?post=31619"},{"taxonomy":"product_cat","embeddable":true,"href":"https:\/\/ceasuri.md\/ru\/wp-json\/wp\/v2\/product_cat?post=31619"},{"taxonomy":"product_tag","embeddable":true,"href":"https:\/\/ceasuri.md\/ru\/wp-json\/wp\/v2\/product_tag?post=31619"}],"curies":[{"name":"wp","href":"https:\/\/api.w.org\/{rel}","templated":true}]}}