{"id":31473,"date":"2026-04-02T20:13:15","date_gmt":"2026-04-02T17:13:15","guid":{"rendered":"http:\/\/new.ceasuri.md\/shop\/uncategorized\/storm-duotec-slate\/"},"modified":"2026-04-28T14:40:16","modified_gmt":"2026-04-28T11:40:16","slug":"storm-duotec-slate","status":"publish","type":"product","link":"https:\/\/ceasuri.md\/ru\/shop\/sale\/sale-ceasuri-barbati\/storm-duotec-slate\/","title":{"rendered":"\u0427\u0430\u0441\u044b STORM DUOTEC"},"content":{"rendered":"<p>Ceasul Duotec, edi\u021bie limitat\u0103, are un cadran p\u0103trat industrial unic, cu \u0219uruburi \u0219i \u0219uruburi expuse \u0219i o curea elegant\u0103 din silicon negru.<\/p>\n<p>Cadranul dublu poate afi\u0219a ora \u00een dou\u0103 fusuri orare \u0219i este rezistent la ap\u0103 p\u00e2n\u0103 la 50 de metri.<\/p>","protected":false},"excerpt":{"rendered":"<p>Ceasul Duotec, edi\u021bie limitat\u0103, are un cadran p\u0103trat industrial unic, cu \u0219uruburi \u0219i \u0219uruburi expuse \u0219i o curea elegant\u0103 din silicon negru. Cadranul dublu poate afi\u0219a ora \u00een dou\u0103 fusuri orare \u0219i este rezistent la ap\u0103 p\u00e2n\u0103 la 50 de metri.<\/p>","protected":false},"featured_media":31474,"comment_status":"closed","ping_status":"open","template":"","meta":{"_acf_changed":false},"product_brand":[],"product_cat":[20,23,394],"product_tag":[],"class_list":{"0":"post-31473","1":"product","2":"type-product","3":"status-publish","4":"has-post-thumbnail","6":"product_cat-ceasuri-barbati","7":"product_cat-sale-ceasuri-barbati","8":"product_cat-storm","9":"pa_brand-storm","10":"pa_braslet-cauciuc","11":"pa_corpus-44-mm","12":"pa_forma-atipica","13":"pa_funcii-dual-time","14":"pa_garatia-6-luni","15":"pa_korpus-negru","16":"pa_kvarc-quartz","17":"pa_material-otel-inoxidabil","18":"pa_mehanizm-quartz","19":"pa_remeshok-negru","20":"pa_steklo-cristal-mineral","21":"pa_strana-marea-britanie","22":"pa_voda-5-atm","24":"first","25":"instock","26":"sale","27":"purchasable","28":"product-type-simple"},"acf":[],"_links":{"self":[{"href":"https:\/\/ceasuri.md\/ru\/wp-json\/wp\/v2\/product\/31473","targetHints":{"allow":["GET"]}}],"collection":[{"href":"https:\/\/ceasuri.md\/ru\/wp-json\/wp\/v2\/product"}],"about":[{"href":"https:\/\/ceasuri.md\/ru\/wp-json\/wp\/v2\/types\/product"}],"replies":[{"embeddable":true,"href":"https:\/\/ceasuri.md\/ru\/wp-json\/wp\/v2\/comments?post=31473"}],"wp:featuredmedia":[{"embeddable":true,"href":"https:\/\/ceasuri.md\/ru\/wp-json\/wp\/v2\/media\/31474"}],"wp:attachment":[{"href":"https:\/\/ceasuri.md\/ru\/wp-json\/wp\/v2\/media?parent=31473"}],"wp:term":[{"taxonomy":"product_brand","embeddable":true,"href":"https:\/\/ceasuri.md\/ru\/wp-json\/wp\/v2\/product_brand?post=31473"},{"taxonomy":"product_cat","embeddable":true,"href":"https:\/\/ceasuri.md\/ru\/wp-json\/wp\/v2\/product_cat?post=31473"},{"taxonomy":"product_tag","embeddable":true,"href":"https:\/\/ceasuri.md\/ru\/wp-json\/wp\/v2\/product_tag?post=31473"}],"curies":[{"name":"wp","href":"https:\/\/api.w.org\/{rel}","templated":true}]}}