{"id":31375,"date":"2026-04-02T20:12:25","date_gmt":"2026-04-02T17:12:25","guid":{"rendered":"http:\/\/new.ceasuri.md\/shop\/uncategorized\/cover-aragon-gent-automatic-coa4-03\/"},"modified":"2026-04-16T20:56:02","modified_gmt":"2026-04-16T17:56:02","slug":"cover-aragon-gent-automatic-coa4-03","status":"publish","type":"product","link":"https:\/\/ceasuri.md\/ru\/shop\/branduri\/cover\/cover-aragon-gent-automatic-coa4-03\/","title":{"rendered":"Ceas COVER COA4.03 Aragon"},"content":{"rendered":"<p>Cu caracterul s\u0103u puternic, aceast\u0103 linie de ceasuri pentru b\u0103rba\u021bi COVER eman\u0103 adev\u0103ratul spirit al orologeriei fine.<\/p>\n<p>Designul modest al carcasei \u0219i al cadranului, combinat cu m\u00e2inile \u0219i coroana, reflect\u0103 adev\u0103ratul spirit al designului ceasurilor de epoc\u0103.<\/p>\n<p>Este ceasul ideal pentru gentlemanul de succes dedicat valorilor estetice atemporale.<\/p>\n<p>Modelul Aragon cu mi\u0219care automat\u0103 impresioneaz\u0103 prin cadranul s\u0103u simplificat de propor\u021bii perfecte.<\/p>","protected":false},"excerpt":{"rendered":"<p>Cu caracterul s\u0103u puternic, aceast\u0103 linie de ceasuri pentru b\u0103rba\u021bi COVER eman\u0103 adev\u0103ratul spirit al orologeriei fine. Designul modest al carcasei \u0219i al cadranului, combinat cu m\u00e2inile \u0219i coroana, reflect\u0103 adev\u0103ratul spirit al designului ceasurilor de epoc\u0103. Este ceasul ideal pentru gentlemanul de succes dedicat valorilor estetice atemporale. Modelul Aragon cu mi\u0219care automat\u0103 impresioneaz\u0103 prin [&hellip;]<\/p>\n","protected":false},"featured_media":31376,"comment_status":"closed","ping_status":"open","template":"","meta":{"_acf_changed":false},"product_brand":[],"product_cat":[20,204],"product_tag":[595,691,692],"class_list":{"0":"post-31375","1":"product","2":"type-product","3":"status-publish","4":"has-post-thumbnail","6":"product_cat-ceasuri-barbati","7":"product_cat-cover","8":"product_tag-cronograf","9":"product_tag-691","10":"product_tag-692","11":"pa_brand-cover","12":"pa_braslet-piele","13":"pa_corpus-40-mm","14":"pa_forma-rotund","15":"pa_funcii-data","16":"pa_garatia-24-luni","17":"pa_korpus-argintiu","18":"pa_material-otel-inoxidabil","19":"pa_mehanizm-mecanic","20":"pa_mehanizm-mecanism-automatic","21":"pa_remeshok-negru","22":"pa_steklo-cristal-safir","23":"pa_strana-elvetia","24":"pa_voda-10-atm","26":"first","27":"instock","28":"purchasable","29":"product-type-simple"},"acf":[],"_links":{"self":[{"href":"https:\/\/ceasuri.md\/ru\/wp-json\/wp\/v2\/product\/31375","targetHints":{"allow":["GET"]}}],"collection":[{"href":"https:\/\/ceasuri.md\/ru\/wp-json\/wp\/v2\/product"}],"about":[{"href":"https:\/\/ceasuri.md\/ru\/wp-json\/wp\/v2\/types\/product"}],"replies":[{"embeddable":true,"href":"https:\/\/ceasuri.md\/ru\/wp-json\/wp\/v2\/comments?post=31375"}],"wp:featuredmedia":[{"embeddable":true,"href":"https:\/\/ceasuri.md\/ru\/wp-json\/wp\/v2\/media\/31376"}],"wp:attachment":[{"href":"https:\/\/ceasuri.md\/ru\/wp-json\/wp\/v2\/media?parent=31375"}],"wp:term":[{"taxonomy":"product_brand","embeddable":true,"href":"https:\/\/ceasuri.md\/ru\/wp-json\/wp\/v2\/product_brand?post=31375"},{"taxonomy":"product_cat","embeddable":true,"href":"https:\/\/ceasuri.md\/ru\/wp-json\/wp\/v2\/product_cat?post=31375"},{"taxonomy":"product_tag","embeddable":true,"href":"https:\/\/ceasuri.md\/ru\/wp-json\/wp\/v2\/product_tag?post=31375"}],"curies":[{"name":"wp","href":"https:\/\/api.w.org\/{rel}","templated":true}]}}