{"id":31353,"date":"2026-04-02T20:12:07","date_gmt":"2026-04-02T17:12:07","guid":{"rendered":"http:\/\/new.ceasuri.md\/shop\/uncategorized\/cover-ladies-co8091-pl2m-cer\/"},"modified":"2026-04-20T00:17:14","modified_gmt":"2026-04-19T21:17:14","slug":"cover-ladies-co8091-pl2m-cer","status":"publish","type":"product","link":"https:\/\/ceasuri.md\/ru\/shop\/branduri\/cover\/cover-ladies-co8091-pl2m-cer\/","title":{"rendered":"\u0427\u0430\u0441\u044b COVER LADIES CO8091.PL2M\/CER"},"content":{"rendered":"<p>Ceasurile Cover \u00eendeplinesc toate standardele de calitate elve\u021bian\u0103.<\/p>\n<p>Acesta este at\u00e2t hidrofug, c\u00e2t \u0219i rezistent la \u0219ocuri.<\/p>\n<p>La exterior, ceasurile Cover sunt foarte atractive, elegante \u0219i originale<\/p>\n<p>.<\/p>\n<p>Aceste ceasuri v\u0103 vor permite s\u0103 economisi\u021bi ceva bani, oferindu-v\u0103 \u00een acela\u0219i timp performan\u021bele excelente ale unui ceas elve\u021bian autentic.<\/p>","protected":false},"excerpt":{"rendered":"<p>Ceasurile Cover \u00eendeplinesc toate standardele de calitate elve\u021bian\u0103. Acesta este at\u00e2t hidrofug, c\u00e2t \u0219i rezistent la \u0219ocuri. La exterior, ceasurile Cover sunt foarte atractive, elegante \u0219i originale . Aceste ceasuri v\u0103 vor permite s\u0103 economisi\u021bi ceva bani, oferindu-v\u0103 \u00een acela\u0219i timp performan\u021bele excelente ale unui ceas elve\u021bian autentic.<\/p>","protected":false},"featured_media":31354,"comment_status":"closed","ping_status":"open","template":"","meta":{"_acf_changed":false},"product_brand":[],"product_cat":[25,204],"product_tag":[595,691,692],"class_list":{"0":"post-31353","1":"product","2":"type-product","3":"status-publish","4":"has-post-thumbnail","6":"product_cat-ceasuri-dama","7":"product_cat-cover","8":"product_tag-cronograf","9":"product_tag-691","10":"product_tag-692","11":"pa_brand-cover","12":"pa_braslet-ceramica","13":"pa_braslet-otel-inoxidabil","14":"pa_corpus-40mm","15":"pa_corpus-50-mm","16":"pa_forma-rotund","17":"pa_funcii-cronograf","18":"pa_funcii-data","19":"pa_garatia-24-luni","20":"pa_korpus-alb","21":"pa_korpus-auriu","22":"pa_kvarc-quartz","23":"pa_material-ceramica","24":"pa_material-otel-inoxidabil","25":"pa_mehanizm-quartz","26":"pa_remeshok-bicolor","27":"pa_steklo-cristal-safir","28":"pa_strana-elvetia","29":"pa_voda-5-atm","31":"first","32":"instock","33":"purchasable","34":"product-type-simple"},"acf":[],"_links":{"self":[{"href":"https:\/\/ceasuri.md\/ru\/wp-json\/wp\/v2\/product\/31353","targetHints":{"allow":["GET"]}}],"collection":[{"href":"https:\/\/ceasuri.md\/ru\/wp-json\/wp\/v2\/product"}],"about":[{"href":"https:\/\/ceasuri.md\/ru\/wp-json\/wp\/v2\/types\/product"}],"replies":[{"embeddable":true,"href":"https:\/\/ceasuri.md\/ru\/wp-json\/wp\/v2\/comments?post=31353"}],"wp:featuredmedia":[{"embeddable":true,"href":"https:\/\/ceasuri.md\/ru\/wp-json\/wp\/v2\/media\/31354"}],"wp:attachment":[{"href":"https:\/\/ceasuri.md\/ru\/wp-json\/wp\/v2\/media?parent=31353"}],"wp:term":[{"taxonomy":"product_brand","embeddable":true,"href":"https:\/\/ceasuri.md\/ru\/wp-json\/wp\/v2\/product_brand?post=31353"},{"taxonomy":"product_cat","embeddable":true,"href":"https:\/\/ceasuri.md\/ru\/wp-json\/wp\/v2\/product_cat?post=31353"},{"taxonomy":"product_tag","embeddable":true,"href":"https:\/\/ceasuri.md\/ru\/wp-json\/wp\/v2\/product_tag?post=31353"}],"curies":[{"name":"wp","href":"https:\/\/api.w.org\/{rel}","templated":true}]}}