{"id":31263,"date":"2026-04-02T20:11:32","date_gmt":"2026-04-02T17:11:32","guid":{"rendered":"http:\/\/new.ceasuri.md\/shop\/uncategorized\/cover-classic-fly-me-to-the-moon-lady-co196-04\/"},"modified":"2026-04-20T00:16:33","modified_gmt":"2026-04-19T21:16:33","slug":"cover-classic-fly-me-to-the-moon-lady-co196-04","status":"publish","type":"product","link":"https:\/\/ceasuri.md\/ru\/shop\/branduri\/cover\/cover-classic-fly-me-to-the-moon-lady-co196-04\/","title":{"rendered":"\u0427\u0430\u0441\u044b COVER CLASSIC FLY ME TO THE MOON LADY CO196.04"},"content":{"rendered":"<p><a href=\"https:\/\/ceasuri.md\/wp-content\/uploads\/2021\/08\/3-53.png\"><img loading=\"lazy\" decoding=\"async\" class=\"alignnone size-full wp-image-39610\" src=\"https:\/\/ceasuri.md\/wp-content\/uploads\/2021\/08\/3-53.png\" alt=\"\" width=\"828\" height=\"500\" \/><\/a><\/p>\n<p>Se joac\u0103 printre stele \u0219i nume\u0219te luna prietena ei.<\/p>\n<p>Chipul ei reflect\u0103 str\u0103lucirea celest\u0103 \u00een timp ce ne aminte\u0219te rapid de mi\u0219c\u0103rile misteriosului nostru gardian nocturn.<\/p>","protected":false},"excerpt":{"rendered":"<p>Se joac\u0103 printre stele \u0219i nume\u0219te luna prietena ei. Chipul ei reflect\u0103 str\u0103lucirea celest\u0103 \u00een timp ce ne aminte\u0219te rapid de mi\u0219c\u0103rile misteriosului nostru gardian nocturn.<\/p>","protected":false},"featured_media":31264,"comment_status":"closed","ping_status":"open","template":"","meta":{"_acf_changed":false},"product_brand":[],"product_cat":[25,204],"product_tag":[595,691,692],"class_list":{"0":"post-31263","1":"product","2":"type-product","3":"status-publish","4":"has-post-thumbnail","6":"product_cat-ceasuri-dama","7":"product_cat-cover","8":"product_tag-cronograf","9":"product_tag-691","10":"product_tag-692","11":"pa_brand-cover","12":"pa_braslet-piele","13":"pa_corpus-32-mm","14":"pa_decor-cristale-swarowski","15":"pa_forma-rotund","16":"pa_funcii-data","17":"pa_funcii-fazele-lunii","18":"pa_garatia-24-luni","19":"pa_korpus-argintiu","20":"pa_kvarc-quartz","21":"pa_material-otel-inoxidabil","22":"pa_mehanizm-quartz","23":"pa_remeshok-negru","24":"pa_steklo-cristal-safir","25":"pa_strana-elvetia","26":"pa_voda-5-atm","28":"first","29":"instock","30":"purchasable","31":"product-type-simple"},"acf":[],"_links":{"self":[{"href":"https:\/\/ceasuri.md\/ru\/wp-json\/wp\/v2\/product\/31263","targetHints":{"allow":["GET"]}}],"collection":[{"href":"https:\/\/ceasuri.md\/ru\/wp-json\/wp\/v2\/product"}],"about":[{"href":"https:\/\/ceasuri.md\/ru\/wp-json\/wp\/v2\/types\/product"}],"replies":[{"embeddable":true,"href":"https:\/\/ceasuri.md\/ru\/wp-json\/wp\/v2\/comments?post=31263"}],"wp:featuredmedia":[{"embeddable":true,"href":"https:\/\/ceasuri.md\/ru\/wp-json\/wp\/v2\/media\/31264"}],"wp:attachment":[{"href":"https:\/\/ceasuri.md\/ru\/wp-json\/wp\/v2\/media?parent=31263"}],"wp:term":[{"taxonomy":"product_brand","embeddable":true,"href":"https:\/\/ceasuri.md\/ru\/wp-json\/wp\/v2\/product_brand?post=31263"},{"taxonomy":"product_cat","embeddable":true,"href":"https:\/\/ceasuri.md\/ru\/wp-json\/wp\/v2\/product_cat?post=31263"},{"taxonomy":"product_tag","embeddable":true,"href":"https:\/\/ceasuri.md\/ru\/wp-json\/wp\/v2\/product_tag?post=31263"}],"curies":[{"name":"wp","href":"https:\/\/api.w.org\/{rel}","templated":true}]}}