{"id":31251,"date":"2021-11-30T22:00:00","date_gmt":"2021-11-30T20:00:00","guid":{"rendered":"http:\/\/new.ceasuri.md\/shop\/uncategorized\/cover-nobila-lady-co195-10\/"},"modified":"2026-05-01T14:34:25","modified_gmt":"2026-05-01T11:34:25","slug":"cover-nobila-lady-co195-10","status":"publish","type":"product","link":"https:\/\/ceasuri.md\/ru\/shop\/branduri\/cover\/cover-nobila-lady-co195-10\/","title":{"rendered":"\u0427\u0430\u0441\u044b COVER NOBILA LADY CO195.10"},"content":{"rendered":"<p>Cu gust \u0219i \u0219ic, Nobila impresioneaz\u0103 prin elegan\u021ba sa discret\u0103, designul sub\u021bire al carcasei \u0219i puritatea clasic\u0103.<\/p>\n<p>M\u00e2na spectaculoas\u0103 a micii secunde de la ora 6 completeaz\u0103 liniile clasice ale carcasei, indicatoarelor orare \u0219i ale m\u00e2inilor.<\/p>\n<p>Cu toate acestea, adev\u0103rata str\u0103lucire se afl\u0103 \u00een cadranul str\u0103lucitor din nuc\u0103 de nuc\u0103, pe care modestele cifre romane sau arabe negre completeaz\u0103 elegan\u021ba inerent\u0103 a acestui ceas excep\u021bional.<\/p>\n<p>Pentru doamnele c\u0103rora le place s\u0103 ias\u0103 \u00een eviden\u021b\u0103, Nobila ofer\u0103 un cadran colorat, pe care centrul gri sau albastru curge perfect \u00een negru.<\/p>","protected":false},"excerpt":{"rendered":"<p>Cu gust \u0219i \u0219ic, Nobila impresioneaz\u0103 prin elegan\u021ba sa discret\u0103, designul sub\u021bire al carcasei \u0219i puritatea clasic\u0103. M\u00e2na spectaculoas\u0103 a micii secunde de la ora 6 completeaz\u0103 liniile clasice ale carcasei, indicatoarelor orare \u0219i ale m\u00e2inilor. Cu toate acestea, adev\u0103rata str\u0103lucire se afl\u0103 \u00een cadranul str\u0103lucitor din nuc\u0103 de nuc\u0103, pe care modestele cifre romane [&hellip;]<\/p>\n","protected":false},"featured_media":31252,"comment_status":"closed","ping_status":"open","template":"","meta":{"_acf_changed":false},"product_brand":[],"product_cat":[25,204],"product_tag":[595,691,692],"class_list":{"0":"post-31251","1":"product","2":"type-product","3":"status-publish","4":"has-post-thumbnail","6":"product_cat-ceasuri-dama","7":"product_cat-cover","8":"product_tag-cronograf","9":"product_tag-691","10":"product_tag-692","11":"pa_brand-cover","12":"pa_braslet-piele","13":"pa_corpus-32-mm","14":"pa_forma-rotund","15":"pa_funcii-offset-second-hand","16":"pa_garatia-24-luni","17":"pa_korpus-argintiu","18":"pa_kvarc-quartz","19":"pa_material-otel-inoxidabil","20":"pa_mehanizm-quartz","21":"pa_remeshok-negru","22":"pa_steklo-cristal-safir","23":"pa_strana-elvetia","24":"pa_voda-5-atm","26":"first","27":"instock","28":"purchasable","29":"product-type-simple"},"acf":[],"_links":{"self":[{"href":"https:\/\/ceasuri.md\/ru\/wp-json\/wp\/v2\/product\/31251","targetHints":{"allow":["GET"]}}],"collection":[{"href":"https:\/\/ceasuri.md\/ru\/wp-json\/wp\/v2\/product"}],"about":[{"href":"https:\/\/ceasuri.md\/ru\/wp-json\/wp\/v2\/types\/product"}],"replies":[{"embeddable":true,"href":"https:\/\/ceasuri.md\/ru\/wp-json\/wp\/v2\/comments?post=31251"}],"wp:featuredmedia":[{"embeddable":true,"href":"https:\/\/ceasuri.md\/ru\/wp-json\/wp\/v2\/media\/31252"}],"wp:attachment":[{"href":"https:\/\/ceasuri.md\/ru\/wp-json\/wp\/v2\/media?parent=31251"}],"wp:term":[{"taxonomy":"product_brand","embeddable":true,"href":"https:\/\/ceasuri.md\/ru\/wp-json\/wp\/v2\/product_brand?post=31251"},{"taxonomy":"product_cat","embeddable":true,"href":"https:\/\/ceasuri.md\/ru\/wp-json\/wp\/v2\/product_cat?post=31251"},{"taxonomy":"product_tag","embeddable":true,"href":"https:\/\/ceasuri.md\/ru\/wp-json\/wp\/v2\/product_tag?post=31251"}],"curies":[{"name":"wp","href":"https:\/\/api.w.org\/{rel}","templated":true}]}}