{"id":31245,"date":"2026-04-02T20:11:14","date_gmt":"2026-04-02T17:11:14","guid":{"rendered":"http:\/\/new.ceasuri.md\/shop\/uncategorized\/cover-nobila-gent-co194-11\/"},"modified":"2026-04-20T00:16:29","modified_gmt":"2026-04-19T21:16:29","slug":"cover-nobila-gent-co194-11","status":"publish","type":"product","link":"https:\/\/ceasuri.md\/ru\/shop\/branduri\/cover\/cover-nobila-gent-co194-11\/","title":{"rendered":"\u0427\u0430\u0441\u044b COVER NOBILA GENT  CO194.11"},"content":{"rendered":"<p>Elegant \u0219i \u0219ic, Nobila impresioneaz\u0103 prin elegan\u021ba sa discret\u0103, designul sub\u021bire al carcasei \u0219i puritatea sa clasic\u0103.<\/p>\n<p>O secundar\u0103 mic\u0103 izbitoare la ora 6 completeaz\u0103 liniile clasice ale carcasei, ale indicatoarelor orare \u0219i ale m\u00e2inilor.<\/p>\n<p>Un cadran modest, cu cifre romane sau arabe clasice, completeaz\u0103 elegan\u021ba inerent\u0103 a acestui ceas excep\u021bional.<\/p>\n<p>Pentru domnii c\u0103rora le place s\u0103 ias\u0103 \u00een eviden\u021b\u0103, Nobila ofer\u0103 un cadran gradat, pe care centrul gri sau albastru curge f\u0103r\u0103 probleme \u00een negru.<\/p>","protected":false},"excerpt":{"rendered":"<p>Elegant \u0219i \u0219ic, Nobila impresioneaz\u0103 prin elegan\u021ba sa discret\u0103, designul sub\u021bire al carcasei \u0219i puritatea sa clasic\u0103. O secundar\u0103 mic\u0103 izbitoare la ora 6 completeaz\u0103 liniile clasice ale carcasei, ale indicatoarelor orare \u0219i ale m\u00e2inilor. Un cadran modest, cu cifre romane sau arabe clasice, completeaz\u0103 elegan\u021ba inerent\u0103 a acestui ceas excep\u021bional. Pentru domnii c\u0103rora le [&hellip;]<\/p>\n","protected":false},"featured_media":31246,"comment_status":"closed","ping_status":"open","template":"","meta":{"_acf_changed":false},"product_brand":[],"product_cat":[20,204],"product_tag":[595,691,692],"class_list":{"0":"post-31245","1":"product","2":"type-product","3":"status-publish","4":"has-post-thumbnail","6":"product_cat-ceasuri-barbati","7":"product_cat-cover","8":"product_tag-cronograf","9":"product_tag-691","10":"product_tag-692","11":"pa_brand-cover","12":"pa_braslet-piele","13":"pa_corpus-40-mm","14":"pa_forma-rotund","15":"pa_funcii-data","16":"pa_funcii-offset-second-hand","17":"pa_garatia-24-luni","18":"pa_korpus-roz-gold","19":"pa_kvarc-quartz","20":"pa_material-otel-inoxidabil","21":"pa_mehanizm-quartz","22":"pa_remeshok-maro","23":"pa_steklo-cristal-safir","24":"pa_strana-elvetia","25":"pa_voda-5-atm","27":"first","28":"instock","29":"purchasable","30":"product-type-simple"},"acf":[],"_links":{"self":[{"href":"https:\/\/ceasuri.md\/ru\/wp-json\/wp\/v2\/product\/31245","targetHints":{"allow":["GET"]}}],"collection":[{"href":"https:\/\/ceasuri.md\/ru\/wp-json\/wp\/v2\/product"}],"about":[{"href":"https:\/\/ceasuri.md\/ru\/wp-json\/wp\/v2\/types\/product"}],"replies":[{"embeddable":true,"href":"https:\/\/ceasuri.md\/ru\/wp-json\/wp\/v2\/comments?post=31245"}],"wp:featuredmedia":[{"embeddable":true,"href":"https:\/\/ceasuri.md\/ru\/wp-json\/wp\/v2\/media\/31246"}],"wp:attachment":[{"href":"https:\/\/ceasuri.md\/ru\/wp-json\/wp\/v2\/media?parent=31245"}],"wp:term":[{"taxonomy":"product_brand","embeddable":true,"href":"https:\/\/ceasuri.md\/ru\/wp-json\/wp\/v2\/product_brand?post=31245"},{"taxonomy":"product_cat","embeddable":true,"href":"https:\/\/ceasuri.md\/ru\/wp-json\/wp\/v2\/product_cat?post=31245"},{"taxonomy":"product_tag","embeddable":true,"href":"https:\/\/ceasuri.md\/ru\/wp-json\/wp\/v2\/product_tag?post=31245"}],"curies":[{"name":"wp","href":"https:\/\/api.w.org\/{rel}","templated":true}]}}