{"id":31227,"date":"2026-04-02T20:11:14","date_gmt":"2026-04-02T17:11:14","guid":{"rendered":"http:\/\/new.ceasuri.md\/shop\/uncategorized\/cover-chapman-gent-chronograph-co192-01\/"},"modified":"2026-04-20T01:04:57","modified_gmt":"2026-04-19T22:04:57","slug":"cover-chapman-gent-chronograph-co192-01","status":"publish","type":"product","link":"https:\/\/ceasuri.md\/ru\/shop\/branduri\/cover\/cover-chapman-gent-chronograph-co192-01\/","title":{"rendered":"\u0427\u0430\u0441\u044b COVER CHAPMAN GENT CHRONOGRAPH  CO192.01"},"content":{"rendered":"<p>Acest cronograf b\u0103rb\u0103tesc carismatic, cu un design clasic, dar discret \u0219i sportiv, aduce un omagiu zilelor \u00een care cronografele nu erau \u00eenc\u0103 concepute pentru a m\u0103sura zecimi de secund\u0103 \u00een orologerie.<\/p>\n<p>Cronograful de epoc\u0103 cu dou\u0103 subcadrane este \u00eencorporat \u00eentr-un cadran fermec\u0103tor, pe care un model delicat de raze de soare \u00eensufle\u021be\u0219te toate fa\u021betele gradientului de culoare.<\/p>\n<p>O br\u0103\u021bar\u0103 din o\u021bel inoxidabil sau o curea din piele completeaz\u0103 designul masculin.<\/p>","protected":false},"excerpt":{"rendered":"<p>Acest cronograf b\u0103rb\u0103tesc carismatic, cu un design clasic, dar discret \u0219i sportiv, aduce un omagiu zilelor \u00een care cronografele nu erau \u00eenc\u0103 concepute pentru a m\u0103sura zecimi de secund\u0103 \u00een orologerie. Cronograful de epoc\u0103 cu dou\u0103 subcadrane este \u00eencorporat \u00eentr-un cadran fermec\u0103tor, pe care un model delicat de raze de soare \u00eensufle\u021be\u0219te toate fa\u021betele gradientului [&hellip;]<\/p>\n","protected":false},"featured_media":31228,"comment_status":"closed","ping_status":"open","template":"","meta":{"_acf_changed":false},"product_brand":[],"product_cat":[20,204],"product_tag":[595,691,692],"class_list":{"0":"post-31227","1":"product","2":"type-product","3":"status-publish","4":"has-post-thumbnail","6":"product_cat-ceasuri-barbati","7":"product_cat-cover","8":"product_tag-cronograf","9":"product_tag-691","10":"product_tag-692","11":"pa_brand-cover","12":"pa_braslet-otel-inoxidabil","13":"pa_corpus-43-mm","14":"pa_forma-rotund","15":"pa_funcii-cronograf","16":"pa_funcii-data","17":"pa_garatia-24-luni","18":"pa_korpus-argintiu","19":"pa_kvarc-quartz","20":"pa_material-otel-inoxidabil","21":"pa_mehanizm-quartz","22":"pa_remeshok-argintiu","23":"pa_steklo-cristal-safir","24":"pa_strana-elvetia","25":"pa_voda-10-atm","27":"first","28":"instock","29":"purchasable","30":"product-type-simple"},"acf":[],"_links":{"self":[{"href":"https:\/\/ceasuri.md\/ru\/wp-json\/wp\/v2\/product\/31227","targetHints":{"allow":["GET"]}}],"collection":[{"href":"https:\/\/ceasuri.md\/ru\/wp-json\/wp\/v2\/product"}],"about":[{"href":"https:\/\/ceasuri.md\/ru\/wp-json\/wp\/v2\/types\/product"}],"replies":[{"embeddable":true,"href":"https:\/\/ceasuri.md\/ru\/wp-json\/wp\/v2\/comments?post=31227"}],"wp:featuredmedia":[{"embeddable":true,"href":"https:\/\/ceasuri.md\/ru\/wp-json\/wp\/v2\/media\/31228"}],"wp:attachment":[{"href":"https:\/\/ceasuri.md\/ru\/wp-json\/wp\/v2\/media?parent=31227"}],"wp:term":[{"taxonomy":"product_brand","embeddable":true,"href":"https:\/\/ceasuri.md\/ru\/wp-json\/wp\/v2\/product_brand?post=31227"},{"taxonomy":"product_cat","embeddable":true,"href":"https:\/\/ceasuri.md\/ru\/wp-json\/wp\/v2\/product_cat?post=31227"},{"taxonomy":"product_tag","embeddable":true,"href":"https:\/\/ceasuri.md\/ru\/wp-json\/wp\/v2\/product_tag?post=31227"}],"curies":[{"name":"wp","href":"https:\/\/api.w.org\/{rel}","templated":true}]}}