{"id":31206,"date":"2021-11-30T22:00:00","date_gmt":"2021-11-30T20:00:00","guid":{"rendered":"http:\/\/new.ceasuri.md\/shop\/uncategorized\/cover-lady-diamond-limited-edition-co188-02\/"},"modified":"2026-05-01T14:33:50","modified_gmt":"2026-05-01T11:33:50","slug":"cover-lady-diamond-limited-edition-co188-02","status":"publish","type":"product","link":"https:\/\/ceasuri.md\/ru\/shop\/branduri\/cover\/cover-lady-diamond-limited-edition-co188-02\/","title":{"rendered":"\u0427\u0430\u0441\u044b COVER LADY DIAMOND LIMITED EDITION CO188.02"},"content":{"rendered":"<p>Inocent\u0103 \u0219i delicat\u0103, Lady Diamond \u00eenc\u00e2nt\u0103 cu momente de elegan\u021b\u0103 atemporal\u0103.<\/p>\n<p>Carcasa rotund\u0103 pur\u0103 este \u00eempodobit\u0103 cu un cadran magnific pe care diamantele \u00eenconjoar\u0103 un centru de mam\u0103-perl\u0103 str\u0103lucitoare.<\/p>\n<p>O br\u0103\u021bar\u0103 rafinat\u0103 din o\u021bel cu contururi clasice rotunjite completeaz\u0103 designul de o frumuse\u021be uimitoare.<\/p>\n<p>Pe l\u00e2ng\u0103 versiunea alb-negru \u0219i alb, ceasul este disponibil \u0219i \u00een aur, precum \u0219i \u00eentr-o versiune bicolor\u0103 din aur roz.<\/p>\n<p>Acest model special este o edi\u021bie limitat\u0103 de 500 de buc\u0103\u021bi, fiecare cu propriul num\u0103r de serie.<\/p>","protected":false},"excerpt":{"rendered":"<p>Inocent\u0103 \u0219i delicat\u0103, Lady Diamond \u00eenc\u00e2nt\u0103 cu momente de elegan\u021b\u0103 atemporal\u0103. Carcasa rotund\u0103 pur\u0103 este \u00eempodobit\u0103 cu un cadran magnific pe care diamantele \u00eenconjoar\u0103 un centru de mam\u0103-perl\u0103 str\u0103lucitoare. O br\u0103\u021bar\u0103 rafinat\u0103 din o\u021bel cu contururi clasice rotunjite completeaz\u0103 designul de o frumuse\u021be uimitoare. Pe l\u00e2ng\u0103 versiunea alb-negru \u0219i alb, ceasul este disponibil \u0219i \u00een [&hellip;]<\/p>\n","protected":false},"featured_media":31207,"comment_status":"closed","ping_status":"open","template":"","meta":{"_acf_changed":false},"product_brand":[],"product_cat":[25,204,205],"product_tag":[595,691,692],"class_list":{"0":"post-31206","1":"product","2":"type-product","3":"status-publish","4":"has-post-thumbnail","6":"product_cat-ceasuri-dama","7":"product_cat-cover","8":"product_cat-limited-edition","9":"product_tag-cronograf","10":"product_tag-691","11":"product_tag-692","12":"pa_brand-cover","13":"pa_braslet-otel-inoxidabil","14":"pa_corpus-32-mm","15":"pa_decor-cristale-swarowski","16":"pa_forma-rotund","17":"pa_funcii-data","18":"pa_funcii-limited-edition","19":"pa_garatia-24-luni","20":"pa_korpus-argintiu","21":"pa_kvarc-quartz","22":"pa_material-otel-inoxidabil","23":"pa_mehanizm-quartz","24":"pa_remeshok-argintiu","25":"pa_steklo-cristal-safir","26":"pa_strana-elvetia","27":"pa_voda-5-atm","29":"first","30":"instock","31":"purchasable","32":"product-type-simple"},"acf":[],"_links":{"self":[{"href":"https:\/\/ceasuri.md\/ru\/wp-json\/wp\/v2\/product\/31206","targetHints":{"allow":["GET"]}}],"collection":[{"href":"https:\/\/ceasuri.md\/ru\/wp-json\/wp\/v2\/product"}],"about":[{"href":"https:\/\/ceasuri.md\/ru\/wp-json\/wp\/v2\/types\/product"}],"replies":[{"embeddable":true,"href":"https:\/\/ceasuri.md\/ru\/wp-json\/wp\/v2\/comments?post=31206"}],"wp:featuredmedia":[{"embeddable":true,"href":"https:\/\/ceasuri.md\/ru\/wp-json\/wp\/v2\/media\/31207"}],"wp:attachment":[{"href":"https:\/\/ceasuri.md\/ru\/wp-json\/wp\/v2\/media?parent=31206"}],"wp:term":[{"taxonomy":"product_brand","embeddable":true,"href":"https:\/\/ceasuri.md\/ru\/wp-json\/wp\/v2\/product_brand?post=31206"},{"taxonomy":"product_cat","embeddable":true,"href":"https:\/\/ceasuri.md\/ru\/wp-json\/wp\/v2\/product_cat?post=31206"},{"taxonomy":"product_tag","embeddable":true,"href":"https:\/\/ceasuri.md\/ru\/wp-json\/wp\/v2\/product_tag?post=31206"}],"curies":[{"name":"wp","href":"https:\/\/api.w.org\/{rel}","templated":true}]}}