{"id":31198,"date":"2026-04-02T20:10:56","date_gmt":"2026-04-02T17:10:56","guid":{"rendered":"http:\/\/new.ceasuri.md\/shop\/uncategorized\/cover-viola-co187-03\/"},"modified":"2026-04-07T03:17:04","modified_gmt":"2026-04-07T00:17:04","slug":"cover-viola-co187-03","status":"publish","type":"product","link":"https:\/\/ceasuri.md\/ru\/shop\/branduri\/cover\/cover-viola-co187-03\/","title":{"rendered":"Ceas COVER VIOLA CO187.03"},"content":{"rendered":"<p>Ceasurile Cover \u00eendeplinesc toate standardele de calitate elve\u021bian\u0103.<\/p>\n<p>Acesta este at\u00e2t hidrofug, c\u00e2t \u0219i rezistent la \u0219ocuri.<\/p>\n<p>La exterior, ceasurile Cover sunt foarte atractive, elegante \u0219i originale.<\/p>\n<p>Aceste ceasuri v\u0103 vor permite s\u0103 economisi\u021bi ceva bani, oferindu-v\u0103 \u00een acela\u0219i timp performan\u021bele excelente ale unui ceas elve\u021bian autentic.<\/p>","protected":false},"excerpt":{"rendered":"<p>Ceasurile Cover \u00eendeplinesc toate standardele de calitate elve\u021bian\u0103. Acesta este at\u00e2t hidrofug, c\u00e2t \u0219i rezistent la \u0219ocuri. La exterior, ceasurile Cover sunt foarte atractive, elegante \u0219i originale. Aceste ceasuri v\u0103 vor permite s\u0103 economisi\u021bi ceva bani, oferindu-v\u0103 \u00een acela\u0219i timp performan\u021bele excelente ale unui ceas elve\u021bian autentic.<\/p>","protected":false},"featured_media":31199,"comment_status":"closed","ping_status":"open","template":"","meta":{"_acf_changed":false},"product_brand":[],"product_cat":[25,204],"product_tag":[595,691,692],"class_list":{"0":"post-31198","1":"product","2":"type-product","3":"status-publish","4":"has-post-thumbnail","6":"product_cat-ceasuri-dama","7":"product_cat-cover","8":"product_tag-cronograf","9":"product_tag-691","10":"product_tag-692","11":"pa_brand-cover","12":"pa_braslet-otel-inoxidabil","13":"pa_corpus-31-mm","14":"pa_decor-cristale-swarowski","15":"pa_forma-rotund","16":"pa_garatia-24-luni","17":"pa_korpus-argintiu","18":"pa_material-otel-inoxidabil","19":"pa_mehanizm-quartz","20":"pa_remeshok-bicolor","21":"pa_steklo-cristal-safir","22":"pa_strana-elvetia","23":"pa_voda-5-atm","25":"first","26":"instock","27":"purchasable","28":"product-type-simple"},"acf":[],"_links":{"self":[{"href":"https:\/\/ceasuri.md\/ru\/wp-json\/wp\/v2\/product\/31198","targetHints":{"allow":["GET"]}}],"collection":[{"href":"https:\/\/ceasuri.md\/ru\/wp-json\/wp\/v2\/product"}],"about":[{"href":"https:\/\/ceasuri.md\/ru\/wp-json\/wp\/v2\/types\/product"}],"replies":[{"embeddable":true,"href":"https:\/\/ceasuri.md\/ru\/wp-json\/wp\/v2\/comments?post=31198"}],"wp:featuredmedia":[{"embeddable":true,"href":"https:\/\/ceasuri.md\/ru\/wp-json\/wp\/v2\/media\/31199"}],"wp:attachment":[{"href":"https:\/\/ceasuri.md\/ru\/wp-json\/wp\/v2\/media?parent=31198"}],"wp:term":[{"taxonomy":"product_brand","embeddable":true,"href":"https:\/\/ceasuri.md\/ru\/wp-json\/wp\/v2\/product_brand?post=31198"},{"taxonomy":"product_cat","embeddable":true,"href":"https:\/\/ceasuri.md\/ru\/wp-json\/wp\/v2\/product_cat?post=31198"},{"taxonomy":"product_tag","embeddable":true,"href":"https:\/\/ceasuri.md\/ru\/wp-json\/wp\/v2\/product_tag?post=31198"}],"curies":[{"name":"wp","href":"https:\/\/api.w.org\/{rel}","templated":true}]}}