{"id":31190,"date":"2026-04-02T20:10:56","date_gmt":"2026-04-02T17:10:56","guid":{"rendered":"http:\/\/new.ceasuri.md\/shop\/uncategorized\/cover-classic-perpetual-limited-edition-co186-01\/"},"modified":"2026-04-20T01:04:56","modified_gmt":"2026-04-19T22:04:56","slug":"cover-classic-perpetual-limited-edition-co186-01","status":"publish","type":"product","link":"https:\/\/ceasuri.md\/ru\/shop\/branduri\/cover\/cover-classic-perpetual-limited-edition-co186-01\/","title":{"rendered":"\u0427\u0430\u0441\u044b COVER CLASSIC PERPETUAL LIMITED EDITION CO186.01"},"content":{"rendered":"<p>O edi\u021bie limitat\u0103 de 300 de buc\u0103\u021bi, modelul de s\u0103rb\u0103toare al atelierului de orologerie al familiei Solothurn, \u00een onoarea viselor \u00eemplinite \u0219i a visurilor care urmeaz\u0103 s\u0103 se \u00eemplineasc\u0103.<\/p>\n<p>Acesta este prezentat \u00eentr-o cutie de cadou unic\u0103, din lemn masiv, cu un certificat de autenticitate \u0219i un stilou pre\u021bios acoperit cu piele de la Faber-Castell, fondat\u0103 \u00een 1761.<\/p>\n<p>Mi\u0219care elve\u021bian\u0103 cu cuar\u021b perpetual, cu 6 bijuterii din rubin.<\/p>\n<p>Sticl\u0103 rezistent\u0103 la zg\u00e2rieturi.<\/p>\n<p>Curea din piele artizanal\u0103 elve\u021bian\u0103 cu \u00eenchidere special\u0103 cu fluture.<\/p>\n<p>Spate decorat cu \u00eenchidere filetat\u0103.<\/p>\n<p>Carcas\u0103 din o\u021bel inoxidabil 316L.<\/p>\n<p>Cadran \u00eencorporat de culoare alb\u0103 ca z\u0103pada cu m\u00e2ini bleumarin.<\/p>\n<p>Butoane de ap\u0103sare \u00eencastrate.<\/p>\n<p>O pies\u0103 str\u0103lucitoare pentru orice colec\u021bie de ceasuri.<\/p>","protected":false},"excerpt":{"rendered":"<p>O edi\u021bie limitat\u0103 de 300 de buc\u0103\u021bi, modelul de s\u0103rb\u0103toare al atelierului de orologerie al familiei Solothurn, \u00een onoarea viselor \u00eemplinite \u0219i a visurilor care urmeaz\u0103 s\u0103 se \u00eemplineasc\u0103. Acesta este prezentat \u00eentr-o cutie de cadou unic\u0103, din lemn masiv, cu un certificat de autenticitate \u0219i un stilou pre\u021bios acoperit cu piele de la Faber-Castell, [&hellip;]<\/p>\n","protected":false},"featured_media":31191,"comment_status":"closed","ping_status":"open","template":"","meta":{"_acf_changed":false},"product_brand":[],"product_cat":[20,106,204,205],"product_tag":[595,691,692],"class_list":{"0":"post-31190","1":"product","2":"type-product","3":"status-publish","4":"has-post-thumbnail","6":"product_cat-ceasuri-barbati","7":"product_cat-ceasuri-premium","8":"product_cat-cover","9":"product_cat-limited-edition","10":"product_tag-cronograf","11":"product_tag-691","12":"product_tag-692","13":"pa_brand-cover","14":"pa_braslet-piele","15":"pa_corpus-42-mm","16":"pa_forma-rotund","17":"pa_funcii-data","18":"pa_funcii-limited-edition","19":"pa_funcii-luna-anului","20":"pa_funcii-offset-second-hand","21":"pa_funcii-set-cadou","22":"pa_funcii-ziua-saptamanii","23":"pa_garatia-24-luni","24":"pa_korpus-argintiu","25":"pa_kvarc-quartz","26":"pa_material-otel-inoxidabil","27":"pa_mehanizm-quartz","28":"pa_remeshok-negru","29":"pa_steklo-cristal-safir","30":"pa_strana-elvetia","31":"pa_voda-10-atm","33":"first","34":"instock","35":"purchasable","36":"product-type-simple"},"acf":[],"_links":{"self":[{"href":"https:\/\/ceasuri.md\/ru\/wp-json\/wp\/v2\/product\/31190","targetHints":{"allow":["GET"]}}],"collection":[{"href":"https:\/\/ceasuri.md\/ru\/wp-json\/wp\/v2\/product"}],"about":[{"href":"https:\/\/ceasuri.md\/ru\/wp-json\/wp\/v2\/types\/product"}],"replies":[{"embeddable":true,"href":"https:\/\/ceasuri.md\/ru\/wp-json\/wp\/v2\/comments?post=31190"}],"wp:featuredmedia":[{"embeddable":true,"href":"https:\/\/ceasuri.md\/ru\/wp-json\/wp\/v2\/media\/31191"}],"wp:attachment":[{"href":"https:\/\/ceasuri.md\/ru\/wp-json\/wp\/v2\/media?parent=31190"}],"wp:term":[{"taxonomy":"product_brand","embeddable":true,"href":"https:\/\/ceasuri.md\/ru\/wp-json\/wp\/v2\/product_brand?post=31190"},{"taxonomy":"product_cat","embeddable":true,"href":"https:\/\/ceasuri.md\/ru\/wp-json\/wp\/v2\/product_cat?post=31190"},{"taxonomy":"product_tag","embeddable":true,"href":"https:\/\/ceasuri.md\/ru\/wp-json\/wp\/v2\/product_tag?post=31190"}],"curies":[{"name":"wp","href":"https:\/\/api.w.org\/{rel}","templated":true}]}}