{"id":31188,"date":"2026-04-02T20:10:56","date_gmt":"2026-04-02T17:10:56","guid":{"rendered":"http:\/\/new.ceasuri.md\/shop\/uncategorized\/cover-classic-neville-gent-chronograph-co185-06\/"},"modified":"2026-04-20T00:16:18","modified_gmt":"2026-04-19T21:16:18","slug":"cover-classic-neville-gent-chronograph-co185-06","status":"publish","type":"product","link":"https:\/\/ceasuri.md\/ru\/shop\/branduri\/cover\/cover-classic-neville-gent-chronograph-co185-06\/","title":{"rendered":"\u0427\u0430\u0441\u044b COVER CLASSIC NEVILLE GENT CHRONOGRAPH CO185.06"},"content":{"rendered":"<p>Alegerea numelui COVER Neville nu este \u00eent\u00e2mpl\u0103toare: elegan\u021ba rafinat\u0103 a ceasului este \u00een deplin\u0103 concordan\u021b\u0103 cu originile sale nobile. Intr-adev\u0103r, cronograful nu este aproape niciodat\u0103 disponibil \u00eentr-o versiune mai plat\u0103, astfel \u00eenc\u00e2t s\u0103 poat\u0103 fi utilizat \u0219i ca ceas de costum.<\/p>\n<p>Carcasa sub\u021bire \u0219i luneta \u00eengust\u0103 \u0219i aerisit\u0103 nu distrag aten\u021bia de la cronograf, ci o subjug\u0103.<\/p>\n<p>Cadranul Teaked cu dungi verticale este frumos \u0219i atrage aten\u021bia, nu at\u00e2t pentru modelul s\u0103u, c\u00e2t pentru finisarea sa iscusit\u0103, precum \u0219i pentru indicatoarele orare conice.<\/p>","protected":false},"excerpt":{"rendered":"<p>Alegerea numelui COVER Neville nu este \u00eent\u00e2mpl\u0103toare: elegan\u021ba rafinat\u0103 a ceasului este \u00een deplin\u0103 concordan\u021b\u0103 cu originile sale nobile. Intr-adev\u0103r, cronograful nu este aproape niciodat\u0103 disponibil \u00eentr-o versiune mai plat\u0103, astfel \u00eenc\u00e2t s\u0103 poat\u0103 fi utilizat \u0219i ca ceas de costum. Carcasa sub\u021bire \u0219i luneta \u00eengust\u0103 \u0219i aerisit\u0103 nu distrag aten\u021bia de la cronograf, ci [&hellip;]<\/p>\n","protected":false},"featured_media":31189,"comment_status":"closed","ping_status":"open","template":"","meta":{"_acf_changed":false},"product_brand":[],"product_cat":[20,204],"product_tag":[595,691,692],"class_list":{"0":"post-31188","1":"product","2":"type-product","3":"status-publish","4":"has-post-thumbnail","6":"product_cat-ceasuri-barbati","7":"product_cat-cover","8":"product_tag-cronograf","9":"product_tag-691","10":"product_tag-692","11":"pa_brand-cover","12":"pa_braslet-piele","13":"pa_corpus-42-mm","14":"pa_forma-rotund","15":"pa_funcii-cronograf","16":"pa_funcii-data","17":"pa_funcii-tahimetru","18":"pa_garatia-24-luni","19":"pa_korpus-argintiu","20":"pa_kvarc-quartz","21":"pa_material-otel-inoxidabil","22":"pa_mehanizm-quartz","23":"pa_remeshok-negru","24":"pa_steklo-cristal-safir","25":"pa_strana-elvetia","26":"pa_voda-5-atm","28":"first","29":"instock","30":"purchasable","31":"product-type-simple"},"acf":[],"_links":{"self":[{"href":"https:\/\/ceasuri.md\/ru\/wp-json\/wp\/v2\/product\/31188","targetHints":{"allow":["GET"]}}],"collection":[{"href":"https:\/\/ceasuri.md\/ru\/wp-json\/wp\/v2\/product"}],"about":[{"href":"https:\/\/ceasuri.md\/ru\/wp-json\/wp\/v2\/types\/product"}],"replies":[{"embeddable":true,"href":"https:\/\/ceasuri.md\/ru\/wp-json\/wp\/v2\/comments?post=31188"}],"wp:featuredmedia":[{"embeddable":true,"href":"https:\/\/ceasuri.md\/ru\/wp-json\/wp\/v2\/media\/31189"}],"wp:attachment":[{"href":"https:\/\/ceasuri.md\/ru\/wp-json\/wp\/v2\/media?parent=31188"}],"wp:term":[{"taxonomy":"product_brand","embeddable":true,"href":"https:\/\/ceasuri.md\/ru\/wp-json\/wp\/v2\/product_brand?post=31188"},{"taxonomy":"product_cat","embeddable":true,"href":"https:\/\/ceasuri.md\/ru\/wp-json\/wp\/v2\/product_cat?post=31188"},{"taxonomy":"product_tag","embeddable":true,"href":"https:\/\/ceasuri.md\/ru\/wp-json\/wp\/v2\/product_tag?post=31188"}],"curies":[{"name":"wp","href":"https:\/\/api.w.org\/{rel}","templated":true}]}}