{"id":31152,"date":"2026-04-02T20:10:38","date_gmt":"2026-04-02T17:10:38","guid":{"rendered":"http:\/\/new.ceasuri.md\/shop\/uncategorized\/cover-trend-amora-co180-01\/"},"modified":"2026-04-20T00:16:11","modified_gmt":"2026-04-19T21:16:11","slug":"cover-trend-amora-co180-01","status":"publish","type":"product","link":"https:\/\/ceasuri.md\/ru\/shop\/branduri\/cover\/cover-trend-amora-co180-01\/","title":{"rendered":"\u0427\u0430\u0441\u044b COVER TREND AMORA CO180.01"},"content":{"rendered":"<p>Dimensiuni mari, finisaj bogat de piatr\u0103, forme neobi\u0219nuite &#8211; toate caracteristicile unui ceas de designer se reg\u0103sesc \u00een acest model. Dar o privire mai atent\u0103 dezv\u0103luie c\u00e2t de diferit creeaz\u0103 aceast\u0103 atmosfer\u0103 o fabric\u0103 elve\u021bian\u0103 fa\u021b\u0103 de o marc\u0103 de mod\u0103: pietrele sunt a\u0219ezate cu gust pe marginea sticlei \u0219i aproape imperceptibil pe cadran; decorul de mam\u0103 de perl\u0103 se afl\u0103 pe cadran; iar indicatoarele orare sunt excep\u021bional de frumoase.<\/p>\n<p>Nici interiorul ceasului nu este mediu: mi\u0219carea, construc\u021bia intern\u0103 \u0219i carcasa sunt de prim\u0103 m\u00e2n\u0103, de fabrica\u021bie elve\u021bian\u0103, iar sticla este rezistent\u0103 la zg\u00e2rieturi.<\/p>\n<p>Este recomandat pentru doamnele serioase care vor fi mereu tinere la inim\u0103.<\/p>","protected":false},"excerpt":{"rendered":"<p>Dimensiuni mari, finisaj bogat de piatr\u0103, forme neobi\u0219nuite &#8211; toate caracteristicile unui ceas de designer se reg\u0103sesc \u00een acest model. Dar o privire mai atent\u0103 dezv\u0103luie c\u00e2t de diferit creeaz\u0103 aceast\u0103 atmosfer\u0103 o fabric\u0103 elve\u021bian\u0103 fa\u021b\u0103 de o marc\u0103 de mod\u0103: pietrele sunt a\u0219ezate cu gust pe marginea sticlei \u0219i aproape imperceptibil pe cadran; decorul [&hellip;]<\/p>\n","protected":false},"featured_media":31153,"comment_status":"closed","ping_status":"open","template":"","meta":{"_acf_changed":false},"product_brand":[],"product_cat":[25,204],"product_tag":[595,691,692],"class_list":{"0":"post-31152","1":"product","2":"type-product","3":"status-publish","4":"has-post-thumbnail","6":"product_cat-ceasuri-dama","7":"product_cat-cover","8":"product_tag-cronograf","9":"product_tag-691","10":"product_tag-692","11":"pa_brand-cover","12":"pa_braslet-otel-inoxidabil","13":"pa_corpus-38-mm","14":"pa_decor-cristale-swarowski","15":"pa_forma-rotund","16":"pa_garatia-24-luni","17":"pa_korpus-argintiu","18":"pa_kvarc-quartz","19":"pa_material-otel-inoxidabil","20":"pa_mehanizm-quartz","21":"pa_remeshok-argintiu","22":"pa_steklo-cristal-safir","23":"pa_strana-elvetia","24":"pa_voda-5-atm","26":"first","27":"instock","28":"purchasable","29":"product-type-simple"},"acf":[],"_links":{"self":[{"href":"https:\/\/ceasuri.md\/ru\/wp-json\/wp\/v2\/product\/31152","targetHints":{"allow":["GET"]}}],"collection":[{"href":"https:\/\/ceasuri.md\/ru\/wp-json\/wp\/v2\/product"}],"about":[{"href":"https:\/\/ceasuri.md\/ru\/wp-json\/wp\/v2\/types\/product"}],"replies":[{"embeddable":true,"href":"https:\/\/ceasuri.md\/ru\/wp-json\/wp\/v2\/comments?post=31152"}],"wp:featuredmedia":[{"embeddable":true,"href":"https:\/\/ceasuri.md\/ru\/wp-json\/wp\/v2\/media\/31153"}],"wp:attachment":[{"href":"https:\/\/ceasuri.md\/ru\/wp-json\/wp\/v2\/media?parent=31152"}],"wp:term":[{"taxonomy":"product_brand","embeddable":true,"href":"https:\/\/ceasuri.md\/ru\/wp-json\/wp\/v2\/product_brand?post=31152"},{"taxonomy":"product_cat","embeddable":true,"href":"https:\/\/ceasuri.md\/ru\/wp-json\/wp\/v2\/product_cat?post=31152"},{"taxonomy":"product_tag","embeddable":true,"href":"https:\/\/ceasuri.md\/ru\/wp-json\/wp\/v2\/product_tag?post=31152"}],"curies":[{"name":"wp","href":"https:\/\/api.w.org\/{rel}","templated":true}]}}