{"id":31144,"date":"2026-04-02T20:10:38","date_gmt":"2026-04-02T17:10:38","guid":{"rendered":"http:\/\/new.ceasuri.md\/shop\/uncategorized\/cover-concerta-pearl-lady-co178-08\/"},"modified":"2026-04-20T00:16:10","modified_gmt":"2026-04-19T21:16:10","slug":"cover-concerta-pearl-lady-co178-08","status":"publish","type":"product","link":"https:\/\/ceasuri.md\/ru\/shop\/branduri\/cover\/cover-concerta-pearl-lady-co178-08\/","title":{"rendered":"\u0427\u0430\u0441\u044b COVER CONCERTA PEARL LADY CO178.08"},"content":{"rendered":"<p>Adev\u0103rata elegan\u021b\u0103 \u0219i c\u0103utarea neobi\u0219nuitului sunt tot ceea ce \u00eenseamn\u0103 acest fermec\u0103tor ceas pentru femei.<\/p>\n<p>Liniile clare, dar fluide, se \u00eempletesc armonios cu o not\u0103 de juc\u0103u\u0219ie pentru a crea compozi\u021bia perfect\u0103.<\/p>\n<p>Pietrele de cristal \u00eempodobesc elegant luneta, \u00een timp ce secundarul mic descentrat \u0219i coroana confer\u0103 Concerta un farmec unic.<\/p>\n<p>Crea\u021bia \u00eenc\u00e2nt\u0103toare str\u0103luce\u0219te datorit\u0103 unui cadran gra\u021bios cu indicatoare simple pentru ore pe n\u0103fram\u0103 str\u0103lucitoare, fiecare fiind \u00eenfrumuse\u021bat cu mici cristale str\u0103lucitoare.<\/p>\n<p>O br\u0103\u021bar\u0103 exclusivist\u0103 din o\u021bel inoxidabil completeaz\u0103 elegant designul feminin.<\/p>","protected":false},"excerpt":{"rendered":"<p>Adev\u0103rata elegan\u021b\u0103 \u0219i c\u0103utarea neobi\u0219nuitului sunt tot ceea ce \u00eenseamn\u0103 acest fermec\u0103tor ceas pentru femei. Liniile clare, dar fluide, se \u00eempletesc armonios cu o not\u0103 de juc\u0103u\u0219ie pentru a crea compozi\u021bia perfect\u0103. Pietrele de cristal \u00eempodobesc elegant luneta, \u00een timp ce secundarul mic descentrat \u0219i coroana confer\u0103 Concerta un farmec unic. Crea\u021bia \u00eenc\u00e2nt\u0103toare str\u0103luce\u0219te datorit\u0103 [&hellip;]<\/p>\n","protected":false},"featured_media":31145,"comment_status":"closed","ping_status":"open","template":"","meta":{"_acf_changed":false},"product_brand":[],"product_cat":[25,204],"product_tag":[595,691,692],"class_list":{"0":"post-31144","1":"product","2":"type-product","3":"status-publish","4":"has-post-thumbnail","6":"product_cat-ceasuri-dama","7":"product_cat-cover","8":"product_tag-cronograf","9":"product_tag-691","10":"product_tag-692","11":"pa_brand-cover","12":"pa_braslet-otel-inoxidabil","13":"pa_corpus-35-mm","14":"pa_decor-cristale-swarowski","15":"pa_forma-rotund","16":"pa_funcii-offset-second-hand","17":"pa_garatia-24-luni","18":"pa_korpus-auriu","19":"pa_kvarc-quartz","20":"pa_material-otel-inoxidabil","21":"pa_mehanizm-quartz","22":"pa_remeshok-auriu","23":"pa_steklo-cristal-safir","24":"pa_strana-elvetia","25":"pa_voda-3-atm","27":"first","28":"instock","29":"purchasable","30":"product-type-simple"},"acf":[],"_links":{"self":[{"href":"https:\/\/ceasuri.md\/ru\/wp-json\/wp\/v2\/product\/31144","targetHints":{"allow":["GET"]}}],"collection":[{"href":"https:\/\/ceasuri.md\/ru\/wp-json\/wp\/v2\/product"}],"about":[{"href":"https:\/\/ceasuri.md\/ru\/wp-json\/wp\/v2\/types\/product"}],"replies":[{"embeddable":true,"href":"https:\/\/ceasuri.md\/ru\/wp-json\/wp\/v2\/comments?post=31144"}],"wp:featuredmedia":[{"embeddable":true,"href":"https:\/\/ceasuri.md\/ru\/wp-json\/wp\/v2\/media\/31145"}],"wp:attachment":[{"href":"https:\/\/ceasuri.md\/ru\/wp-json\/wp\/v2\/media?parent=31144"}],"wp:term":[{"taxonomy":"product_brand","embeddable":true,"href":"https:\/\/ceasuri.md\/ru\/wp-json\/wp\/v2\/product_brand?post=31144"},{"taxonomy":"product_cat","embeddable":true,"href":"https:\/\/ceasuri.md\/ru\/wp-json\/wp\/v2\/product_cat?post=31144"},{"taxonomy":"product_tag","embeddable":true,"href":"https:\/\/ceasuri.md\/ru\/wp-json\/wp\/v2\/product_tag?post=31144"}],"curies":[{"name":"wp","href":"https:\/\/api.w.org\/{rel}","templated":true}]}}