{"id":31136,"date":"2026-04-02T20:10:38","date_gmt":"2026-04-02T17:10:38","guid":{"rendered":"http:\/\/new.ceasuri.md\/shop\/uncategorized\/cover-avea-co177-02\/"},"modified":"2026-04-17T13:19:55","modified_gmt":"2026-04-17T10:19:55","slug":"cover-avea-co177-02","status":"publish","type":"product","link":"https:\/\/ceasuri.md\/ru\/shop\/branduri\/cover\/cover-avea-co177-02\/","title":{"rendered":"Ceas COVER AVEA  CO177.02"},"content":{"rendered":"<p>Designul elegant al ceasului cu dantela sa de pietre str\u0103lucitoare va fi cel mai bun plus pentru noul dvs. look. M\u00e2na a doua este situat\u0103 pe un cadran separat.<\/p>\n<p>Ceasurile Cover \u00eendeplinesc toate standardele de calitate elve\u021biene.<\/p>\n<p>Aspectul ceasului Cover este foarte atractiv, elegant \u0219i original.<\/p>\n<p>Aceste ceasuri v\u0103 vor ajuta s\u0103 economisi\u021bi ceva bani, oferind \u00een acela\u0219i timp performa<\/p>\n<p>ele excelente ale unui ceas elve\u021bian autentic.<\/p>","protected":false},"excerpt":{"rendered":"<p>Designul elegant al ceasului cu dantela sa de pietre str\u0103lucitoare va fi cel mai bun plus pentru noul dvs. look. M\u00e2na a doua este situat\u0103 pe un cadran separat. Ceasurile Cover \u00eendeplinesc toate standardele de calitate elve\u021biene. Aspectul ceasului Cover este foarte atractiv, elegant \u0219i original. Aceste ceasuri v\u0103 vor ajuta s\u0103 economisi\u021bi ceva bani, [&hellip;]<\/p>\n","protected":false},"featured_media":31137,"comment_status":"closed","ping_status":"open","template":"","meta":{"_acf_changed":false},"product_brand":[],"product_cat":[25,204],"product_tag":[595,691,692],"class_list":{"0":"post-31136","1":"product","2":"type-product","3":"status-publish","4":"has-post-thumbnail","6":"product_cat-ceasuri-dama","7":"product_cat-cover","8":"product_tag-cronograf","9":"product_tag-691","10":"product_tag-692","11":"pa_brand-cover","12":"pa_braslet-piele","13":"pa_corpus-34-mm","14":"pa_decor-cristale-swarowski","15":"pa_forma-butoi","16":"pa_funcii-offset-second-hand","17":"pa_garatia-24-luni","18":"pa_korpus-argintiu","19":"pa_kvarc-quartz","20":"pa_material-otel-inoxidabil","21":"pa_mehanizm-quartz","22":"pa_remeshok-negru","23":"pa_steklo-cristal-safir","24":"pa_strana-elvetia","25":"pa_voda-5-atm","27":"first","28":"instock","29":"purchasable","30":"product-type-simple"},"acf":[],"_links":{"self":[{"href":"https:\/\/ceasuri.md\/ru\/wp-json\/wp\/v2\/product\/31136","targetHints":{"allow":["GET"]}}],"collection":[{"href":"https:\/\/ceasuri.md\/ru\/wp-json\/wp\/v2\/product"}],"about":[{"href":"https:\/\/ceasuri.md\/ru\/wp-json\/wp\/v2\/types\/product"}],"replies":[{"embeddable":true,"href":"https:\/\/ceasuri.md\/ru\/wp-json\/wp\/v2\/comments?post=31136"}],"wp:featuredmedia":[{"embeddable":true,"href":"https:\/\/ceasuri.md\/ru\/wp-json\/wp\/v2\/media\/31137"}],"wp:attachment":[{"href":"https:\/\/ceasuri.md\/ru\/wp-json\/wp\/v2\/media?parent=31136"}],"wp:term":[{"taxonomy":"product_brand","embeddable":true,"href":"https:\/\/ceasuri.md\/ru\/wp-json\/wp\/v2\/product_brand?post=31136"},{"taxonomy":"product_cat","embeddable":true,"href":"https:\/\/ceasuri.md\/ru\/wp-json\/wp\/v2\/product_cat?post=31136"},{"taxonomy":"product_tag","embeddable":true,"href":"https:\/\/ceasuri.md\/ru\/wp-json\/wp\/v2\/product_tag?post=31136"}],"curies":[{"name":"wp","href":"https:\/\/api.w.org\/{rel}","templated":true}]}}