{"id":31132,"date":"2026-04-02T20:10:38","date_gmt":"2026-04-02T17:10:38","guid":{"rendered":"http:\/\/new.ceasuri.md\/shop\/uncategorized\/cover-grandezza-co176-02\/"},"modified":"2026-04-17T13:19:55","modified_gmt":"2026-04-17T10:19:55","slug":"cover-grandezza-co176-02","status":"publish","type":"product","link":"https:\/\/ceasuri.md\/ru\/shop\/branduri\/cover\/cover-grandezza-co176-02\/","title":{"rendered":"Ceas COVER GRANDEZZA  CO176.02"},"content":{"rendered":"<p>Un cronograf, cu un design elegant, care v\u0103 va pune \u00een eviden\u021b\u0103 look-ul \u0219i va crea o imagine demn\u0103 de urmat. Ceas cronograf cu cronometru. Coroan\u0103 protejat\u0103.<\/p>\n<p>COVER este o garan\u021bie de \u00eenalt\u0103 calitate, sus\u021binut\u0103 de renumita marc\u0103 SWISS MADE, de renume mondial.<\/p>\n<p>Standardele \u00eenalte de calitate ale COVER sunt atinse prin utilizarea abilit\u0103\u021bilor tradi\u021bionale \u0219i a solu\u021biilor inovatoare ale unor ceasornicari elve\u021bieni experimenta\u021bi, precum \u0219i prin utilizarea celor mai moderne \u0219i unice instrumente \u00een fabricarea tuturor modelelor COVER, asigur\u00e2nd cea mai mare precizie \u00een orologerie.<\/p>","protected":false},"excerpt":{"rendered":"<p>Un cronograf, cu un design elegant, care v\u0103 va pune \u00een eviden\u021b\u0103 look-ul \u0219i va crea o imagine demn\u0103 de urmat. Ceas cronograf cu cronometru. Coroan\u0103 protejat\u0103. COVER este o garan\u021bie de \u00eenalt\u0103 calitate, sus\u021binut\u0103 de renumita marc\u0103 SWISS MADE, de renume mondial. Standardele \u00eenalte de calitate ale COVER sunt atinse prin utilizarea abilit\u0103\u021bilor tradi\u021bionale [&hellip;]<\/p>\n","protected":false},"featured_media":31133,"comment_status":"closed","ping_status":"open","template":"","meta":{"_acf_changed":false},"product_brand":[],"product_cat":[25,204],"product_tag":[595,691,692],"class_list":{"0":"post-31132","1":"product","2":"type-product","3":"status-publish","4":"has-post-thumbnail","6":"product_cat-ceasuri-dama","7":"product_cat-cover","8":"product_tag-cronograf","9":"product_tag-691","10":"product_tag-692","11":"pa_brand-cover","12":"pa_braslet-piele","13":"pa_corpus-38-mm","14":"pa_decor-cristale-swarowski","15":"pa_forma-butoi","16":"pa_funcii-cronograf","17":"pa_funcii-data","18":"pa_garatia-24-luni","19":"pa_korpus-argintiu","20":"pa_kvarc-quartz","21":"pa_material-otel-inoxidabil","22":"pa_mehanizm-quartz","23":"pa_remeshok-alb","24":"pa_steklo-cristal-safir","25":"pa_strana-elvetia","26":"pa_voda-5-atm","28":"first","29":"instock","30":"purchasable","31":"product-type-simple"},"acf":[],"_links":{"self":[{"href":"https:\/\/ceasuri.md\/ru\/wp-json\/wp\/v2\/product\/31132","targetHints":{"allow":["GET"]}}],"collection":[{"href":"https:\/\/ceasuri.md\/ru\/wp-json\/wp\/v2\/product"}],"about":[{"href":"https:\/\/ceasuri.md\/ru\/wp-json\/wp\/v2\/types\/product"}],"replies":[{"embeddable":true,"href":"https:\/\/ceasuri.md\/ru\/wp-json\/wp\/v2\/comments?post=31132"}],"wp:featuredmedia":[{"embeddable":true,"href":"https:\/\/ceasuri.md\/ru\/wp-json\/wp\/v2\/media\/31133"}],"wp:attachment":[{"href":"https:\/\/ceasuri.md\/ru\/wp-json\/wp\/v2\/media?parent=31132"}],"wp:term":[{"taxonomy":"product_brand","embeddable":true,"href":"https:\/\/ceasuri.md\/ru\/wp-json\/wp\/v2\/product_brand?post=31132"},{"taxonomy":"product_cat","embeddable":true,"href":"https:\/\/ceasuri.md\/ru\/wp-json\/wp\/v2\/product_cat?post=31132"},{"taxonomy":"product_tag","embeddable":true,"href":"https:\/\/ceasuri.md\/ru\/wp-json\/wp\/v2\/product_tag?post=31132"}],"curies":[{"name":"wp","href":"https:\/\/api.w.org\/{rel}","templated":true}]}}