{"id":31119,"date":"2026-04-02T20:10:18","date_gmt":"2026-04-02T17:10:18","guid":{"rendered":"http:\/\/new.ceasuri.md\/shop\/uncategorized\/cover-nobila-lady-co174-07\/"},"modified":"2026-04-20T00:16:04","modified_gmt":"2026-04-19T21:16:04","slug":"cover-nobila-lady-co174-07","status":"publish","type":"product","link":"https:\/\/ceasuri.md\/ru\/shop\/branduri\/cover\/cover-nobila-lady-co174-07\/","title":{"rendered":"\u0427\u0430\u0441\u044b COVER NOBILA LADY CO174.07"},"content":{"rendered":"<p>Conceput cu gust \u0219i \u0219ic, Nobila impresioneaz\u0103 prin elegan\u021ba sa discret\u0103, designul sub\u021bire al carcasei \u0219i purismul clasic.<\/p>\n<p>O spectaculoas\u0103 secundar\u0103 mic\u0103 la ora 6 completeaz\u0103 liniile curate ale carcasei, ale indicatoarelor orare \u0219i ale m\u00e2inilor.<\/p>\n<p>Cu un inel sub\u021bire de pietre de cristal pe luneta care atrage privirea feminin\u0103, ceasul se m\u00e2ndre\u0219te cu o elegan\u021b\u0103 inerent\u0103.<\/p>","protected":false},"excerpt":{"rendered":"<p>Conceput cu gust \u0219i \u0219ic, Nobila impresioneaz\u0103 prin elegan\u021ba sa discret\u0103, designul sub\u021bire al carcasei \u0219i purismul clasic. O spectaculoas\u0103 secundar\u0103 mic\u0103 la ora 6 completeaz\u0103 liniile curate ale carcasei, ale indicatoarelor orare \u0219i ale m\u00e2inilor. Cu un inel sub\u021bire de pietre de cristal pe luneta care atrage privirea feminin\u0103, ceasul se m\u00e2ndre\u0219te cu o [&hellip;]<\/p>\n","protected":false},"featured_media":31120,"comment_status":"closed","ping_status":"open","template":"","meta":{"_acf_changed":false},"product_brand":[],"product_cat":[25,204],"product_tag":[595,691,692],"class_list":{"0":"post-31119","1":"product","2":"type-product","3":"status-publish","4":"has-post-thumbnail","6":"product_cat-ceasuri-dama","7":"product_cat-cover","8":"product_tag-cronograf","9":"product_tag-691","10":"product_tag-692","11":"pa_brand-cover","12":"pa_braslet-piele","13":"pa_corpus-32-mm","14":"pa_decor-cristale-swarowski","15":"pa_forma-rotund","16":"pa_funcii-offset-second-hand","17":"pa_garatia-24-luni","18":"pa_korpus-argintiu","19":"pa_kvarc-quartz","20":"pa_material-otel-inoxidabil","21":"pa_mehanizm-quartz","22":"pa_remeshok-alb","23":"pa_steklo-cristal-safir","24":"pa_strana-elvetia","25":"pa_voda-5-atm","27":"first","28":"instock","29":"purchasable","30":"product-type-simple"},"acf":[],"_links":{"self":[{"href":"https:\/\/ceasuri.md\/ru\/wp-json\/wp\/v2\/product\/31119","targetHints":{"allow":["GET"]}}],"collection":[{"href":"https:\/\/ceasuri.md\/ru\/wp-json\/wp\/v2\/product"}],"about":[{"href":"https:\/\/ceasuri.md\/ru\/wp-json\/wp\/v2\/types\/product"}],"replies":[{"embeddable":true,"href":"https:\/\/ceasuri.md\/ru\/wp-json\/wp\/v2\/comments?post=31119"}],"wp:featuredmedia":[{"embeddable":true,"href":"https:\/\/ceasuri.md\/ru\/wp-json\/wp\/v2\/media\/31120"}],"wp:attachment":[{"href":"https:\/\/ceasuri.md\/ru\/wp-json\/wp\/v2\/media?parent=31119"}],"wp:term":[{"taxonomy":"product_brand","embeddable":true,"href":"https:\/\/ceasuri.md\/ru\/wp-json\/wp\/v2\/product_brand?post=31119"},{"taxonomy":"product_cat","embeddable":true,"href":"https:\/\/ceasuri.md\/ru\/wp-json\/wp\/v2\/product_cat?post=31119"},{"taxonomy":"product_tag","embeddable":true,"href":"https:\/\/ceasuri.md\/ru\/wp-json\/wp\/v2\/product_tag?post=31119"}],"curies":[{"name":"wp","href":"https:\/\/api.w.org\/{rel}","templated":true}]}}